{"id":57,"date":"2018-01-25T19:49:59","date_gmt":"2018-01-25T19:49:59","guid":{"rendered":"https:\/\/ospkocic.edu.rs\/?page_id=57"},"modified":"2026-04-01T09:14:08","modified_gmt":"2026-04-01T08:14:08","slug":"%d0%b4%d0%be%d0%ba%d1%83%d0%bc%d0%b5%d0%bd%d1%82%d0%b0","status":"publish","type":"page","link":"https:\/\/ospkocic.edu.rs\/?page_id=57","title":{"rendered":"\u0414\u043e\u043a\u0443\u043c\u0435\u043d\u0442\u0430"},"content":{"rendered":"\n<div class=\"wp-block-file\"><a id=\"wp-block-file--media-f3c38199-74a6-48a5-b725-ce7c0c1c4af4\" href=\"https:\/\/ospkocic.edu.rs\/wp-content\/uploads\/2024\/12\/\u0421\u0422\u0410\u0422\u0423\u0422.pdf\" target=\"_blank\" rel=\"noreferrer noopener\">\u0421\u0422\u0410\u0422\u0423\u0422<\/a><a href=\"https:\/\/ospkocic.edu.rs\/wp-content\/uploads\/2024\/12\/\u0421\u0422\u0410\u0422\u0423\u0422.pdf\" class=\"wp-block-file__button wp-element-button\" download aria-describedby=\"wp-block-file--media-f3c38199-74a6-48a5-b725-ce7c0c1c4af4\">Download<\/a><\/div>\n\n\n\n<div class=\"wp-block-file\"><a id=\"wp-block-file--media-e261e8c4-eac6-4510-810d-383b2c5f9c40\" href=\"https:\/\/ospkocic.edu.rs\/wp-content\/uploads\/2024\/12\/Skolski-program-2022-2026.pdf\" target=\"_blank\" rel=\"noreferrer noopener\">\u0428\u043a\u043e\u043b\u0441\u043a\u0438 \u043f\u0440\u043e\u0433\u0440\u0430\u043c 2022-2026<\/a><a href=\"https:\/\/ospkocic.edu.rs\/wp-content\/uploads\/2024\/12\/Skolski-program-2022-2026.pdf\" class=\"wp-block-file__button wp-element-button\" download aria-describedby=\"wp-block-file--media-e261e8c4-eac6-4510-810d-383b2c5f9c40\">Download<\/a><\/div>\n\n\n\n<div class=\"wp-block-file\"><a id=\"wp-block-file--media-03d33739-485f-4a70-a5e7-1adab4a29447\" href=\"https:\/\/ospkocic.edu.rs\/wp-content\/uploads\/2024\/02\/\u041f\u0420\u0410\u0412\u0418\u041b\u041d\u0418\u041a-\u043e-\u043e\u0446\u0435\u045a\u0438\u0432\u0430\u045a\u0443-\u0443\u0447\u0435\u043d\u0438\u043a\u0430-\u0443-\u043e\u0441\u043d\u043e\u0432\u043d\u043e\u043c-\u043e\u0431\u0440\u0430\u0437\u043e\u0432\u0430\u045a\u0443-\u0438-\u0432\u0430\u0441\u043f\u0438\u0442\u0430\u045a\u0443.pdf\" target=\"_blank\" rel=\"noreferrer noopener\">\u041f\u0420\u0410\u0412\u0418\u041b\u041d\u0418\u041a-\u043e-\u043e\u0446\u0435\u045a\u0438\u0432\u0430\u045a\u0443-\u0443\u0447\u0435\u043d\u0438\u043a\u0430-\u0443-\u043e\u0441\u043d\u043e\u0432\u043d\u043e\u043c-\u043e\u0431\u0440\u0430\u0437\u043e\u0432\u0430\u045a\u0443-\u0438-\u0432\u0430\u0441\u043f\u0438\u0442\u0430\u045a\u0443<\/a><a href=\"https:\/\/ospkocic.edu.rs\/wp-content\/uploads\/2024\/02\/\u041f\u0420\u0410\u0412\u0418\u041b\u041d\u0418\u041a-\u043e-\u043e\u0446\u0435\u045a\u0438\u0432\u0430\u045a\u0443-\u0443\u0447\u0435\u043d\u0438\u043a\u0430-\u0443-\u043e\u0441\u043d\u043e\u0432\u043d\u043e\u043c-\u043e\u0431\u0440\u0430\u0437\u043e\u0432\u0430\u045a\u0443-\u0438-\u0432\u0430\u0441\u043f\u0438\u0442\u0430\u045a\u0443.pdf\" class=\"wp-block-file__button wp-element-button\" download aria-describedby=\"wp-block-file--media-03d33739-485f-4a70-a5e7-1adab4a29447\">Download<\/a><\/div>\n\n\n\n<div class=\"wp-block-file\"><a id=\"wp-block-file--media-46e6be64-dff4-4ed1-8d04-1f389aeb35af\" href=\"https:\/\/ospkocic.edu.rs\/wp-content\/uploads\/2026\/01\/\u041f\u0420\u0410\u0412\u0418\u041b\u041d\u0418\u041a-\u043e-\u0432\u0430\u0441\u043f\u0438\u0442\u043d\u043e-\u0434\u0438\u0441\u0446\u0438\u043f\u043b\u0438\u043d\u0441\u043a\u043e\u0458-\u043e\u0434\u043e\u0432\u043e\u0440\u043do\u0441\u0442\u0438-\u0443\u0447\u0435\u043d\u0438\u043a\u0430.pdf\">\u041f\u0420\u0410\u0412\u0418\u041b\u041d\u0418\u041a \u043e \u0432\u0430\u0441\u043f\u0438\u0442\u043d\u043e \u0434\u0438\u0441\u0446\u0438\u043f\u043b\u0438\u043d\u0441\u043a\u043e\u0458 \u043e\u0434\u043e\u0432\u043e\u0440\u043do\u0441\u0442\u0438 \u0443\u0447\u0435\u043d\u0438\u043a\u0430<\/a><a href=\"https:\/\/ospkocic.edu.rs\/wp-content\/uploads\/2026\/01\/\u041f\u0420\u0410\u0412\u0418\u041b\u041d\u0418\u041a-\u043e-\u0432\u0430\u0441\u043f\u0438\u0442\u043d\u043e-\u0434\u0438\u0441\u0446\u0438\u043f\u043b\u0438\u043d\u0441\u043a\u043e\u0458-\u043e\u0434\u043e\u0432\u043e\u0440\u043do\u0441\u0442\u0438-\u0443\u0447\u0435\u043d\u0438\u043a\u0430.pdf\" class=\"wp-block-file__button wp-element-button\" download aria-describedby=\"wp-block-file--media-46e6be64-dff4-4ed1-8d04-1f389aeb35af\">Download<\/a><\/div>\n\n\n\n<div class=\"wp-block-file\"><a id=\"wp-block-file--media-258436c7-a337-4746-b209-4c3d093c5469\" href=\"https:\/\/ospkocic.edu.rs\/wp-content\/uploads\/2024\/12\/\u041f\u0420\u0410\u0412\u0418\u041b\u041d\u0418\u041a-\u0432\u0438\u0434\u0435\u043e-\u043d\u0430\u0434\u0437\u043e\u0440.pdf\" target=\"_blank\" rel=\"noreferrer noopener\">\u041f\u0420\u0410\u0412\u0418\u041b\u041d\u0418\u041a-\u0432\u0438\u0434\u0435\u043e-\u043d\u0430\u0434\u0437\u043e\u0440<\/a><a href=\"https:\/\/ospkocic.edu.rs\/wp-content\/uploads\/2024\/12\/\u041f\u0420\u0410\u0412\u0418\u041b\u041d\u0418\u041a-\u0432\u0438\u0434\u0435\u043e-\u043d\u0430\u0434\u0437\u043e\u0440.pdf\" class=\"wp-block-file__button wp-element-button\" download aria-describedby=\"wp-block-file--media-258436c7-a337-4746-b209-4c3d093c5469\">Download<\/a><\/div>\n\n\n\n<div class=\"wp-block-file\"><a id=\"wp-block-file--media-a18185fa-e8af-4210-a0e9-fa639da51b0e\" href=\"https:\/\/ospkocic.edu.rs\/wp-content\/uploads\/2026\/03\/\u041f\u0420\u0410\u0412\u0418\u041b\u041d\u0418\u041a-\u043e-\u0443\u043f\u043e\u0442\u0440\u0435\u0431\u0438-\u043c\u043e\u0431\u0438\u043b\u043d\u043e\u0433-\u0442\u0435\u043b\u0435\u0444\u043e\u043d\u0430-\u0435\u043b\u0435\u043a\u0442\u0440\u043e\u043d\u0441\u043a\u043e\u0433-\u0443\u0440\u0435\u0452\u0430\u0458\u0430-\u0438-\u0434\u0440\u0443\u0433\u043e\u0433-\u0441\u0440\u0435\u0434\u0441\u0442\u0432\u0430-\u0443-\u0448\u043a\u043e\u043b\u0438.pdf\">\u041f\u0420\u0410\u0412\u0418\u041b\u041d\u0418\u041a \u043e \u0443\u043f\u043e\u0442\u0440\u0435\u0431\u0438 \u043c\u043e\u0431\u0438\u043b\u043d\u043e\u0433 \u0442\u0435\u043b\u0435\u0444\u043e\u043d\u0430, \u0435\u043b\u0435\u043a\u0442\u0440\u043e\u043d\u0441\u043a\u043e\u0433 \u0443\u0440\u0435\u0452\u0430\u0458\u0430 \u0438 \u0434\u0440\u0443\u0433\u043e\u0433 \u0441\u0440\u0435\u0434\u0441\u0442\u0432\u0430 \u0443 \u0448\u043a\u043e\u043b\u0438<\/a><a href=\"https:\/\/ospkocic.edu.rs\/wp-content\/uploads\/2026\/03\/\u041f\u0420\u0410\u0412\u0418\u041b\u041d\u0418\u041a-\u043e-\u0443\u043f\u043e\u0442\u0440\u0435\u0431\u0438-\u043c\u043e\u0431\u0438\u043b\u043d\u043e\u0433-\u0442\u0435\u043b\u0435\u0444\u043e\u043d\u0430-\u0435\u043b\u0435\u043a\u0442\u0440\u043e\u043d\u0441\u043a\u043e\u0433-\u0443\u0440\u0435\u0452\u0430\u0458\u0430-\u0438-\u0434\u0440\u0443\u0433\u043e\u0433-\u0441\u0440\u0435\u0434\u0441\u0442\u0432\u0430-\u0443-\u0448\u043a\u043e\u043b\u0438.pdf\" class=\"wp-block-file__button wp-element-button\" download aria-describedby=\"wp-block-file--media-a18185fa-e8af-4210-a0e9-fa639da51b0e\">Download<\/a><\/div>\n\n\n\n<div class=\"wp-block-file\"><a id=\"wp-block-file--media-16d6d460-321d-4726-b302-b27e3c095a7d\" href=\"https:\/\/ospkocic.edu.rs\/wp-content\/uploads\/2026\/03\/\u041f\u0420\u0410\u0412\u0418\u041b\u041d\u0418\u041a-\u043e-\u043e\u0440\u0433\u0430\u043d\u0438\u0437\u0430\u0446\u0438\u0458\u0438-\u0438-\u0441\u0438\u0441\u0442\u0435\u043c\u0430\u0442\u0438\u0437\u0430\u0446\u0438\u0458\u0438-\u043f\u043e\u0441\u043b\u043e\u0432\u0430-\u041e\u0428\u041f.\u041a\u043e\u0447\u0438\u045b-\u0418\u043d\u0452\u0438\u0458\u0430.pdf\">\u041f\u0420\u0410\u0412\u0418\u041b\u041d\u0418\u041a \u043e \u043e\u0440\u0433\u0430\u043d\u0438\u0437\u0430\u0446\u0438\u0458\u0438 \u0438 \u0441\u0438\u0441\u0442\u0435\u043c\u0430\u0442\u0438\u0437\u0430\u0446\u0438\u0458\u0438 \u043f\u043e\u0441\u043b\u043e\u0432\u0430 \u041e\u0428\u041f.\u041a\u043e\u0447\u0438\u045b \u0418\u043d\u0452\u0438\u0458\u0430<\/a><a href=\"https:\/\/ospkocic.edu.rs\/wp-content\/uploads\/2026\/03\/\u041f\u0420\u0410\u0412\u0418\u041b\u041d\u0418\u041a-\u043e-\u043e\u0440\u0433\u0430\u043d\u0438\u0437\u0430\u0446\u0438\u0458\u0438-\u0438-\u0441\u0438\u0441\u0442\u0435\u043c\u0430\u0442\u0438\u0437\u0430\u0446\u0438\u0458\u0438-\u043f\u043e\u0441\u043b\u043e\u0432\u0430-\u041e\u0428\u041f.\u041a\u043e\u0447\u0438\u045b-\u0418\u043d\u0452\u0438\u0458\u0430.pdf\" class=\"wp-block-file__button wp-element-button\" download aria-describedby=\"wp-block-file--media-16d6d460-321d-4726-b302-b27e3c095a7d\">Download<\/a><\/div>\n\n\n\n<div class=\"wp-block-file\"><a id=\"wp-block-file--media-fa702665-d9dd-4669-8fad-cfa91f25dece\" href=\"https:\/\/ospkocic.edu.rs\/wp-content\/uploads\/2024\/12\/\u041f\u0420\u0410\u0412\u0418\u041b\u041d\u0418\u041a-\u0437\u0430\u0448\u0442\u0438\u0442\u0430-\u043f\u043e\u0434\u0430\u0442\u0430\u043a\u0430-\u043e-\u043b\u0438\u0447\u043d\u043e\u0441\u0442\u0438.pdf\" target=\"_blank\" rel=\"noreferrer noopener\">\u041f\u0420\u0410\u0412\u0418\u041b\u041d\u0418\u041a-\u0437\u0430\u0448\u0442\u0438\u0442\u0430-\u043f\u043e\u0434\u0430\u0442\u0430\u043a\u0430-\u043e-\u043b\u0438\u0447\u043d\u043e\u0441\u0442\u0438<\/a><a href=\"https:\/\/ospkocic.edu.rs\/wp-content\/uploads\/2024\/12\/\u041f\u0420\u0410\u0412\u0418\u041b\u041d\u0418\u041a-\u0437\u0430\u0448\u0442\u0438\u0442\u0430-\u043f\u043e\u0434\u0430\u0442\u0430\u043a\u0430-\u043e-\u043b\u0438\u0447\u043d\u043e\u0441\u0442\u0438.pdf\" class=\"wp-block-file__button wp-element-button\" download aria-describedby=\"wp-block-file--media-fa702665-d9dd-4669-8fad-cfa91f25dece\">Download<\/a><\/div>\n\n\n\n<div class=\"wp-block-file\"><a id=\"wp-block-file--media-d36e2c9a-5016-4354-b559-bea5e6c49e29\" href=\"https:\/\/ospkocic.edu.rs\/wp-content\/uploads\/2024\/12\/\u041f\u0420\u0410\u0412\u0418\u041b\u041d\u0418\u041a-\u043e-\u0434\u043e\u043d\u0430\u0446\u0438\u0458\u0430\u043c\u0430.pdf\" target=\"_blank\" rel=\"noreferrer noopener\">\u041f\u0420\u0410\u0412\u0418\u041b\u041d\u0418\u041a-\u043e-\u0434\u043e\u043d\u0430\u0446\u0438\u0458\u0430\u043c\u0430<\/a><a href=\"https:\/\/ospkocic.edu.rs\/wp-content\/uploads\/2024\/12\/\u041f\u0420\u0410\u0412\u0418\u041b\u041d\u0418\u041a-\u043e-\u0434\u043e\u043d\u0430\u0446\u0438\u0458\u0430\u043c\u0430.pdf\" class=\"wp-block-file__button wp-element-button\" download aria-describedby=\"wp-block-file--media-d36e2c9a-5016-4354-b559-bea5e6c49e29\">Download<\/a><\/div>\n\n\n\n<div class=\"wp-block-file\"><a id=\"wp-block-file--media-f2c87a27-ead5-413d-8ad4-4d44be782793\" href=\"https:\/\/ospkocic.edu.rs\/wp-content\/uploads\/2025\/09\/IZVESTAJ-O-RADU-SKOLE-2024-2025.pdf\">IZVE\u0160TAJ O RADU \u0160KOLE 2024-2025<\/a><a href=\"https:\/\/ospkocic.edu.rs\/wp-content\/uploads\/2025\/09\/IZVESTAJ-O-RADU-SKOLE-2024-2025.pdf\" class=\"wp-block-file__button wp-element-button\" download aria-describedby=\"wp-block-file--media-f2c87a27-ead5-413d-8ad4-4d44be782793\">Download<\/a><\/div>\n\n\n\n<div class=\"wp-block-file\"><a id=\"wp-block-file--media-aedd6731-9f2d-43f6-832e-55a045a84aa6\" href=\"https:\/\/ospkocic.edu.rs\/wp-content\/uploads\/2026\/02\/Izvestaj-o-radu-direktora-2025-26.-1.-deo.pdf\">Izvestaj o radu direktora &#8211; 2025-26. &#8211; 1. deo<\/a><a href=\"https:\/\/ospkocic.edu.rs\/wp-content\/uploads\/2026\/02\/Izvestaj-o-radu-direktora-2025-26.-1.-deo.pdf\" class=\"wp-block-file__button wp-element-button\" download aria-describedby=\"wp-block-file--media-aedd6731-9f2d-43f6-832e-55a045a84aa6\">Download<\/a><\/div>\n\n\n\n<div class=\"wp-block-file\"><a id=\"wp-block-file--media-c4347626-fcc5-42bb-9735-b6e18db9b14f\" href=\"https:\/\/ospkocic.edu.rs\/wp-content\/uploads\/2025\/09\/GPR-2025-2026.pdf\">GPR 2025-2026<\/a><a href=\"https:\/\/ospkocic.edu.rs\/wp-content\/uploads\/2025\/09\/GPR-2025-2026.pdf\" class=\"wp-block-file__button wp-element-button\" download aria-describedby=\"wp-block-file--media-c4347626-fcc5-42bb-9735-b6e18db9b14f\">Download<\/a><\/div>\n\n\n\n<div class=\"wp-block-file\"><a id=\"wp-block-file--media-12819ec7-e222-4771-a731-23f732edd12b\" href=\"https:\/\/ospkocic.edu.rs\/wp-content\/uploads\/2025\/09\/Plan-SU-2025-26.pdf\">Plan SU 2025-26.<\/a><a href=\"https:\/\/ospkocic.edu.rs\/wp-content\/uploads\/2025\/09\/Plan-SU-2025-26.pdf\" class=\"wp-block-file__button wp-element-button\" download aria-describedby=\"wp-block-file--media-12819ec7-e222-4771-a731-23f732edd12b\">Download<\/a><\/div>\n\n\n\n\n\n<div class=\"wp-block-file\"><a id=\"wp-block-file--media-c91c7a1a-9a8d-4147-aacb-d31b73399ac4\" href=\"https:\/\/ospkocic.edu.rs\/wp-content\/uploads\/2026\/04\/\u041f\u0440\u0430\u0432\u0438\u043b\u043d\u0438\u043a-\u043e-\u0431\u043b\u0430\u0433\u0430\u0458\u043d\u0438\u0447\u043a\u043e\u043c-\u043f\u043e\u0441\u043b\u043e\u0432\u0430\u045a\u0443.pdf\">\u041f\u0440\u0430\u0432\u0438\u043b\u043d\u0438\u043a \u043e \u0431\u043b\u0430\u0433\u0430\u0458\u043d\u0438\u0447\u043a\u043e\u043c \u043f\u043e\u0441\u043b\u043e\u0432\u0430\u045a\u0443<\/a><a href=\"https:\/\/ospkocic.edu.rs\/wp-content\/uploads\/2026\/04\/\u041f\u0440\u0430\u0432\u0438\u043b\u043d\u0438\u043a-\u043e-\u0431\u043b\u0430\u0433\u0430\u0458\u043d\u0438\u0447\u043a\u043e\u043c-\u043f\u043e\u0441\u043b\u043e\u0432\u0430\u045a\u0443.pdf\" class=\"wp-block-file__button wp-element-button\" download aria-describedby=\"wp-block-file--media-c91c7a1a-9a8d-4147-aacb-d31b73399ac4\">Download<\/a><\/div>\n\n\n\n<div class=\"wp-block-file\"><a id=\"wp-block-file--media-3055f670-a31f-4d36-9e87-d1771a242d84\" href=\"https:\/\/ospkocic.edu.rs\/wp-content\/uploads\/2026\/04\/\u041f\u0440\u0430\u0432\u0438\u043b\u043d\u0438\u043a-\u043e-\u0442\u0440\u043e\u0448\u043a\u043e\u0432\u0438\u043c\u0430-\u0440\u0435\u043f\u0440\u0435\u0437\u0435\u043d\u0442\u0430\u0446\u0438\u0458\u0435-1.pdf\">\u041f\u0440\u0430\u0432\u0438\u043b\u043d\u0438\u043a \u043e \u0442\u0440\u043e\u0448\u043a\u043e\u0432\u0438\u043c\u0430 \u0440\u0435\u043f\u0440\u0435\u0437\u0435\u043d\u0442\u0430\u0446\u0438\u0458\u0435 <\/a><a href=\"https:\/\/ospkocic.edu.rs\/wp-content\/uploads\/2026\/04\/\u041f\u0440\u0430\u0432\u0438\u043b\u043d\u0438\u043a-\u043e-\u0442\u0440\u043e\u0448\u043a\u043e\u0432\u0438\u043c\u0430-\u0440\u0435\u043f\u0440\u0435\u0437\u0435\u043d\u0442\u0430\u0446\u0438\u0458\u0435-1.pdf\" class=\"wp-block-file__button wp-element-button\" download aria-describedby=\"wp-block-file--media-3055f670-a31f-4d36-9e87-d1771a242d84\">Download<\/a><\/div>\n\n\n\n<div class=\"wp-block-file\"><a id=\"wp-block-file--media-3318dbbc-ef9e-47fa-a9f1-87d4f98a8d4f\" href=\"https:\/\/ospkocic.edu.rs\/wp-content\/uploads\/2026\/04\/\u041f\u0440\u0430\u0432\u0438\u043b\u043d\u0438\u043a-\u043e-\u043e\u0440\u0433\u0430\u043d\u0438\u0437\u0430\u0446\u0438\u0458\u0438-\u0431\u0443\u045f\u0435\u0442\u0441\u043a\u043e\u0433-\u0440\u0430\u0447\u0443\u043d\u043e\u0432\u043e\u0434\u0441\u0442\u0432\u0430-1-1.pdf\">\u041f\u0440\u0430\u0432\u0438\u043b\u043d\u0438\u043a \u043e \u043e\u0440\u0433\u0430\u043d\u0438\u0437\u0430\u0446\u0438\u0458\u0438 \u0431\u0443\u045f\u0435\u0442\u0441\u043a\u043e\u0433 \u0440\u0430\u0447\u0443\u043d\u043e\u0432\u043e\u0434\u0441\u0442\u0432\u0430<\/a><a href=\"https:\/\/ospkocic.edu.rs\/wp-content\/uploads\/2026\/04\/\u041f\u0440\u0430\u0432\u0438\u043b\u043d\u0438\u043a-\u043e-\u043e\u0440\u0433\u0430\u043d\u0438\u0437\u0430\u0446\u0438\u0458\u0438-\u0431\u0443\u045f\u0435\u0442\u0441\u043a\u043e\u0433-\u0440\u0430\u0447\u0443\u043d\u043e\u0432\u043e\u0434\u0441\u0442\u0432\u0430-1-1.pdf\" class=\"wp-block-file__button wp-element-button\" download aria-describedby=\"wp-block-file--media-3318dbbc-ef9e-47fa-a9f1-87d4f98a8d4f\">Download<\/a><\/div>\n\n\n\n<div class=\"wp-block-file\"><a id=\"wp-block-file--media-26d19537-4a88-44d6-9ba9-fe5d51b921b9\" href=\"https:\/\/ospkocic.edu.rs\/wp-content\/uploads\/2026\/04\/\u041f\u0440\u0430\u0432\u0438\u043b\u043d\u0438\u043a-\u043e\u0441\u043b\u0443\u0436\u0431\u0435\u043d\u0438\u043c-\u043f\u0443\u0442\u043e\u0432\u0430\u045a\u0438\u043c\u0430-1.pdf\">\u041f\u0440\u0430\u0432\u0438\u043b\u043d\u0438\u043a \u043e \u0441\u043b\u0443\u0436\u0431\u0435\u043d\u0438\u043c \u043f\u0443\u0442\u043e\u0432\u0430\u045a\u0438\u043c\u0430<\/a><a href=\"https:\/\/ospkocic.edu.rs\/wp-content\/uploads\/2026\/04\/\u041f\u0440\u0430\u0432\u0438\u043b\u043d\u0438\u043a-\u043e\u0441\u043b\u0443\u0436\u0431\u0435\u043d\u0438\u043c-\u043f\u0443\u0442\u043e\u0432\u0430\u045a\u0438\u043c\u0430-1.pdf\" class=\"wp-block-file__button wp-element-button\" download aria-describedby=\"wp-block-file--media-26d19537-4a88-44d6-9ba9-fe5d51b921b9\">Download<\/a><\/div>\n","protected":false},"excerpt":{"rendered":"","protected":false},"author":1,"featured_media":0,"parent":0,"menu_order":0,"comment_status":"closed","ping_status":"closed","template":"","meta":{"footnotes":"","beyondwords_generate_audio":"","beyondwords_integration_method":"","beyondwords_project_id":"","beyondwords_content_id":"","beyondwords_preview_token":"","beyondwords_player_content":"","beyondwords_player_style":"","beyondwords_language_code":"","beyondwords_language_id":"","beyondwords_title_voice_id":"","beyondwords_body_voice_id":"","beyondwords_summary_voice_id":"","beyondwords_error_message":"Unable to delete audio from BeyondWords dashboard","beyondwords_disabled":"","beyondwords_delete_content":"","beyondwords_podcast_id":"","beyondwords_hash":"","publish_post_to_speechkit":"","speechkit_hash":"","speechkit_generate_audio":"","speechkit_project_id":"","speechkit_podcast_id":"","speechkit_error_message":"","speechkit_disabled":"","speechkit_access_key":"","speechkit_error":"","speechkit_info":"","speechkit_response":"","speechkit_retries":"","speechkit_status":"","speechkit_updated_at":"","_speechkit_link":"","_speechkit_text":""},"class_list":["post-57","page","type-page","status-publish","hentry"],"yoast_head":"<!-- This site is optimized with the Yoast SEO plugin v27.4 - https:\/\/yoast.com\/product\/yoast-seo-wordpress\/ -->\n<title>\u0414\u043e\u043a\u0443\u043c\u0435\u043d\u0442\u0430 - \u041e\u0428 ,,\u041f\u0435\u0442\u0430\u0440 \u041a\u043e\u0447\u0438\u045b&quot;, \u0418\u043d\u0452\u0438\u0458\u0430<\/title>\n<meta name=\"robots\" content=\"index, follow, max-snippet:-1, max-image-preview:large, max-video-preview:-1\" \/>\n<link rel=\"canonical\" href=\"https:\/\/ospkocic.edu.rs\/?page_id=57\" \/>\n<meta property=\"og:locale\" content=\"en_US\" \/>\n<meta property=\"og:type\" content=\"article\" \/>\n<meta property=\"og:title\" content=\"\u0414\u043e\u043a\u0443\u043c\u0435\u043d\u0442\u0430 - \u041e\u0428 ,,\u041f\u0435\u0442\u0430\u0440 \u041a\u043e\u0447\u0438\u045b&quot;, \u0418\u043d\u0452\u0438\u0458\u0430\" \/>\n<meta property=\"og:url\" content=\"https:\/\/ospkocic.edu.rs\/?page_id=57\" \/>\n<meta property=\"og:site_name\" content=\"\u041e\u0428 ,,\u041f\u0435\u0442\u0430\u0440 \u041a\u043e\u0447\u0438\u045b&quot;, \u0418\u043d\u0452\u0438\u0458\u0430\" \/>\n<meta property=\"article:publisher\" content=\"https:\/\/www.facebook.com\/groups\/8088991261\" \/>\n<meta property=\"article:modified_time\" content=\"2026-04-01T08:14:08+00:00\" \/>\n<meta name=\"twitter:card\" content=\"summary_large_image\" \/>\n<meta name=\"twitter:label1\" content=\"Est. reading time\" \/>\n\t<meta name=\"twitter:data1\" content=\"1 minute\" \/>\n<script type=\"application\/ld+json\" class=\"yoast-schema-graph\">{\"@context\":\"https:\\\/\\\/schema.org\",\"@graph\":[{\"@type\":\"WebPage\",\"@id\":\"https:\\\/\\\/ospkocic.edu.rs\\\/?page_id=57\",\"url\":\"https:\\\/\\\/ospkocic.edu.rs\\\/?page_id=57\",\"name\":\"\u0414\u043e\u043a\u0443\u043c\u0435\u043d\u0442\u0430 - \u041e\u0428 ,,\u041f\u0435\u0442\u0430\u0440 \u041a\u043e\u0447\u0438\u045b&quot;, \u0418\u043d\u0452\u0438\u0458\u0430\",\"isPartOf\":{\"@id\":\"https:\\\/\\\/ospkocic.edu.rs\\\/#website\"},\"datePublished\":\"2018-01-25T19:49:59+00:00\",\"dateModified\":\"2026-04-01T08:14:08+00:00\",\"breadcrumb\":{\"@id\":\"https:\\\/\\\/ospkocic.edu.rs\\\/?page_id=57#breadcrumb\"},\"inLanguage\":\"en-US\",\"potentialAction\":[{\"@type\":\"ReadAction\",\"target\":[\"https:\\\/\\\/ospkocic.edu.rs\\\/?page_id=57\"]}]},{\"@type\":\"BreadcrumbList\",\"@id\":\"https:\\\/\\\/ospkocic.edu.rs\\\/?page_id=57#breadcrumb\",\"itemListElement\":[{\"@type\":\"ListItem\",\"position\":1,\"name\":\"Home\",\"item\":\"https:\\\/\\\/ospkocic.edu.rs\\\/\"},{\"@type\":\"ListItem\",\"position\":2,\"name\":\"\u0414\u043e\u043a\u0443\u043c\u0435\u043d\u0442\u0430\"}]},{\"@type\":\"WebSite\",\"@id\":\"https:\\\/\\\/ospkocic.edu.rs\\\/#website\",\"url\":\"https:\\\/\\\/ospkocic.edu.rs\\\/\",\"name\":\"\u041e\u0428 ,,\u041f\u0435\u0442\u0430\u0440 \u041a\u043e\u0447\u0438\u045b&quot;, \u0418\u043d\u0452\u0438\u0458\u0430\",\"description\":\"O\u0160 Petar Ko\u010di\u0107 In\u0111ija\",\"publisher\":{\"@id\":\"https:\\\/\\\/ospkocic.edu.rs\\\/#organization\"},\"potentialAction\":[{\"@type\":\"SearchAction\",\"target\":{\"@type\":\"EntryPoint\",\"urlTemplate\":\"https:\\\/\\\/ospkocic.edu.rs\\\/?s={search_term_string}\"},\"query-input\":{\"@type\":\"PropertyValueSpecification\",\"valueRequired\":true,\"valueName\":\"search_term_string\"}}],\"inLanguage\":\"en-US\"},{\"@type\":\"Organization\",\"@id\":\"https:\\\/\\\/ospkocic.edu.rs\\\/#organization\",\"name\":\"O\u0160 Petar Ko\u010di\u0107 In\u0111ija\",\"url\":\"https:\\\/\\\/ospkocic.edu.rs\\\/\",\"logo\":{\"@type\":\"ImageObject\",\"inLanguage\":\"en-US\",\"@id\":\"https:\\\/\\\/ospkocic.edu.rs\\\/#\\\/schema\\\/logo\\\/image\\\/\",\"url\":\"https:\\\/\\\/ospkocic.edu.rs\\\/wp-content\\\/uploads\\\/2022\\\/04\\\/logo.png\",\"contentUrl\":\"https:\\\/\\\/ospkocic.edu.rs\\\/wp-content\\\/uploads\\\/2022\\\/04\\\/logo.png\",\"width\":120,\"height\":160,\"caption\":\"O\u0160 Petar Ko\u010di\u0107 In\u0111ija\"},\"image\":{\"@id\":\"https:\\\/\\\/ospkocic.edu.rs\\\/#\\\/schema\\\/logo\\\/image\\\/\"},\"sameAs\":[\"https:\\\/\\\/www.facebook.com\\\/groups\\\/8088991261\",\"https:\\\/\\\/www.youtube.com\\\/channel\\\/UCNXE9uAnynPmW8m6xY_k2ig\"]}]}<\/script>\n<!-- \/ Yoast SEO plugin. -->","yoast_head_json":{"title":"\u0414\u043e\u043a\u0443\u043c\u0435\u043d\u0442\u0430 - \u041e\u0428 ,,\u041f\u0435\u0442\u0430\u0440 \u041a\u043e\u0447\u0438\u045b&quot;, \u0418\u043d\u0452\u0438\u0458\u0430","robots":{"index":"index","follow":"follow","max-snippet":"max-snippet:-1","max-image-preview":"max-image-preview:large","max-video-preview":"max-video-preview:-1"},"canonical":"https:\/\/ospkocic.edu.rs\/?page_id=57","og_locale":"en_US","og_type":"article","og_title":"\u0414\u043e\u043a\u0443\u043c\u0435\u043d\u0442\u0430 - \u041e\u0428 ,,\u041f\u0435\u0442\u0430\u0440 \u041a\u043e\u0447\u0438\u045b&quot;, \u0418\u043d\u0452\u0438\u0458\u0430","og_url":"https:\/\/ospkocic.edu.rs\/?page_id=57","og_site_name":"\u041e\u0428 ,,\u041f\u0435\u0442\u0430\u0440 \u041a\u043e\u0447\u0438\u045b&quot;, \u0418\u043d\u0452\u0438\u0458\u0430","article_publisher":"https:\/\/www.facebook.com\/groups\/8088991261","article_modified_time":"2026-04-01T08:14:08+00:00","twitter_card":"summary_large_image","twitter_misc":{"Est. reading time":"1 minute"},"schema":{"@context":"https:\/\/schema.org","@graph":[{"@type":"WebPage","@id":"https:\/\/ospkocic.edu.rs\/?page_id=57","url":"https:\/\/ospkocic.edu.rs\/?page_id=57","name":"\u0414\u043e\u043a\u0443\u043c\u0435\u043d\u0442\u0430 - \u041e\u0428 ,,\u041f\u0435\u0442\u0430\u0440 \u041a\u043e\u0447\u0438\u045b&quot;, \u0418\u043d\u0452\u0438\u0458\u0430","isPartOf":{"@id":"https:\/\/ospkocic.edu.rs\/#website"},"datePublished":"2018-01-25T19:49:59+00:00","dateModified":"2026-04-01T08:14:08+00:00","breadcrumb":{"@id":"https:\/\/ospkocic.edu.rs\/?page_id=57#breadcrumb"},"inLanguage":"en-US","potentialAction":[{"@type":"ReadAction","target":["https:\/\/ospkocic.edu.rs\/?page_id=57"]}]},{"@type":"BreadcrumbList","@id":"https:\/\/ospkocic.edu.rs\/?page_id=57#breadcrumb","itemListElement":[{"@type":"ListItem","position":1,"name":"Home","item":"https:\/\/ospkocic.edu.rs\/"},{"@type":"ListItem","position":2,"name":"\u0414\u043e\u043a\u0443\u043c\u0435\u043d\u0442\u0430"}]},{"@type":"WebSite","@id":"https:\/\/ospkocic.edu.rs\/#website","url":"https:\/\/ospkocic.edu.rs\/","name":"\u041e\u0428 ,,\u041f\u0435\u0442\u0430\u0440 \u041a\u043e\u0447\u0438\u045b&quot;, \u0418\u043d\u0452\u0438\u0458\u0430","description":"O\u0160 Petar Ko\u010di\u0107 In\u0111ija","publisher":{"@id":"https:\/\/ospkocic.edu.rs\/#organization"},"potentialAction":[{"@type":"SearchAction","target":{"@type":"EntryPoint","urlTemplate":"https:\/\/ospkocic.edu.rs\/?s={search_term_string}"},"query-input":{"@type":"PropertyValueSpecification","valueRequired":true,"valueName":"search_term_string"}}],"inLanguage":"en-US"},{"@type":"Organization","@id":"https:\/\/ospkocic.edu.rs\/#organization","name":"O\u0160 Petar Ko\u010di\u0107 In\u0111ija","url":"https:\/\/ospkocic.edu.rs\/","logo":{"@type":"ImageObject","inLanguage":"en-US","@id":"https:\/\/ospkocic.edu.rs\/#\/schema\/logo\/image\/","url":"https:\/\/ospkocic.edu.rs\/wp-content\/uploads\/2022\/04\/logo.png","contentUrl":"https:\/\/ospkocic.edu.rs\/wp-content\/uploads\/2022\/04\/logo.png","width":120,"height":160,"caption":"O\u0160 Petar Ko\u010di\u0107 In\u0111ija"},"image":{"@id":"https:\/\/ospkocic.edu.rs\/#\/schema\/logo\/image\/"},"sameAs":["https:\/\/www.facebook.com\/groups\/8088991261","https:\/\/www.youtube.com\/channel\/UCNXE9uAnynPmW8m6xY_k2ig"]}]}},"_links":{"self":[{"href":"https:\/\/ospkocic.edu.rs\/index.php?rest_route=\/wp\/v2\/pages\/57","targetHints":{"allow":["GET"]}}],"collection":[{"href":"https:\/\/ospkocic.edu.rs\/index.php?rest_route=\/wp\/v2\/pages"}],"about":[{"href":"https:\/\/ospkocic.edu.rs\/index.php?rest_route=\/wp\/v2\/types\/page"}],"author":[{"embeddable":true,"href":"https:\/\/ospkocic.edu.rs\/index.php?rest_route=\/wp\/v2\/users\/1"}],"replies":[{"embeddable":true,"href":"https:\/\/ospkocic.edu.rs\/index.php?rest_route=%2Fwp%2Fv2%2Fcomments&post=57"}],"version-history":[{"count":61,"href":"https:\/\/ospkocic.edu.rs\/index.php?rest_route=\/wp\/v2\/pages\/57\/revisions"}],"predecessor-version":[{"id":3979,"href":"https:\/\/ospkocic.edu.rs\/index.php?rest_route=\/wp\/v2\/pages\/57\/revisions\/3979"}],"wp:attachment":[{"href":"https:\/\/ospkocic.edu.rs\/index.php?rest_route=%2Fwp%2Fv2%2Fmedia&parent=57"}],"curies":[{"name":"wp","href":"https:\/\/api.w.org\/{rel}","templated":true}]}}