{"id":423,"date":"2018-02-11T11:02:25","date_gmt":"2018-02-11T11:02:25","guid":{"rendered":"https:\/\/ospkocic.edu.rs\/?page_id=423"},"modified":"2024-03-14T18:20:09","modified_gmt":"2024-03-14T17:20:09","slug":"%d0%bf%d0%be%d0%bc%d0%be%d1%9b%d0%bd%d0%be-%d0%be%d1%81%d0%be%d0%b1%d1%99%d0%b5","status":"publish","type":"page","link":"https:\/\/ospkocic.edu.rs\/?page_id=423","title":{"rendered":"\u0422\u0435\u0445\u043d\u0438\u0447\u043a\u043e \u0438 \u043f\u043e\u043c\u043e\u045b\u043d\u043e \u043e\u0441\u043e\u0431\u0459\u0435"},"content":{"rendered":"\n<p><\/p>\n\n\n<div class=\"wp-block-image\">\n<figure class=\"aligncenter size-large\"><img loading=\"lazy\" decoding=\"async\" width=\"1024\" height=\"320\" src=\"https:\/\/ospkocic.edu.rs\/wp-content\/uploads\/2024\/01\/1-7-1024x320.png\" alt=\"\" class=\"wp-image-3144\" srcset=\"https:\/\/ospkocic.edu.rs\/wp-content\/uploads\/2024\/01\/1-7-1024x320.png 1024w, https:\/\/ospkocic.edu.rs\/wp-content\/uploads\/2024\/01\/1-7-300x94.png 300w, https:\/\/ospkocic.edu.rs\/wp-content\/uploads\/2024\/01\/1-7-768x240.png 768w, https:\/\/ospkocic.edu.rs\/wp-content\/uploads\/2024\/01\/1-7-1536x480.png 1536w, https:\/\/ospkocic.edu.rs\/wp-content\/uploads\/2024\/01\/1-7-360x113.png 360w, https:\/\/ospkocic.edu.rs\/wp-content\/uploads\/2024\/01\/1-7.png 1654w\" sizes=\"auto, (max-width: 1024px) 100vw, 1024px\" \/><\/figure>\n<\/div>\n\n\n<figure class=\"wp-block-image size-full\"><img loading=\"lazy\" decoding=\"async\" width=\"858\" height=\"363\" src=\"https:\/\/ospkocic.edu.rs\/wp-content\/uploads\/2024\/01\/3-6.png\" alt=\"\" class=\"wp-image-3157\" srcset=\"https:\/\/ospkocic.edu.rs\/wp-content\/uploads\/2024\/01\/3-6.png 858w, https:\/\/ospkocic.edu.rs\/wp-content\/uploads\/2024\/01\/3-6-300x127.png 300w, https:\/\/ospkocic.edu.rs\/wp-content\/uploads\/2024\/01\/3-6-768x325.png 768w, https:\/\/ospkocic.edu.rs\/wp-content\/uploads\/2024\/01\/3-6-360x152.png 360w\" sizes=\"auto, (max-width: 858px) 100vw, 858px\" \/><\/figure>\n\n\n<div class=\"wp-block-image\">\n<figure class=\"aligncenter size-full\"><img loading=\"lazy\" decoding=\"async\" width=\"1018\" height=\"366\" src=\"https:\/\/ospkocic.edu.rs\/wp-content\/uploads\/2024\/02\/2.png\" alt=\"\" class=\"wp-image-3196\" srcset=\"https:\/\/ospkocic.edu.rs\/wp-content\/uploads\/2024\/02\/2.png 1018w, https:\/\/ospkocic.edu.rs\/wp-content\/uploads\/2024\/02\/2-300x108.png 300w, https:\/\/ospkocic.edu.rs\/wp-content\/uploads\/2024\/02\/2-768x276.png 768w, https:\/\/ospkocic.edu.rs\/wp-content\/uploads\/2024\/02\/2-360x129.png 360w\" sizes=\"auto, (max-width: 1018px) 100vw, 1018px\" \/><\/figure>\n<\/div>\n\n<div class=\"wp-block-image\">\n<figure class=\"aligncenter size-full\"><img loading=\"lazy\" decoding=\"async\" width=\"641\" height=\"468\" src=\"https:\/\/ospkocic.edu.rs\/wp-content\/uploads\/2024\/03\/2.png\" alt=\"\" class=\"wp-image-3234\" srcset=\"https:\/\/ospkocic.edu.rs\/wp-content\/uploads\/2024\/03\/2.png 641w, https:\/\/ospkocic.edu.rs\/wp-content\/uploads\/2024\/03\/2-300x219.png 300w, https:\/\/ospkocic.edu.rs\/wp-content\/uploads\/2024\/03\/2-360x263.png 360w\" sizes=\"auto, (max-width: 641px) 100vw, 641px\" \/><\/figure>\n<\/div>","protected":false},"excerpt":{"rendered":"","protected":false},"author":1,"featured_media":0,"parent":0,"menu_order":0,"comment_status":"closed","ping_status":"closed","template":"","meta":{"footnotes":"","beyondwords_generate_audio":"","beyondwords_integration_method":"","beyondwords_project_id":"","beyondwords_content_id":"","beyondwords_preview_token":"","beyondwords_player_content":"","beyondwords_player_style":"","beyondwords_language_code":"","beyondwords_language_id":"","beyondwords_title_voice_id":"","beyondwords_body_voice_id":"","beyondwords_summary_voice_id":"","beyondwords_error_message":"","beyondwords_disabled":"","beyondwords_delete_content":"","beyondwords_podcast_id":"","beyondwords_hash":"","publish_post_to_speechkit":"","speechkit_hash":"","speechkit_generate_audio":"","speechkit_project_id":"","speechkit_podcast_id":"","speechkit_error_message":"","speechkit_disabled":"","speechkit_access_key":"","speechkit_error":"","speechkit_info":"","speechkit_response":"","speechkit_retries":"","speechkit_status":"","speechkit_updated_at":"","_speechkit_link":"","_speechkit_text":""},"class_list":["post-423","page","type-page","status-publish","hentry"],"yoast_head":"<!-- This site is optimized with the Yoast SEO plugin v27.4 - https:\/\/yoast.com\/product\/yoast-seo-wordpress\/ -->\n<title>\u0422\u0435\u0445\u043d\u0438\u0447\u043a\u043e \u0438 \u043f\u043e\u043c\u043e\u045b\u043d\u043e \u043e\u0441\u043e\u0431\u0459\u0435 - \u041e\u0428 ,,\u041f\u0435\u0442\u0430\u0440 \u041a\u043e\u0447\u0438\u045b&quot;, \u0418\u043d\u0452\u0438\u0458\u0430<\/title>\n<meta name=\"robots\" content=\"index, follow, max-snippet:-1, max-image-preview:large, max-video-preview:-1\" \/>\n<link rel=\"canonical\" href=\"https:\/\/ospkocic.edu.rs\/?page_id=423\" \/>\n<meta property=\"og:locale\" content=\"en_US\" \/>\n<meta property=\"og:type\" content=\"article\" \/>\n<meta property=\"og:title\" content=\"\u0422\u0435\u0445\u043d\u0438\u0447\u043a\u043e \u0438 \u043f\u043e\u043c\u043e\u045b\u043d\u043e \u043e\u0441\u043e\u0431\u0459\u0435 - \u041e\u0428 ,,\u041f\u0435\u0442\u0430\u0440 \u041a\u043e\u0447\u0438\u045b&quot;, \u0418\u043d\u0452\u0438\u0458\u0430\" \/>\n<meta property=\"og:url\" content=\"https:\/\/ospkocic.edu.rs\/?page_id=423\" \/>\n<meta property=\"og:site_name\" content=\"\u041e\u0428 ,,\u041f\u0435\u0442\u0430\u0440 \u041a\u043e\u0447\u0438\u045b&quot;, \u0418\u043d\u0452\u0438\u0458\u0430\" \/>\n<meta property=\"article:publisher\" content=\"https:\/\/www.facebook.com\/groups\/8088991261\" \/>\n<meta property=\"article:modified_time\" content=\"2024-03-14T17:20:09+00:00\" \/>\n<meta property=\"og:image\" content=\"https:\/\/ospkocic.edu.rs\/wp-content\/uploads\/2024\/01\/1-7-1024x320.png\" \/>\n<meta name=\"twitter:card\" content=\"summary_large_image\" \/>\n<meta name=\"twitter:label1\" content=\"Est. reading time\" \/>\n\t<meta name=\"twitter:data1\" content=\"1 minute\" \/>\n<script type=\"application\/ld+json\" class=\"yoast-schema-graph\">{\"@context\":\"https:\\\/\\\/schema.org\",\"@graph\":[{\"@type\":\"WebPage\",\"@id\":\"https:\\\/\\\/ospkocic.edu.rs\\\/?page_id=423\",\"url\":\"https:\\\/\\\/ospkocic.edu.rs\\\/?page_id=423\",\"name\":\"\u0422\u0435\u0445\u043d\u0438\u0447\u043a\u043e \u0438 \u043f\u043e\u043c\u043e\u045b\u043d\u043e \u043e\u0441\u043e\u0431\u0459\u0435 - \u041e\u0428 ,,\u041f\u0435\u0442\u0430\u0440 \u041a\u043e\u0447\u0438\u045b&quot;, \u0418\u043d\u0452\u0438\u0458\u0430\",\"isPartOf\":{\"@id\":\"https:\\\/\\\/ospkocic.edu.rs\\\/#website\"},\"primaryImageOfPage\":{\"@id\":\"https:\\\/\\\/ospkocic.edu.rs\\\/?page_id=423#primaryimage\"},\"image\":{\"@id\":\"https:\\\/\\\/ospkocic.edu.rs\\\/?page_id=423#primaryimage\"},\"thumbnailUrl\":\"https:\\\/\\\/ospkocic.edu.rs\\\/wp-content\\\/uploads\\\/2024\\\/01\\\/1-7-1024x320.png\",\"datePublished\":\"2018-02-11T11:02:25+00:00\",\"dateModified\":\"2024-03-14T17:20:09+00:00\",\"breadcrumb\":{\"@id\":\"https:\\\/\\\/ospkocic.edu.rs\\\/?page_id=423#breadcrumb\"},\"inLanguage\":\"en-US\",\"potentialAction\":[{\"@type\":\"ReadAction\",\"target\":[\"https:\\\/\\\/ospkocic.edu.rs\\\/?page_id=423\"]}]},{\"@type\":\"ImageObject\",\"inLanguage\":\"en-US\",\"@id\":\"https:\\\/\\\/ospkocic.edu.rs\\\/?page_id=423#primaryimage\",\"url\":\"https:\\\/\\\/ospkocic.edu.rs\\\/wp-content\\\/uploads\\\/2024\\\/01\\\/1-7.png\",\"contentUrl\":\"https:\\\/\\\/ospkocic.edu.rs\\\/wp-content\\\/uploads\\\/2024\\\/01\\\/1-7.png\",\"width\":1654,\"height\":517},{\"@type\":\"BreadcrumbList\",\"@id\":\"https:\\\/\\\/ospkocic.edu.rs\\\/?page_id=423#breadcrumb\",\"itemListElement\":[{\"@type\":\"ListItem\",\"position\":1,\"name\":\"Home\",\"item\":\"https:\\\/\\\/ospkocic.edu.rs\\\/\"},{\"@type\":\"ListItem\",\"position\":2,\"name\":\"\u0422\u0435\u0445\u043d\u0438\u0447\u043a\u043e \u0438 \u043f\u043e\u043c\u043e\u045b\u043d\u043e \u043e\u0441\u043e\u0431\u0459\u0435\"}]},{\"@type\":\"WebSite\",\"@id\":\"https:\\\/\\\/ospkocic.edu.rs\\\/#website\",\"url\":\"https:\\\/\\\/ospkocic.edu.rs\\\/\",\"name\":\"\u041e\u0428 ,,\u041f\u0435\u0442\u0430\u0440 \u041a\u043e\u0447\u0438\u045b&quot;, \u0418\u043d\u0452\u0438\u0458\u0430\",\"description\":\"O\u0160 Petar Ko\u010di\u0107 In\u0111ija\",\"publisher\":{\"@id\":\"https:\\\/\\\/ospkocic.edu.rs\\\/#organization\"},\"potentialAction\":[{\"@type\":\"SearchAction\",\"target\":{\"@type\":\"EntryPoint\",\"urlTemplate\":\"https:\\\/\\\/ospkocic.edu.rs\\\/?s={search_term_string}\"},\"query-input\":{\"@type\":\"PropertyValueSpecification\",\"valueRequired\":true,\"valueName\":\"search_term_string\"}}],\"inLanguage\":\"en-US\"},{\"@type\":\"Organization\",\"@id\":\"https:\\\/\\\/ospkocic.edu.rs\\\/#organization\",\"name\":\"O\u0160 Petar Ko\u010di\u0107 In\u0111ija\",\"url\":\"https:\\\/\\\/ospkocic.edu.rs\\\/\",\"logo\":{\"@type\":\"ImageObject\",\"inLanguage\":\"en-US\",\"@id\":\"https:\\\/\\\/ospkocic.edu.rs\\\/#\\\/schema\\\/logo\\\/image\\\/\",\"url\":\"https:\\\/\\\/ospkocic.edu.rs\\\/wp-content\\\/uploads\\\/2022\\\/04\\\/logo.png\",\"contentUrl\":\"https:\\\/\\\/ospkocic.edu.rs\\\/wp-content\\\/uploads\\\/2022\\\/04\\\/logo.png\",\"width\":120,\"height\":160,\"caption\":\"O\u0160 Petar Ko\u010di\u0107 In\u0111ija\"},\"image\":{\"@id\":\"https:\\\/\\\/ospkocic.edu.rs\\\/#\\\/schema\\\/logo\\\/image\\\/\"},\"sameAs\":[\"https:\\\/\\\/www.facebook.com\\\/groups\\\/8088991261\",\"https:\\\/\\\/www.youtube.com\\\/channel\\\/UCNXE9uAnynPmW8m6xY_k2ig\"]}]}<\/script>\n<!-- \/ Yoast SEO plugin. -->","yoast_head_json":{"title":"\u0422\u0435\u0445\u043d\u0438\u0447\u043a\u043e \u0438 \u043f\u043e\u043c\u043e\u045b\u043d\u043e \u043e\u0441\u043e\u0431\u0459\u0435 - \u041e\u0428 ,,\u041f\u0435\u0442\u0430\u0440 \u041a\u043e\u0447\u0438\u045b&quot;, \u0418\u043d\u0452\u0438\u0458\u0430","robots":{"index":"index","follow":"follow","max-snippet":"max-snippet:-1","max-image-preview":"max-image-preview:large","max-video-preview":"max-video-preview:-1"},"canonical":"https:\/\/ospkocic.edu.rs\/?page_id=423","og_locale":"en_US","og_type":"article","og_title":"\u0422\u0435\u0445\u043d\u0438\u0447\u043a\u043e \u0438 \u043f\u043e\u043c\u043e\u045b\u043d\u043e \u043e\u0441\u043e\u0431\u0459\u0435 - \u041e\u0428 ,,\u041f\u0435\u0442\u0430\u0440 \u041a\u043e\u0447\u0438\u045b&quot;, \u0418\u043d\u0452\u0438\u0458\u0430","og_url":"https:\/\/ospkocic.edu.rs\/?page_id=423","og_site_name":"\u041e\u0428 ,,\u041f\u0435\u0442\u0430\u0440 \u041a\u043e\u0447\u0438\u045b&quot;, \u0418\u043d\u0452\u0438\u0458\u0430","article_publisher":"https:\/\/www.facebook.com\/groups\/8088991261","article_modified_time":"2024-03-14T17:20:09+00:00","og_image":[{"url":"https:\/\/ospkocic.edu.rs\/wp-content\/uploads\/2024\/01\/1-7-1024x320.png","type":"","width":"","height":""}],"twitter_card":"summary_large_image","twitter_misc":{"Est. reading time":"1 minute"},"schema":{"@context":"https:\/\/schema.org","@graph":[{"@type":"WebPage","@id":"https:\/\/ospkocic.edu.rs\/?page_id=423","url":"https:\/\/ospkocic.edu.rs\/?page_id=423","name":"\u0422\u0435\u0445\u043d\u0438\u0447\u043a\u043e \u0438 \u043f\u043e\u043c\u043e\u045b\u043d\u043e \u043e\u0441\u043e\u0431\u0459\u0435 - \u041e\u0428 ,,\u041f\u0435\u0442\u0430\u0440 \u041a\u043e\u0447\u0438\u045b&quot;, \u0418\u043d\u0452\u0438\u0458\u0430","isPartOf":{"@id":"https:\/\/ospkocic.edu.rs\/#website"},"primaryImageOfPage":{"@id":"https:\/\/ospkocic.edu.rs\/?page_id=423#primaryimage"},"image":{"@id":"https:\/\/ospkocic.edu.rs\/?page_id=423#primaryimage"},"thumbnailUrl":"https:\/\/ospkocic.edu.rs\/wp-content\/uploads\/2024\/01\/1-7-1024x320.png","datePublished":"2018-02-11T11:02:25+00:00","dateModified":"2024-03-14T17:20:09+00:00","breadcrumb":{"@id":"https:\/\/ospkocic.edu.rs\/?page_id=423#breadcrumb"},"inLanguage":"en-US","potentialAction":[{"@type":"ReadAction","target":["https:\/\/ospkocic.edu.rs\/?page_id=423"]}]},{"@type":"ImageObject","inLanguage":"en-US","@id":"https:\/\/ospkocic.edu.rs\/?page_id=423#primaryimage","url":"https:\/\/ospkocic.edu.rs\/wp-content\/uploads\/2024\/01\/1-7.png","contentUrl":"https:\/\/ospkocic.edu.rs\/wp-content\/uploads\/2024\/01\/1-7.png","width":1654,"height":517},{"@type":"BreadcrumbList","@id":"https:\/\/ospkocic.edu.rs\/?page_id=423#breadcrumb","itemListElement":[{"@type":"ListItem","position":1,"name":"Home","item":"https:\/\/ospkocic.edu.rs\/"},{"@type":"ListItem","position":2,"name":"\u0422\u0435\u0445\u043d\u0438\u0447\u043a\u043e \u0438 \u043f\u043e\u043c\u043e\u045b\u043d\u043e \u043e\u0441\u043e\u0431\u0459\u0435"}]},{"@type":"WebSite","@id":"https:\/\/ospkocic.edu.rs\/#website","url":"https:\/\/ospkocic.edu.rs\/","name":"\u041e\u0428 ,,\u041f\u0435\u0442\u0430\u0440 \u041a\u043e\u0447\u0438\u045b&quot;, \u0418\u043d\u0452\u0438\u0458\u0430","description":"O\u0160 Petar Ko\u010di\u0107 In\u0111ija","publisher":{"@id":"https:\/\/ospkocic.edu.rs\/#organization"},"potentialAction":[{"@type":"SearchAction","target":{"@type":"EntryPoint","urlTemplate":"https:\/\/ospkocic.edu.rs\/?s={search_term_string}"},"query-input":{"@type":"PropertyValueSpecification","valueRequired":true,"valueName":"search_term_string"}}],"inLanguage":"en-US"},{"@type":"Organization","@id":"https:\/\/ospkocic.edu.rs\/#organization","name":"O\u0160 Petar Ko\u010di\u0107 In\u0111ija","url":"https:\/\/ospkocic.edu.rs\/","logo":{"@type":"ImageObject","inLanguage":"en-US","@id":"https:\/\/ospkocic.edu.rs\/#\/schema\/logo\/image\/","url":"https:\/\/ospkocic.edu.rs\/wp-content\/uploads\/2022\/04\/logo.png","contentUrl":"https:\/\/ospkocic.edu.rs\/wp-content\/uploads\/2022\/04\/logo.png","width":120,"height":160,"caption":"O\u0160 Petar Ko\u010di\u0107 In\u0111ija"},"image":{"@id":"https:\/\/ospkocic.edu.rs\/#\/schema\/logo\/image\/"},"sameAs":["https:\/\/www.facebook.com\/groups\/8088991261","https:\/\/www.youtube.com\/channel\/UCNXE9uAnynPmW8m6xY_k2ig"]}]}},"_links":{"self":[{"href":"https:\/\/ospkocic.edu.rs\/index.php?rest_route=\/wp\/v2\/pages\/423","targetHints":{"allow":["GET"]}}],"collection":[{"href":"https:\/\/ospkocic.edu.rs\/index.php?rest_route=\/wp\/v2\/pages"}],"about":[{"href":"https:\/\/ospkocic.edu.rs\/index.php?rest_route=\/wp\/v2\/types\/page"}],"author":[{"embeddable":true,"href":"https:\/\/ospkocic.edu.rs\/index.php?rest_route=\/wp\/v2\/users\/1"}],"replies":[{"embeddable":true,"href":"https:\/\/ospkocic.edu.rs\/index.php?rest_route=%2Fwp%2Fv2%2Fcomments&post=423"}],"version-history":[{"count":7,"href":"https:\/\/ospkocic.edu.rs\/index.php?rest_route=\/wp\/v2\/pages\/423\/revisions"}],"predecessor-version":[{"id":3235,"href":"https:\/\/ospkocic.edu.rs\/index.php?rest_route=\/wp\/v2\/pages\/423\/revisions\/3235"}],"wp:attachment":[{"href":"https:\/\/ospkocic.edu.rs\/index.php?rest_route=%2Fwp%2Fv2%2Fmedia&parent=423"}],"curies":[{"name":"wp","href":"https:\/\/api.w.org\/{rel}","templated":true}]}}