{"id":3498,"date":"2024-06-24T11:30:32","date_gmt":"2024-06-24T10:30:32","guid":{"rendered":"https:\/\/ospkocic.edu.rs\/?page_id=3498"},"modified":"2024-06-24T11:34:00","modified_gmt":"2024-06-24T10:34:00","slug":"%d1%83%d0%bc%d0%b5%d1%82%d0%bd%d0%b8%d1%87%d0%ba%d0%b8-%d0%b3%d0%bb%d0%b0%d1%81-%d0%ba%d1%83%d0%bb%d1%82%d1%83%d1%80%d0%b5","status":"publish","type":"page","link":"https:\/\/ospkocic.edu.rs\/?page_id=3498","title":{"rendered":"\u0423\u043c\u0435\u0442\u043d\u0438\u0447\u043a\u0438 \u0433\u043b\u0430\u0441 \u043a\u0443\u043b\u0442\u0443\u0440\u0435"},"content":{"rendered":"\n<div data-wp-interactive=\"core\/file\" class=\"wp-block-file\"><object data-wp-bind--hidden=\"!state.hasPdfPreview\" hidden class=\"wp-block-file__embed\" data=\"https:\/\/ospkocic.edu.rs\/wp-content\/uploads\/2024\/06\/eTwinning-2024.-\u0437\u0430-\u0441\u0430\u0458\u0442.pdf\" type=\"application\/pdf\" style=\"width:100%;height:600px\" aria-label=\"Embed of eTwinning-2024.-\u0437\u0430-\u0441\u0430\u0458\u0442.\"><\/object><a id=\"wp-block-file--media-399b462e-73ad-402d-890c-3e61ff54d8bd\" href=\"https:\/\/ospkocic.edu.rs\/wp-content\/uploads\/2024\/06\/eTwinning-2024.-\u0437\u0430-\u0441\u0430\u0458\u0442.pdf\">eTwinning-2024.-\u0437\u0430-\u0441\u0430\u0458\u0442<\/a><a href=\"https:\/\/ospkocic.edu.rs\/wp-content\/uploads\/2024\/06\/eTwinning-2024.-\u0437\u0430-\u0441\u0430\u0458\u0442.pdf\" class=\"wp-block-file__button wp-element-button\" download aria-describedby=\"wp-block-file--media-399b462e-73ad-402d-890c-3e61ff54d8bd\">Download<\/a><\/div>\n\n\n\n<div class=\"alignnormal\"><div id=\"metaslider-id-3463\" style=\"max-width: 700px; margin: 0 auto;\" class=\"ml-slider-3-108-0 metaslider metaslider-flex metaslider-3463 ml-slider has-dots-nav ms-theme-default\" role=\"region\" aria-label=\"Glas kulture\" data-height=\"300\" data-width=\"700\">\n    <div id=\"metaslider_container_3463\">\n        <div id=\"metaslider_3463\">\n            <ul class='slides'>\n                <li style=\"display: block; width: 100%;\" class=\"slide-3481 ms-image \" aria-roledescription=\"slide\" data-date=\"2024-06-24 11:28:37\" data-filename=\"arhitektura-scaled-700x300.jpg\" data-slide-type=\"image\"><img loading=\"lazy\" decoding=\"async\" src=\"https:\/\/ospkocic.edu.rs\/wp-content\/uploads\/2024\/06\/arhitektura-scaled-700x300.jpg\" height=\"300\" width=\"700\" alt=\"\" class=\"slider-3463 slide-3481 msDefaultImage\" title=\"arhitektura\" \/><\/li>\n                <li style=\"display: none; width: 100%;\" class=\"slide-3482 ms-image \" aria-roledescription=\"slide\" data-date=\"2024-06-24 11:28:37\" data-filename=\"Art-of-Literature-Poetry-1-700x300.jpg\" data-slide-type=\"image\"><img loading=\"lazy\" decoding=\"async\" src=\"https:\/\/ospkocic.edu.rs\/wp-content\/uploads\/2024\/06\/Art-of-Literature-Poetry-1-700x300.jpg\" height=\"300\" width=\"700\" alt=\"\" class=\"slider-3463 slide-3482 msDefaultImage\" title=\"Art of Literature-Poetry 1\" \/><\/li>\n                <li style=\"display: none; width: 100%;\" class=\"slide-3483 ms-image \" aria-roledescription=\"slide\" data-date=\"2024-06-24 11:28:37\" data-filename=\"costume-9-700x300.jpg\" data-slide-type=\"image\"><img loading=\"lazy\" decoding=\"async\" src=\"https:\/\/ospkocic.edu.rs\/wp-content\/uploads\/2024\/06\/costume-9-700x300.jpg\" height=\"300\" width=\"700\" alt=\"\" class=\"slider-3463 slide-3483 msDefaultImage\" title=\"costume 9\" \/><\/li>\n                <li style=\"display: none; width: 100%;\" class=\"slide-3484 ms-image \" aria-roledescription=\"slide\" data-date=\"2024-06-24 11:28:37\" data-filename=\"digitalne-puzle-700x300.jpg\" data-slide-type=\"image\"><img loading=\"lazy\" decoding=\"async\" src=\"https:\/\/ospkocic.edu.rs\/wp-content\/uploads\/2024\/06\/digitalne-puzle-700x300.jpg\" height=\"300\" width=\"700\" alt=\"\" class=\"slider-3463 slide-3484 msDefaultImage\" title=\"digitalne puzle\" \/><\/li>\n                <li style=\"display: none; width: 100%;\" class=\"slide-3485 ms-image \" aria-roledescription=\"slide\" data-date=\"2024-06-24 11:28:37\" data-filename=\"dramatizacija-mita-700x300.jpg\" data-slide-type=\"image\"><img loading=\"lazy\" decoding=\"async\" src=\"https:\/\/ospkocic.edu.rs\/wp-content\/uploads\/2024\/06\/dramatizacija-mita-700x300.jpg\" height=\"300\" width=\"700\" alt=\"\" class=\"slider-3463 slide-3485 msDefaultImage\" title=\"dramatizacija mita\" \/><\/li>\n                <li style=\"display: none; width: 100%;\" class=\"slide-3486 ms-image \" aria-roledescription=\"slide\" data-date=\"2024-06-24 11:28:37\" data-filename=\"kodiranje1-700x300.jpg\" data-slide-type=\"image\"><img loading=\"lazy\" decoding=\"async\" src=\"https:\/\/ospkocic.edu.rs\/wp-content\/uploads\/2024\/06\/kodiranje1-700x300.jpg\" height=\"300\" width=\"700\" alt=\"\" class=\"slider-3463 slide-3486 msDefaultImage\" title=\"kodiranje1\" \/><\/li>\n                <li style=\"display: none; width: 100%;\" class=\"slide-3487 ms-image \" aria-roledescription=\"slide\" data-date=\"2024-06-24 11:28:37\" data-filename=\"kodiranje2-700x300.jpg\" data-slide-type=\"image\"><img loading=\"lazy\" decoding=\"async\" src=\"https:\/\/ospkocic.edu.rs\/wp-content\/uploads\/2024\/06\/kodiranje2-700x300.jpg\" height=\"300\" width=\"700\" alt=\"\" class=\"slider-3463 slide-3487 msDefaultImage\" title=\"kodiranje2\" \/><\/li>\n                <li style=\"display: none; width: 100%;\" class=\"slide-3488 ms-image \" aria-roledescription=\"slide\" data-date=\"2024-06-24 11:28:38\" data-filename=\"logo-2-scaled-700x300.jpg\" data-slide-type=\"image\"><img loading=\"lazy\" decoding=\"async\" src=\"https:\/\/ospkocic.edu.rs\/wp-content\/uploads\/2024\/06\/logo-2-scaled-700x300.jpg\" height=\"300\" width=\"700\" alt=\"\" class=\"slider-3463 slide-3488 msDefaultImage\" title=\"logo 2\" \/><\/li>\n                <li style=\"display: none; width: 100%;\" class=\"slide-3489 ms-image \" aria-roledescription=\"slide\" data-date=\"2024-06-24 11:28:38\" data-filename=\"logo-scaled-700x300.jpg\" data-slide-type=\"image\"><img loading=\"lazy\" decoding=\"async\" src=\"https:\/\/ospkocic.edu.rs\/wp-content\/uploads\/2024\/06\/logo-scaled-700x300.jpg\" height=\"300\" width=\"700\" alt=\"\" class=\"slider-3463 slide-3489 msDefaultImage\" title=\"logo\" \/><\/li>\n                <li style=\"display: none; width: 100%;\" class=\"slide-3490 ms-image \" aria-roledescription=\"slide\" data-date=\"2024-06-24 11:28:38\" data-filename=\"maluda-2-700x300.jpg\" data-slide-type=\"image\"><img loading=\"lazy\" decoding=\"async\" src=\"https:\/\/ospkocic.edu.rs\/wp-content\/uploads\/2024\/06\/maluda-2-700x300.jpg\" height=\"300\" width=\"700\" alt=\"\" class=\"slider-3463 slide-3490 msDefaultImage\" title=\"maluda 2\" \/><\/li>\n                <li style=\"display: none; width: 100%;\" class=\"slide-3491 ms-image \" aria-roledescription=\"slide\" data-date=\"2024-06-24 11:28:38\" data-filename=\"online-1-scaled-700x300.jpg\" data-slide-type=\"image\"><img loading=\"lazy\" decoding=\"async\" src=\"https:\/\/ospkocic.edu.rs\/wp-content\/uploads\/2024\/06\/online-1-scaled-700x300.jpg\" height=\"300\" width=\"700\" alt=\"\" class=\"slider-3463 slide-3491 msDefaultImage\" title=\"online 1\" \/><\/li>\n                <li style=\"display: none; width: 100%;\" class=\"slide-3492 ms-image \" aria-roledescription=\"slide\" data-date=\"2024-06-24 11:28:38\" data-filename=\"pano-2-700x300.jpg\" data-slide-type=\"image\"><img loading=\"lazy\" decoding=\"async\" src=\"https:\/\/ospkocic.edu.rs\/wp-content\/uploads\/2024\/06\/pano-2-700x300.jpg\" height=\"300\" width=\"700\" alt=\"\" class=\"slider-3463 slide-3492 msDefaultImage\" title=\"pano 2\" \/><\/li>\n                <li style=\"display: none; width: 100%;\" class=\"slide-3493 ms-image \" aria-roledescription=\"slide\" data-date=\"2024-06-24 11:28:38\" data-filename=\"pano-hol-scaled-700x300.jpg\" data-slide-type=\"image\"><img loading=\"lazy\" decoding=\"async\" src=\"https:\/\/ospkocic.edu.rs\/wp-content\/uploads\/2024\/06\/pano-hol-scaled-700x300.jpg\" height=\"300\" width=\"700\" alt=\"\" class=\"slider-3463 slide-3493 msDefaultImage\" title=\"pano hol\" \/><\/li>\n                <li style=\"display: none; width: 100%;\" class=\"slide-3494 ms-image \" aria-roledescription=\"slide\" data-date=\"2024-06-24 11:28:38\" data-filename=\"pano-1-700x300.jpg\" data-slide-type=\"image\"><img loading=\"lazy\" decoding=\"async\" src=\"https:\/\/ospkocic.edu.rs\/wp-content\/uploads\/2024\/06\/pano-1-700x300.jpg\" height=\"300\" width=\"700\" alt=\"\" class=\"slider-3463 slide-3494 msDefaultImage\" title=\"pano\" \/><\/li>\n                <li style=\"display: none; width: 100%;\" class=\"slide-3495 ms-image \" aria-roledescription=\"slide\" data-date=\"2024-06-24 11:28:38\" data-filename=\"sertifikat-kodovi-700x300.jpg\" data-slide-type=\"image\"><img loading=\"lazy\" decoding=\"async\" src=\"https:\/\/ospkocic.edu.rs\/wp-content\/uploads\/2024\/06\/sertifikat-kodovi-700x300.jpg\" height=\"300\" width=\"700\" alt=\"\" class=\"slider-3463 slide-3495 msDefaultImage\" title=\"sertifikat kodovi\" \/><\/li>\n                <li style=\"display: none; width: 100%;\" class=\"slide-3496 ms-image \" aria-roledescription=\"slide\" data-date=\"2024-06-24 11:28:38\" data-filename=\"ukrasi-1-scaled-700x300.jpg\" data-slide-type=\"image\"><img loading=\"lazy\" decoding=\"async\" src=\"https:\/\/ospkocic.edu.rs\/wp-content\/uploads\/2024\/06\/ukrasi-1-scaled-700x300.jpg\" height=\"300\" width=\"700\" alt=\"\" class=\"slider-3463 slide-3496 msDefaultImage\" title=\"ukrasi 1\" \/><\/li>\n                <li style=\"display: none; width: 100%;\" class=\"slide-3497 ms-image \" aria-roledescription=\"slide\" data-date=\"2024-06-24 11:28:39\" data-filename=\"ukrasi-2-scaled-700x300.jpg\" data-slide-type=\"image\"><img loading=\"lazy\" decoding=\"async\" src=\"https:\/\/ospkocic.edu.rs\/wp-content\/uploads\/2024\/06\/ukrasi-2-scaled-700x300.jpg\" height=\"300\" width=\"700\" alt=\"\" class=\"slider-3463 slide-3497 msDefaultImage\" title=\"ukrasi 2\" \/><\/li>\n            <\/ul>\n        <\/div>\n        \n    <\/div>\n<\/div><\/div>\n","protected":false},"excerpt":{"rendered":"","protected":false},"author":1,"featured_media":0,"parent":0,"menu_order":0,"comment_status":"closed","ping_status":"closed","template":"","meta":{"footnotes":"","beyondwords_generate_audio":"","beyondwords_integration_method":"","beyondwords_project_id":"","beyondwords_content_id":"","beyondwords_preview_token":"","beyondwords_player_content":"","beyondwords_player_style":"","beyondwords_language_code":"","beyondwords_language_id":"","beyondwords_title_voice_id":"","beyondwords_body_voice_id":"","beyondwords_summary_voice_id":"","beyondwords_error_message":"","beyondwords_disabled":"","beyondwords_delete_content":"","beyondwords_podcast_id":"","beyondwords_hash":"","publish_post_to_speechkit":"","speechkit_hash":"","speechkit_generate_audio":"","speechkit_project_id":"","speechkit_podcast_id":"","speechkit_error_message":"","speechkit_disabled":"","speechkit_access_key":"","speechkit_error":"","speechkit_info":"","speechkit_response":"","speechkit_retries":"","speechkit_status":"","speechkit_updated_at":"","_speechkit_link":"","_speechkit_text":""},"class_list":["post-3498","page","type-page","status-publish","hentry"],"yoast_head":"<!-- This site is optimized with the Yoast SEO plugin v27.4 - https:\/\/yoast.com\/product\/yoast-seo-wordpress\/ -->\n<title>\u0423\u043c\u0435\u0442\u043d\u0438\u0447\u043a\u0438 \u0433\u043b\u0430\u0441 \u043a\u0443\u043b\u0442\u0443\u0440\u0435 - \u041e\u0428 ,,\u041f\u0435\u0442\u0430\u0440 \u041a\u043e\u0447\u0438\u045b&quot;, \u0418\u043d\u0452\u0438\u0458\u0430<\/title>\n<meta name=\"robots\" content=\"index, follow, max-snippet:-1, max-image-preview:large, max-video-preview:-1\" \/>\n<link rel=\"canonical\" href=\"https:\/\/ospkocic.edu.rs\/?page_id=3498\" \/>\n<meta property=\"og:locale\" content=\"en_US\" \/>\n<meta property=\"og:type\" content=\"article\" \/>\n<meta property=\"og:title\" content=\"\u0423\u043c\u0435\u0442\u043d\u0438\u0447\u043a\u0438 \u0433\u043b\u0430\u0441 \u043a\u0443\u043b\u0442\u0443\u0440\u0435 - \u041e\u0428 ,,\u041f\u0435\u0442\u0430\u0440 \u041a\u043e\u0447\u0438\u045b&quot;, \u0418\u043d\u0452\u0438\u0458\u0430\" \/>\n<meta property=\"og:url\" content=\"https:\/\/ospkocic.edu.rs\/?page_id=3498\" \/>\n<meta property=\"og:site_name\" content=\"\u041e\u0428 ,,\u041f\u0435\u0442\u0430\u0440 \u041a\u043e\u0447\u0438\u045b&quot;, \u0418\u043d\u0452\u0438\u0458\u0430\" \/>\n<meta property=\"article:publisher\" content=\"https:\/\/www.facebook.com\/groups\/8088991261\" \/>\n<meta property=\"article:modified_time\" content=\"2024-06-24T10:34:00+00:00\" \/>\n<meta name=\"twitter:card\" content=\"summary_large_image\" \/>\n<meta name=\"twitter:label1\" content=\"Est. reading time\" \/>\n\t<meta name=\"twitter:data1\" content=\"1 minute\" \/>\n<script type=\"application\/ld+json\" class=\"yoast-schema-graph\">{\"@context\":\"https:\\\/\\\/schema.org\",\"@graph\":[{\"@type\":\"WebPage\",\"@id\":\"https:\\\/\\\/ospkocic.edu.rs\\\/?page_id=3498\",\"url\":\"https:\\\/\\\/ospkocic.edu.rs\\\/?page_id=3498\",\"name\":\"\u0423\u043c\u0435\u0442\u043d\u0438\u0447\u043a\u0438 \u0433\u043b\u0430\u0441 \u043a\u0443\u043b\u0442\u0443\u0440\u0435 - \u041e\u0428 ,,\u041f\u0435\u0442\u0430\u0440 \u041a\u043e\u0447\u0438\u045b&quot;, \u0418\u043d\u0452\u0438\u0458\u0430\",\"isPartOf\":{\"@id\":\"https:\\\/\\\/ospkocic.edu.rs\\\/#website\"},\"datePublished\":\"2024-06-24T10:30:32+00:00\",\"dateModified\":\"2024-06-24T10:34:00+00:00\",\"breadcrumb\":{\"@id\":\"https:\\\/\\\/ospkocic.edu.rs\\\/?page_id=3498#breadcrumb\"},\"inLanguage\":\"en-US\",\"potentialAction\":[{\"@type\":\"ReadAction\",\"target\":[\"https:\\\/\\\/ospkocic.edu.rs\\\/?page_id=3498\"]}]},{\"@type\":\"BreadcrumbList\",\"@id\":\"https:\\\/\\\/ospkocic.edu.rs\\\/?page_id=3498#breadcrumb\",\"itemListElement\":[{\"@type\":\"ListItem\",\"position\":1,\"name\":\"Home\",\"item\":\"https:\\\/\\\/ospkocic.edu.rs\\\/\"},{\"@type\":\"ListItem\",\"position\":2,\"name\":\"\u0423\u043c\u0435\u0442\u043d\u0438\u0447\u043a\u0438 \u0433\u043b\u0430\u0441 \u043a\u0443\u043b\u0442\u0443\u0440\u0435\"}]},{\"@type\":\"WebSite\",\"@id\":\"https:\\\/\\\/ospkocic.edu.rs\\\/#website\",\"url\":\"https:\\\/\\\/ospkocic.edu.rs\\\/\",\"name\":\"\u041e\u0428 ,,\u041f\u0435\u0442\u0430\u0440 \u041a\u043e\u0447\u0438\u045b&quot;, \u0418\u043d\u0452\u0438\u0458\u0430\",\"description\":\"O\u0160 Petar Ko\u010di\u0107 In\u0111ija\",\"publisher\":{\"@id\":\"https:\\\/\\\/ospkocic.edu.rs\\\/#organization\"},\"potentialAction\":[{\"@type\":\"SearchAction\",\"target\":{\"@type\":\"EntryPoint\",\"urlTemplate\":\"https:\\\/\\\/ospkocic.edu.rs\\\/?s={search_term_string}\"},\"query-input\":{\"@type\":\"PropertyValueSpecification\",\"valueRequired\":true,\"valueName\":\"search_term_string\"}}],\"inLanguage\":\"en-US\"},{\"@type\":\"Organization\",\"@id\":\"https:\\\/\\\/ospkocic.edu.rs\\\/#organization\",\"name\":\"O\u0160 Petar Ko\u010di\u0107 In\u0111ija\",\"url\":\"https:\\\/\\\/ospkocic.edu.rs\\\/\",\"logo\":{\"@type\":\"ImageObject\",\"inLanguage\":\"en-US\",\"@id\":\"https:\\\/\\\/ospkocic.edu.rs\\\/#\\\/schema\\\/logo\\\/image\\\/\",\"url\":\"https:\\\/\\\/ospkocic.edu.rs\\\/wp-content\\\/uploads\\\/2022\\\/04\\\/logo.png\",\"contentUrl\":\"https:\\\/\\\/ospkocic.edu.rs\\\/wp-content\\\/uploads\\\/2022\\\/04\\\/logo.png\",\"width\":120,\"height\":160,\"caption\":\"O\u0160 Petar Ko\u010di\u0107 In\u0111ija\"},\"image\":{\"@id\":\"https:\\\/\\\/ospkocic.edu.rs\\\/#\\\/schema\\\/logo\\\/image\\\/\"},\"sameAs\":[\"https:\\\/\\\/www.facebook.com\\\/groups\\\/8088991261\",\"https:\\\/\\\/www.youtube.com\\\/channel\\\/UCNXE9uAnynPmW8m6xY_k2ig\"]}]}<\/script>\n<!-- \/ Yoast SEO plugin. -->","yoast_head_json":{"title":"\u0423\u043c\u0435\u0442\u043d\u0438\u0447\u043a\u0438 \u0433\u043b\u0430\u0441 \u043a\u0443\u043b\u0442\u0443\u0440\u0435 - \u041e\u0428 ,,\u041f\u0435\u0442\u0430\u0440 \u041a\u043e\u0447\u0438\u045b&quot;, \u0418\u043d\u0452\u0438\u0458\u0430","robots":{"index":"index","follow":"follow","max-snippet":"max-snippet:-1","max-image-preview":"max-image-preview:large","max-video-preview":"max-video-preview:-1"},"canonical":"https:\/\/ospkocic.edu.rs\/?page_id=3498","og_locale":"en_US","og_type":"article","og_title":"\u0423\u043c\u0435\u0442\u043d\u0438\u0447\u043a\u0438 \u0433\u043b\u0430\u0441 \u043a\u0443\u043b\u0442\u0443\u0440\u0435 - \u041e\u0428 ,,\u041f\u0435\u0442\u0430\u0440 \u041a\u043e\u0447\u0438\u045b&quot;, \u0418\u043d\u0452\u0438\u0458\u0430","og_url":"https:\/\/ospkocic.edu.rs\/?page_id=3498","og_site_name":"\u041e\u0428 ,,\u041f\u0435\u0442\u0430\u0440 \u041a\u043e\u0447\u0438\u045b&quot;, \u0418\u043d\u0452\u0438\u0458\u0430","article_publisher":"https:\/\/www.facebook.com\/groups\/8088991261","article_modified_time":"2024-06-24T10:34:00+00:00","twitter_card":"summary_large_image","twitter_misc":{"Est. reading time":"1 minute"},"schema":{"@context":"https:\/\/schema.org","@graph":[{"@type":"WebPage","@id":"https:\/\/ospkocic.edu.rs\/?page_id=3498","url":"https:\/\/ospkocic.edu.rs\/?page_id=3498","name":"\u0423\u043c\u0435\u0442\u043d\u0438\u0447\u043a\u0438 \u0433\u043b\u0430\u0441 \u043a\u0443\u043b\u0442\u0443\u0440\u0435 - \u041e\u0428 ,,\u041f\u0435\u0442\u0430\u0440 \u041a\u043e\u0447\u0438\u045b&quot;, \u0418\u043d\u0452\u0438\u0458\u0430","isPartOf":{"@id":"https:\/\/ospkocic.edu.rs\/#website"},"datePublished":"2024-06-24T10:30:32+00:00","dateModified":"2024-06-24T10:34:00+00:00","breadcrumb":{"@id":"https:\/\/ospkocic.edu.rs\/?page_id=3498#breadcrumb"},"inLanguage":"en-US","potentialAction":[{"@type":"ReadAction","target":["https:\/\/ospkocic.edu.rs\/?page_id=3498"]}]},{"@type":"BreadcrumbList","@id":"https:\/\/ospkocic.edu.rs\/?page_id=3498#breadcrumb","itemListElement":[{"@type":"ListItem","position":1,"name":"Home","item":"https:\/\/ospkocic.edu.rs\/"},{"@type":"ListItem","position":2,"name":"\u0423\u043c\u0435\u0442\u043d\u0438\u0447\u043a\u0438 \u0433\u043b\u0430\u0441 \u043a\u0443\u043b\u0442\u0443\u0440\u0435"}]},{"@type":"WebSite","@id":"https:\/\/ospkocic.edu.rs\/#website","url":"https:\/\/ospkocic.edu.rs\/","name":"\u041e\u0428 ,,\u041f\u0435\u0442\u0430\u0440 \u041a\u043e\u0447\u0438\u045b&quot;, \u0418\u043d\u0452\u0438\u0458\u0430","description":"O\u0160 Petar Ko\u010di\u0107 In\u0111ija","publisher":{"@id":"https:\/\/ospkocic.edu.rs\/#organization"},"potentialAction":[{"@type":"SearchAction","target":{"@type":"EntryPoint","urlTemplate":"https:\/\/ospkocic.edu.rs\/?s={search_term_string}"},"query-input":{"@type":"PropertyValueSpecification","valueRequired":true,"valueName":"search_term_string"}}],"inLanguage":"en-US"},{"@type":"Organization","@id":"https:\/\/ospkocic.edu.rs\/#organization","name":"O\u0160 Petar Ko\u010di\u0107 In\u0111ija","url":"https:\/\/ospkocic.edu.rs\/","logo":{"@type":"ImageObject","inLanguage":"en-US","@id":"https:\/\/ospkocic.edu.rs\/#\/schema\/logo\/image\/","url":"https:\/\/ospkocic.edu.rs\/wp-content\/uploads\/2022\/04\/logo.png","contentUrl":"https:\/\/ospkocic.edu.rs\/wp-content\/uploads\/2022\/04\/logo.png","width":120,"height":160,"caption":"O\u0160 Petar Ko\u010di\u0107 In\u0111ija"},"image":{"@id":"https:\/\/ospkocic.edu.rs\/#\/schema\/logo\/image\/"},"sameAs":["https:\/\/www.facebook.com\/groups\/8088991261","https:\/\/www.youtube.com\/channel\/UCNXE9uAnynPmW8m6xY_k2ig"]}]}},"_links":{"self":[{"href":"https:\/\/ospkocic.edu.rs\/index.php?rest_route=\/wp\/v2\/pages\/3498","targetHints":{"allow":["GET"]}}],"collection":[{"href":"https:\/\/ospkocic.edu.rs\/index.php?rest_route=\/wp\/v2\/pages"}],"about":[{"href":"https:\/\/ospkocic.edu.rs\/index.php?rest_route=\/wp\/v2\/types\/page"}],"author":[{"embeddable":true,"href":"https:\/\/ospkocic.edu.rs\/index.php?rest_route=\/wp\/v2\/users\/1"}],"replies":[{"embeddable":true,"href":"https:\/\/ospkocic.edu.rs\/index.php?rest_route=%2Fwp%2Fv2%2Fcomments&post=3498"}],"version-history":[{"count":2,"href":"https:\/\/ospkocic.edu.rs\/index.php?rest_route=\/wp\/v2\/pages\/3498\/revisions"}],"predecessor-version":[{"id":3506,"href":"https:\/\/ospkocic.edu.rs\/index.php?rest_route=\/wp\/v2\/pages\/3498\/revisions\/3506"}],"wp:attachment":[{"href":"https:\/\/ospkocic.edu.rs\/index.php?rest_route=%2Fwp%2Fv2%2Fmedia&parent=3498"}],"curies":[{"name":"wp","href":"https:\/\/api.w.org\/{rel}","templated":true}]}}