{"id":2948,"date":"2024-01-11T17:10:32","date_gmt":"2024-01-11T16:10:32","guid":{"rendered":"https:\/\/ospkocic.edu.rs\/?page_id=2948"},"modified":"2026-03-09T16:27:54","modified_gmt":"2026-03-09T15:27:54","slug":"%d1%81%d1%82%d1%80%d1%83%d1%87%d0%bd%d0%be-%d0%b2%d0%b5%d1%9b%d0%b5-%d0%bf%d1%80%d0%b8%d1%80%d0%be%d0%b4%d0%bd%d0%b8%d1%85-%d0%bd%d0%b0%d1%83%d0%ba%d0%b0","status":"publish","type":"page","link":"https:\/\/ospkocic.edu.rs\/?page_id=2948","title":{"rendered":"\u0421\u0442\u0440\u0443\u0447\u043d\u043e \u0432\u0435\u045b\u0435 \u043f\u0440\u0438\u0440\u043e\u0434\u043d\u0438\u0445 \u043d\u0430\u0443\u043a\u0430"},"content":{"rendered":"\n<figure class=\"wp-block-image size-full\"><img loading=\"lazy\" decoding=\"async\" width=\"1616\" height=\"636\" src=\"https:\/\/ospkocic.edu.rs\/wp-content\/uploads\/2026\/03\/2.png\" alt=\"\" class=\"wp-image-3938\" srcset=\"https:\/\/ospkocic.edu.rs\/wp-content\/uploads\/2026\/03\/2.png 1616w, https:\/\/ospkocic.edu.rs\/wp-content\/uploads\/2026\/03\/2-300x118.png 300w, https:\/\/ospkocic.edu.rs\/wp-content\/uploads\/2026\/03\/2-1024x403.png 1024w, https:\/\/ospkocic.edu.rs\/wp-content\/uploads\/2026\/03\/2-768x302.png 768w, https:\/\/ospkocic.edu.rs\/wp-content\/uploads\/2026\/03\/2-1536x605.png 1536w, https:\/\/ospkocic.edu.rs\/wp-content\/uploads\/2026\/03\/2-360x142.png 360w\" sizes=\"auto, (max-width: 1616px) 100vw, 1616px\" \/><\/figure>\n\n\n\n<figure class=\"wp-block-image size-full\"><img loading=\"lazy\" decoding=\"async\" width=\"1125\" height=\"582\" src=\"https:\/\/ospkocic.edu.rs\/wp-content\/uploads\/2026\/02\/1.png\" alt=\"\" class=\"wp-image-3924\" srcset=\"https:\/\/ospkocic.edu.rs\/wp-content\/uploads\/2026\/02\/1.png 1125w, https:\/\/ospkocic.edu.rs\/wp-content\/uploads\/2026\/02\/1-300x155.png 300w, https:\/\/ospkocic.edu.rs\/wp-content\/uploads\/2026\/02\/1-1024x530.png 1024w, https:\/\/ospkocic.edu.rs\/wp-content\/uploads\/2026\/02\/1-768x397.png 768w, https:\/\/ospkocic.edu.rs\/wp-content\/uploads\/2026\/02\/1-360x186.png 360w\" sizes=\"auto, (max-width: 1125px) 100vw, 1125px\" \/><\/figure>\n\n\n\n<figure class=\"wp-block-image size-large\"><img loading=\"lazy\" decoding=\"async\" width=\"1502\" height=\"577\" src=\"https:\/\/ospkocic.edu.rs\/wp-content\/uploads\/2026\/02\/3-1024x393.png\" alt=\"\" class=\"wp-image-3922\" srcset=\"https:\/\/ospkocic.edu.rs\/wp-content\/uploads\/2026\/02\/3-1024x393.png 1024w, https:\/\/ospkocic.edu.rs\/wp-content\/uploads\/2026\/02\/3-300x115.png 300w, https:\/\/ospkocic.edu.rs\/wp-content\/uploads\/2026\/02\/3-768x295.png 768w, https:\/\/ospkocic.edu.rs\/wp-content\/uploads\/2026\/02\/3-360x138.png 360w, https:\/\/ospkocic.edu.rs\/wp-content\/uploads\/2026\/02\/3.png 1502w\" sizes=\"auto, (max-width: 1502px) 100vw, 1502px\" \/><\/figure>\n","protected":false},"excerpt":{"rendered":"","protected":false},"author":1,"featured_media":0,"parent":0,"menu_order":0,"comment_status":"closed","ping_status":"closed","template":"","meta":{"footnotes":"","beyondwords_generate_audio":"","beyondwords_integration_method":"","beyondwords_project_id":"","beyondwords_content_id":"","beyondwords_preview_token":"","beyondwords_player_content":"","beyondwords_player_style":"","beyondwords_language_code":"","beyondwords_language_id":"","beyondwords_title_voice_id":"","beyondwords_body_voice_id":"","beyondwords_summary_voice_id":"","beyondwords_error_message":"","beyondwords_disabled":"","beyondwords_delete_content":"","beyondwords_podcast_id":"","beyondwords_hash":"","publish_post_to_speechkit":"","speechkit_hash":"","speechkit_generate_audio":"","speechkit_project_id":"","speechkit_podcast_id":"","speechkit_error_message":"","speechkit_disabled":"","speechkit_access_key":"","speechkit_error":"","speechkit_info":"","speechkit_response":"","speechkit_retries":"","speechkit_status":"","speechkit_updated_at":"","_speechkit_link":"","_speechkit_text":""},"class_list":["post-2948","page","type-page","status-publish","hentry"],"yoast_head":"<!-- This site is optimized with the Yoast SEO plugin v27.4 - https:\/\/yoast.com\/product\/yoast-seo-wordpress\/ -->\n<title>\u0421\u0442\u0440\u0443\u0447\u043d\u043e \u0432\u0435\u045b\u0435 \u043f\u0440\u0438\u0440\u043e\u0434\u043d\u0438\u0445 \u043d\u0430\u0443\u043a\u0430 - \u041e\u0428 ,,\u041f\u0435\u0442\u0430\u0440 \u041a\u043e\u0447\u0438\u045b&quot;, \u0418\u043d\u0452\u0438\u0458\u0430<\/title>\n<meta name=\"robots\" content=\"index, follow, max-snippet:-1, max-image-preview:large, max-video-preview:-1\" \/>\n<link rel=\"canonical\" href=\"https:\/\/ospkocic.edu.rs\/?page_id=2948\" \/>\n<meta property=\"og:locale\" content=\"en_US\" \/>\n<meta property=\"og:type\" content=\"article\" \/>\n<meta property=\"og:title\" content=\"\u0421\u0442\u0440\u0443\u0447\u043d\u043e \u0432\u0435\u045b\u0435 \u043f\u0440\u0438\u0440\u043e\u0434\u043d\u0438\u0445 \u043d\u0430\u0443\u043a\u0430 - \u041e\u0428 ,,\u041f\u0435\u0442\u0430\u0440 \u041a\u043e\u0447\u0438\u045b&quot;, \u0418\u043d\u0452\u0438\u0458\u0430\" \/>\n<meta property=\"og:url\" content=\"https:\/\/ospkocic.edu.rs\/?page_id=2948\" \/>\n<meta property=\"og:site_name\" content=\"\u041e\u0428 ,,\u041f\u0435\u0442\u0430\u0440 \u041a\u043e\u0447\u0438\u045b&quot;, \u0418\u043d\u0452\u0438\u0458\u0430\" \/>\n<meta property=\"article:publisher\" content=\"https:\/\/www.facebook.com\/groups\/8088991261\" \/>\n<meta property=\"article:modified_time\" content=\"2026-03-09T15:27:54+00:00\" \/>\n<meta property=\"og:image\" content=\"https:\/\/ospkocic.edu.rs\/wp-content\/uploads\/2026\/03\/2.png\" \/>\n\t<meta property=\"og:image:width\" content=\"1616\" \/>\n\t<meta property=\"og:image:height\" content=\"636\" \/>\n\t<meta property=\"og:image:type\" content=\"image\/png\" \/>\n<meta name=\"twitter:card\" content=\"summary_large_image\" \/>\n<meta name=\"twitter:label1\" content=\"Est. reading time\" \/>\n\t<meta name=\"twitter:data1\" content=\"1 minute\" \/>\n<script type=\"application\/ld+json\" class=\"yoast-schema-graph\">{\"@context\":\"https:\\\/\\\/schema.org\",\"@graph\":[{\"@type\":\"WebPage\",\"@id\":\"https:\\\/\\\/ospkocic.edu.rs\\\/?page_id=2948\",\"url\":\"https:\\\/\\\/ospkocic.edu.rs\\\/?page_id=2948\",\"name\":\"\u0421\u0442\u0440\u0443\u0447\u043d\u043e \u0432\u0435\u045b\u0435 \u043f\u0440\u0438\u0440\u043e\u0434\u043d\u0438\u0445 \u043d\u0430\u0443\u043a\u0430 - \u041e\u0428 ,,\u041f\u0435\u0442\u0430\u0440 \u041a\u043e\u0447\u0438\u045b&quot;, \u0418\u043d\u0452\u0438\u0458\u0430\",\"isPartOf\":{\"@id\":\"https:\\\/\\\/ospkocic.edu.rs\\\/#website\"},\"primaryImageOfPage\":{\"@id\":\"https:\\\/\\\/ospkocic.edu.rs\\\/?page_id=2948#primaryimage\"},\"image\":{\"@id\":\"https:\\\/\\\/ospkocic.edu.rs\\\/?page_id=2948#primaryimage\"},\"thumbnailUrl\":\"https:\\\/\\\/ospkocic.edu.rs\\\/wp-content\\\/uploads\\\/2026\\\/03\\\/2.png\",\"datePublished\":\"2024-01-11T16:10:32+00:00\",\"dateModified\":\"2026-03-09T15:27:54+00:00\",\"breadcrumb\":{\"@id\":\"https:\\\/\\\/ospkocic.edu.rs\\\/?page_id=2948#breadcrumb\"},\"inLanguage\":\"en-US\",\"potentialAction\":[{\"@type\":\"ReadAction\",\"target\":[\"https:\\\/\\\/ospkocic.edu.rs\\\/?page_id=2948\"]}]},{\"@type\":\"ImageObject\",\"inLanguage\":\"en-US\",\"@id\":\"https:\\\/\\\/ospkocic.edu.rs\\\/?page_id=2948#primaryimage\",\"url\":\"https:\\\/\\\/ospkocic.edu.rs\\\/wp-content\\\/uploads\\\/2026\\\/03\\\/2.png\",\"contentUrl\":\"https:\\\/\\\/ospkocic.edu.rs\\\/wp-content\\\/uploads\\\/2026\\\/03\\\/2.png\",\"width\":1616,\"height\":636},{\"@type\":\"BreadcrumbList\",\"@id\":\"https:\\\/\\\/ospkocic.edu.rs\\\/?page_id=2948#breadcrumb\",\"itemListElement\":[{\"@type\":\"ListItem\",\"position\":1,\"name\":\"Home\",\"item\":\"https:\\\/\\\/ospkocic.edu.rs\\\/\"},{\"@type\":\"ListItem\",\"position\":2,\"name\":\"\u0421\u0442\u0440\u0443\u0447\u043d\u043e \u0432\u0435\u045b\u0435 \u043f\u0440\u0438\u0440\u043e\u0434\u043d\u0438\u0445 \u043d\u0430\u0443\u043a\u0430\"}]},{\"@type\":\"WebSite\",\"@id\":\"https:\\\/\\\/ospkocic.edu.rs\\\/#website\",\"url\":\"https:\\\/\\\/ospkocic.edu.rs\\\/\",\"name\":\"\u041e\u0428 ,,\u041f\u0435\u0442\u0430\u0440 \u041a\u043e\u0447\u0438\u045b&quot;, \u0418\u043d\u0452\u0438\u0458\u0430\",\"description\":\"O\u0160 Petar Ko\u010di\u0107 In\u0111ija\",\"publisher\":{\"@id\":\"https:\\\/\\\/ospkocic.edu.rs\\\/#organization\"},\"potentialAction\":[{\"@type\":\"SearchAction\",\"target\":{\"@type\":\"EntryPoint\",\"urlTemplate\":\"https:\\\/\\\/ospkocic.edu.rs\\\/?s={search_term_string}\"},\"query-input\":{\"@type\":\"PropertyValueSpecification\",\"valueRequired\":true,\"valueName\":\"search_term_string\"}}],\"inLanguage\":\"en-US\"},{\"@type\":\"Organization\",\"@id\":\"https:\\\/\\\/ospkocic.edu.rs\\\/#organization\",\"name\":\"O\u0160 Petar Ko\u010di\u0107 In\u0111ija\",\"url\":\"https:\\\/\\\/ospkocic.edu.rs\\\/\",\"logo\":{\"@type\":\"ImageObject\",\"inLanguage\":\"en-US\",\"@id\":\"https:\\\/\\\/ospkocic.edu.rs\\\/#\\\/schema\\\/logo\\\/image\\\/\",\"url\":\"https:\\\/\\\/ospkocic.edu.rs\\\/wp-content\\\/uploads\\\/2022\\\/04\\\/logo.png\",\"contentUrl\":\"https:\\\/\\\/ospkocic.edu.rs\\\/wp-content\\\/uploads\\\/2022\\\/04\\\/logo.png\",\"width\":120,\"height\":160,\"caption\":\"O\u0160 Petar Ko\u010di\u0107 In\u0111ija\"},\"image\":{\"@id\":\"https:\\\/\\\/ospkocic.edu.rs\\\/#\\\/schema\\\/logo\\\/image\\\/\"},\"sameAs\":[\"https:\\\/\\\/www.facebook.com\\\/groups\\\/8088991261\",\"https:\\\/\\\/www.youtube.com\\\/channel\\\/UCNXE9uAnynPmW8m6xY_k2ig\"]}]}<\/script>\n<!-- \/ Yoast SEO plugin. -->","yoast_head_json":{"title":"\u0421\u0442\u0440\u0443\u0447\u043d\u043e \u0432\u0435\u045b\u0435 \u043f\u0440\u0438\u0440\u043e\u0434\u043d\u0438\u0445 \u043d\u0430\u0443\u043a\u0430 - \u041e\u0428 ,,\u041f\u0435\u0442\u0430\u0440 \u041a\u043e\u0447\u0438\u045b&quot;, \u0418\u043d\u0452\u0438\u0458\u0430","robots":{"index":"index","follow":"follow","max-snippet":"max-snippet:-1","max-image-preview":"max-image-preview:large","max-video-preview":"max-video-preview:-1"},"canonical":"https:\/\/ospkocic.edu.rs\/?page_id=2948","og_locale":"en_US","og_type":"article","og_title":"\u0421\u0442\u0440\u0443\u0447\u043d\u043e \u0432\u0435\u045b\u0435 \u043f\u0440\u0438\u0440\u043e\u0434\u043d\u0438\u0445 \u043d\u0430\u0443\u043a\u0430 - \u041e\u0428 ,,\u041f\u0435\u0442\u0430\u0440 \u041a\u043e\u0447\u0438\u045b&quot;, \u0418\u043d\u0452\u0438\u0458\u0430","og_url":"https:\/\/ospkocic.edu.rs\/?page_id=2948","og_site_name":"\u041e\u0428 ,,\u041f\u0435\u0442\u0430\u0440 \u041a\u043e\u0447\u0438\u045b&quot;, \u0418\u043d\u0452\u0438\u0458\u0430","article_publisher":"https:\/\/www.facebook.com\/groups\/8088991261","article_modified_time":"2026-03-09T15:27:54+00:00","og_image":[{"width":1616,"height":636,"url":"https:\/\/ospkocic.edu.rs\/wp-content\/uploads\/2026\/03\/2.png","type":"image\/png"}],"twitter_card":"summary_large_image","twitter_misc":{"Est. reading time":"1 minute"},"schema":{"@context":"https:\/\/schema.org","@graph":[{"@type":"WebPage","@id":"https:\/\/ospkocic.edu.rs\/?page_id=2948","url":"https:\/\/ospkocic.edu.rs\/?page_id=2948","name":"\u0421\u0442\u0440\u0443\u0447\u043d\u043e \u0432\u0435\u045b\u0435 \u043f\u0440\u0438\u0440\u043e\u0434\u043d\u0438\u0445 \u043d\u0430\u0443\u043a\u0430 - \u041e\u0428 ,,\u041f\u0435\u0442\u0430\u0440 \u041a\u043e\u0447\u0438\u045b&quot;, \u0418\u043d\u0452\u0438\u0458\u0430","isPartOf":{"@id":"https:\/\/ospkocic.edu.rs\/#website"},"primaryImageOfPage":{"@id":"https:\/\/ospkocic.edu.rs\/?page_id=2948#primaryimage"},"image":{"@id":"https:\/\/ospkocic.edu.rs\/?page_id=2948#primaryimage"},"thumbnailUrl":"https:\/\/ospkocic.edu.rs\/wp-content\/uploads\/2026\/03\/2.png","datePublished":"2024-01-11T16:10:32+00:00","dateModified":"2026-03-09T15:27:54+00:00","breadcrumb":{"@id":"https:\/\/ospkocic.edu.rs\/?page_id=2948#breadcrumb"},"inLanguage":"en-US","potentialAction":[{"@type":"ReadAction","target":["https:\/\/ospkocic.edu.rs\/?page_id=2948"]}]},{"@type":"ImageObject","inLanguage":"en-US","@id":"https:\/\/ospkocic.edu.rs\/?page_id=2948#primaryimage","url":"https:\/\/ospkocic.edu.rs\/wp-content\/uploads\/2026\/03\/2.png","contentUrl":"https:\/\/ospkocic.edu.rs\/wp-content\/uploads\/2026\/03\/2.png","width":1616,"height":636},{"@type":"BreadcrumbList","@id":"https:\/\/ospkocic.edu.rs\/?page_id=2948#breadcrumb","itemListElement":[{"@type":"ListItem","position":1,"name":"Home","item":"https:\/\/ospkocic.edu.rs\/"},{"@type":"ListItem","position":2,"name":"\u0421\u0442\u0440\u0443\u0447\u043d\u043e \u0432\u0435\u045b\u0435 \u043f\u0440\u0438\u0440\u043e\u0434\u043d\u0438\u0445 \u043d\u0430\u0443\u043a\u0430"}]},{"@type":"WebSite","@id":"https:\/\/ospkocic.edu.rs\/#website","url":"https:\/\/ospkocic.edu.rs\/","name":"\u041e\u0428 ,,\u041f\u0435\u0442\u0430\u0440 \u041a\u043e\u0447\u0438\u045b&quot;, \u0418\u043d\u0452\u0438\u0458\u0430","description":"O\u0160 Petar Ko\u010di\u0107 In\u0111ija","publisher":{"@id":"https:\/\/ospkocic.edu.rs\/#organization"},"potentialAction":[{"@type":"SearchAction","target":{"@type":"EntryPoint","urlTemplate":"https:\/\/ospkocic.edu.rs\/?s={search_term_string}"},"query-input":{"@type":"PropertyValueSpecification","valueRequired":true,"valueName":"search_term_string"}}],"inLanguage":"en-US"},{"@type":"Organization","@id":"https:\/\/ospkocic.edu.rs\/#organization","name":"O\u0160 Petar Ko\u010di\u0107 In\u0111ija","url":"https:\/\/ospkocic.edu.rs\/","logo":{"@type":"ImageObject","inLanguage":"en-US","@id":"https:\/\/ospkocic.edu.rs\/#\/schema\/logo\/image\/","url":"https:\/\/ospkocic.edu.rs\/wp-content\/uploads\/2022\/04\/logo.png","contentUrl":"https:\/\/ospkocic.edu.rs\/wp-content\/uploads\/2022\/04\/logo.png","width":120,"height":160,"caption":"O\u0160 Petar Ko\u010di\u0107 In\u0111ija"},"image":{"@id":"https:\/\/ospkocic.edu.rs\/#\/schema\/logo\/image\/"},"sameAs":["https:\/\/www.facebook.com\/groups\/8088991261","https:\/\/www.youtube.com\/channel\/UCNXE9uAnynPmW8m6xY_k2ig"]}]}},"_links":{"self":[{"href":"https:\/\/ospkocic.edu.rs\/index.php?rest_route=\/wp\/v2\/pages\/2948","targetHints":{"allow":["GET"]}}],"collection":[{"href":"https:\/\/ospkocic.edu.rs\/index.php?rest_route=\/wp\/v2\/pages"}],"about":[{"href":"https:\/\/ospkocic.edu.rs\/index.php?rest_route=\/wp\/v2\/types\/page"}],"author":[{"embeddable":true,"href":"https:\/\/ospkocic.edu.rs\/index.php?rest_route=\/wp\/v2\/users\/1"}],"replies":[{"embeddable":true,"href":"https:\/\/ospkocic.edu.rs\/index.php?rest_route=%2Fwp%2Fv2%2Fcomments&post=2948"}],"version-history":[{"count":13,"href":"https:\/\/ospkocic.edu.rs\/index.php?rest_route=\/wp\/v2\/pages\/2948\/revisions"}],"predecessor-version":[{"id":3939,"href":"https:\/\/ospkocic.edu.rs\/index.php?rest_route=\/wp\/v2\/pages\/2948\/revisions\/3939"}],"wp:attachment":[{"href":"https:\/\/ospkocic.edu.rs\/index.php?rest_route=%2Fwp%2Fv2%2Fmedia&parent=2948"}],"curies":[{"name":"wp","href":"https:\/\/api.w.org\/{rel}","templated":true}]}}