{"id":159,"date":"2018-01-26T14:12:28","date_gmt":"2018-01-26T14:12:28","guid":{"rendered":"https:\/\/ospkocic.edu.rs\/?page_id=159"},"modified":"2018-12-12T21:09:14","modified_gmt":"2018-12-12T20:09:14","slug":"%d0%b5%d0%bb%d0%b5%d0%ba%d1%82%d1%80%d0%be%d0%bd%d1%81%d0%ba%d0%b8-%d0%b4%d0%bd%d0%b5%d0%b2%d0%bd%d0%b8%d0%ba","status":"publish","type":"page","link":"https:\/\/ospkocic.edu.rs\/?page_id=159","title":{"rendered":"\u0415\u043b\u0435\u043a\u0442\u0440\u043e\u043d\u0441\u043a\u0438 \u0434\u043d\u0435\u0432\u043d\u0438\u043a"},"content":{"rendered":"<p style=\"text-align: left;\"><span style=\"color: #3366ff;\">\u041d\u0430\u0448\u0430 \u0448\u043a\u043e\u043b\u0430 \u0458\u0435 \u043e\u0434 \u0434\u0440\u0443\u0433\u043e\u0433 \u043f\u043e\u043b\u0443\u0433\u043e\u0434\u0438\u0448\u0442\u0430 \u0448\u043a\u043e\u043b\u0441\u043a\u0435 2017\/18. \u0433\u043e\u0434\u0438\u043d\u0435 \u0443\u0448\u043b\u0430 \u0443 \u043f\u0438\u043b\u043e\u0442 \u043f\u0440\u043e\u0458\u0435\u043a\u0430\u0442 \u0432\u043e\u0452\u0435\u045a\u0430 \u0435\u043b\u0435\u043a\u0442\u0440\u043e\u043d\u0441\u043a\u043e\u0433 \u0434\u043d\u0435\u0432\u043d\u0438\u043a\u0430 \u043f\u043e\u0434 \u043f\u043e\u043a\u0440\u043e\u0432\u0438\u0442\u0435\u0459\u0441\u0442\u0432\u043e\u043c \u041c\u0438\u043d\u0438\u0441\u0442\u0430\u0440\u0441\u0442\u0432\u0430 \u043f\u0440\u043e\u0441\u0432\u0435\u0442\u0435. \u041e\u0432\u0430\u0458 \u043f\u0440\u043e\u0458\u0435\u043a\u0430\u0442 \u0438\u043c\u0430 \u0437\u0430 \u0446\u0438\u0459 \u0434\u0430 \u0441\u043a\u043e\u0440\u043e \u0443 \u043f\u043e\u0442\u043f\u0443\u043d\u043e\u0441\u0442\u0438 \u0434\u0438\u0433\u0438\u0442\u0430\u043b\u0438\u0437\u0443\u0458\u0435 \u0432\u043e\u0452\u0435\u045a\u0435 \u0435\u0432\u0438\u0434\u0435\u043d\u0446\u0438\u0458\u0435 \u0432\u0430\u0441\u043f\u0438\u0442\u043d\u043e-\u043e\u0431\u0440\u0430\u0437\u043e\u0432\u043d\u043e\u0433 \u0440\u0430\u0434\u0430 \u0443 \u043e\u0441\u043d\u043e\u0432\u043d\u0438\u043c \u0438 \u0441\u0440\u0435\u0434\u045a\u0438\u043c \u0448\u043a\u043e\u043b\u0430\u043c\u0430. \u0417\u0430 \u0448\u043a\u043e\u043b\u0441\u043a\u0435 \u043a\u043e\u043e\u0440\u0434\u0438\u043d\u0430\u0442\u043e\u0440\u0435 \u043f\u0440\u043e\u0458\u0435\u043a\u0442\u0430 \u0441\u0443 \u043e\u0434\u043b\u0443\u043a\u043e\u043c \u0434\u0438\u0440\u0435\u043a\u0442\u043e\u0440\u0430 \u043e\u0434\u0440\u0435\u0452\u0435\u043d\u0438 \u043d\u0430\u0441\u0442\u0430\u0432\u043d\u0438\u043a \u0440\u0430\u0437\u0440\u0435\u0434\u043d\u0435 \u043d\u0430\u0441\u0442\u0430\u0432\u0435 \u0421\u0432\u0435\u0442\u043b\u0430\u043d\u0430 \u041c\u0438\u043b\u043e\u0458\u0435\u0432\u0438\u045b \u0438 \u043d\u0430\u0441\u0442\u0430\u0432\u043d\u0438\u043a \u0442\u0435\u0445\u043d\u0438\u0447\u043a\u043e\u0433 \u0438 \u0438\u043d\u0444\u043e\u0440\u043c\u0430\u0442\u0438\u0447\u043a\u043e\u0433 \u043e\u0431\u0440\u0430\u0437\u043e\u0432\u0430\u045a\u0430 \u0410\u043b\u0435\u043a\u0441\u0430\u043d\u0434\u0430\u0440 \u041c\u0430\u043c\u0438\u045b.<\/span><\/p>\n<p><span style=\"color: #3366ff;\">\u041e\u0434 \u043f\u043e\u0447\u0435\u0442\u043a\u0430 \u0448\u043a\u043e\u043b\u0441\u043a\u0435\u00a02018\/19. \u0433\u043e\u0434\u0438\u043d\u0435 \u043a\u043e\u043c\u043f\u043b\u0435\u0442\u043d\u0430 \u0435\u0432\u0438\u0434\u0435\u043d\u0446\u0438\u0458\u0430 \u0432\u0430\u0441\u043f\u0438\u0442\u043d\u043e &#8211; \u043e\u0431\u0440\u0430\u0437\u043e\u0432\u043d\u043e\u0433 \u0440\u0430\u0434\u0430 \u0443 \u043d\u0430\u0448\u043e\u0458 \u0448\u043a\u043e\u043b\u0438 \u0441\u0435 \u0432\u043e\u0434\u0438 \u0443 \u0441\u0438\u0441\u0442\u0435\u043c\u0443 \u0435\u0441 \u0414\u041d\u0415\u0412\u041d\u0418\u041a.\u00a0\u0421\u0438\u0441\u0442\u0435\u043c \u0435\u0441 \u0414\u043d\u0435\u0432\u043d\u0438\u043a \u043f\u0440\u0435\u0434\u0441\u0442\u0430\u0432\u0459\u0430 \u0458\u0435\u0434\u0438\u043d\u0441\u0442\u0432\u0435\u043d\u043e \u0441\u043e\u0444\u0442\u0432\u0435\u0440\u0441\u043a\u043e \u0440\u0435\u0448\u0435\u045a\u0435 \u043a\u043e\u0458\u0435 \u0443 \u0441\u0435\u0431\u0438 \u0438\u043d\u0442\u0435\u0433\u0440\u0438\u0448\u0435 \u0434\u043d\u0435\u0432\u043d\u0438\u043a\u00a0 \u0440\u0435\u0434\u043e\u0432\u043d\u0435 \u043d\u0430\u0441\u0442\u0430\u0432\u0435, \u0434\u043d\u0435\u0432\u043d\u0438\u043a \u043e\u0441\u0442\u0430\u043b\u0438\u0445 \u043e\u0431\u043b\u0438\u043a\u0430\u00a0\u0432\u0430\u0441\u043f\u0438\u0442\u043d\u043e-\u043e\u0431\u0440\u0430\u0437\u043e\u0432\u043d\u043e\u0433 \u0440\u0430\u0434\u0430 (\u0434\u043e\u0434\u0430\u0442\u043d\u0430 \u0438 \u0434\u043e\u043f\u0443\u043d\u0441\u043a\u0430 \u043d\u0430\u0441\u0442\u0430\u0432\u0430, \u0441\u0435\u043a\u0446\u0438\u0458\u0435, \u043f\u0440\u0438\u043f\u0440\u0435\u043c\u0435 \u0437\u0430 \u0442\u0430\u043a\u043c\u0438\u0447\u0435\u045a\u0430 \u0438 \u0434\u0440.), \u0434\u043d\u0435\u0432\u043d\u0438\u043a \u0440\u0430\u0434\u0430 \u043e\u0434\u0435\u0459\u0435\u045a\u0441\u043a\u043e\u0433 \u0441\u0442\u0430\u0440\u0435\u0448\u0438\u043d\u0435, \u043a\u0430\u043e \u0438 \u043c\u043d\u043e\u0433\u0435 \u0434\u0440\u0443\u0433\u0435 \u0430\u0434\u043c\u0438\u043d\u0438\u0441\u0442\u0440\u0430\u0442\u0438\u0432\u043d\u0435 \u043f\u0440\u043e\u0442\u043e\u043a\u043e\u043b\u0435.\u00a0 \u0421\u0430\u043c \u0442\u0430\u0458 \u0447\u0438\u043d \u043f\u0440\u0435\u0434\u0441\u0442\u0430\u0432\u0459\u0430 \u0432\u0435\u043b\u0438\u043a\u0438 \u043a\u043e\u0440\u0430\u043a \u0443 \u0443\u043d\u0430\u043f\u0440\u0435\u0452\u0435\u045a\u0443 \u0435\u0444\u0438\u043a\u0430\u0441\u043d\u043e\u0441\u0442\u0438 \u0438 \u043a\u0432\u0430\u043b\u0438\u0442\u0435\u0442\u0430 \u043d\u0430\u0441\u0442\u0430\u0432\u043d\u043e\u0433 \u043f\u0440\u043e\u0446\u0435\u0441\u0430.\u00a0 \u041e\u0434 \u043f\u043e\u0447\u0435\u0442\u043a\u0430 \u0434\u0440\u0443\u0433\u043e\u0433 \u043f\u043e\u043b\u0443\u0433\u043e\u0434\u0438\u0448\u0442\u0430 \u0443 \u043f\u043e\u0442\u043f\u0443\u043d\u043e\u0441\u0442\u0438 \u045b\u0435 \u0431\u0438\u0442\u0438 \u0444\u0443\u043d\u043a\u0446\u0438\u043e\u043d\u0430\u043b\u0430\u043d \u0438 \u0441\u0435\u0440\u0432\u0438\u0441 \u0437\u0430 \u0440\u043e\u0434\u0438\u0442\u0435\u0459\u0435. \u0428\u043a\u043e\u043b\u0441\u043a\u0438 \u0430\u0434\u043c\u0438\u043d\u0438\u0441\u0442\u0440\u0430\u0442\u043e\u0440\u0438 \u0441\u0438\u0441\u0442\u0435\u043c\u0430 \u0435\u0441 \u0414\u041d\u0415\u0412\u041d\u0418\u041a \u0443\u00a02018\/19. \u0433\u043e\u0434\u0438\u043d\u0438 \u0441\u0443\u00a0\u043d\u0430\u0441\u0442\u0430\u0432\u043d\u0438\u043a \u0440\u0430\u0437\u0440\u0435\u0434\u043d\u0435 \u043d\u0430\u0441\u0442\u0430\u0432\u0435 \u041c\u0438\u043b\u0438\u0446\u0430 \u041c\u0438\u0458\u0430\u043b\u0447\u0438\u045b \u0438 \u043d\u0430\u0441\u0442\u0430\u0432\u043d\u0438\u043a \u0442\u0435\u0445\u043d\u0438\u043a\u0435 \u0438 \u0438\u043d\u0444\u043e\u0440\u043c\u0430\u0442\u0438\u043a\u0435 \u0410\u043b\u0435\u043a\u0441\u0430\u043d\u0434\u0430\u0440 \u041c\u0430\u043c\u0438\u045b.<\/span><\/p>\n<p>&nbsp;<\/p>\n<p><iframe loading=\"lazy\" title=\"Elektronski dnevnik\" width=\"847\" height=\"476\" src=\"https:\/\/www.youtube.com\/embed\/Tv2P6JJgl60?feature=oembed\" frameborder=\"0\" allow=\"accelerometer; autoplay; clipboard-write; encrypted-media; gyroscope; picture-in-picture\" allowfullscreen><\/iframe><\/p>\n","protected":false},"excerpt":{"rendered":"<p>\u041d\u0430\u0448\u0430 \u0448\u043a\u043e\u043b\u0430 \u0458\u0435 \u043e\u0434 \u0434\u0440\u0443\u0433\u043e\u0433 \u043f\u043e\u043b\u0443\u0433\u043e\u0434\u0438\u0448\u0442\u0430 \u0448\u043a\u043e\u043b\u0441\u043a\u0435 2017\/18. \u0433\u043e\u0434\u0438\u043d\u0435 \u0443\u0448\u043b\u0430 \u0443 \u043f\u0438\u043b\u043e\u0442 \u043f\u0440\u043e\u0458\u0435\u043a\u0430\u0442 \u0432\u043e\u0452\u0435\u045a\u0430 \u0435\u043b\u0435\u043a\u0442\u0440\u043e\u043d\u0441\u043a\u043e\u0433 \u0434\u043d\u0435\u0432\u043d\u0438\u043a\u0430 \u043f\u043e\u0434 \u043f\u043e\u043a\u0440\u043e\u0432\u0438\u0442\u0435\u0459\u0441\u0442\u0432\u043e\u043c \u041c\u0438\u043d\u0438\u0441\u0442\u0430\u0440\u0441\u0442\u0432\u0430 \u043f\u0440\u043e\u0441\u0432\u0435\u0442\u0435. \u041e\u0432\u0430\u0458 \u043f\u0440\u043e\u0458\u0435\u043a\u0430\u0442 \u0438\u043c\u0430 \u0437\u0430 \u0446\u0438\u0459 \u0434\u0430 \u0441\u043a\u043e\u0440\u043e \u0443 \u043f\u043e\u0442\u043f\u0443\u043d\u043e\u0441\u0442\u0438 \u0434\u0438\u0433\u0438\u0442\u0430\u043b\u0438\u0437\u0443\u0458\u0435 \u0432\u043e\u0452\u0435\u045a\u0435 \u0435\u0432\u0438\u0434\u0435\u043d\u0446\u0438\u0458\u0435 \u0432\u0430\u0441\u043f\u0438\u0442\u043d\u043e-\u043e\u0431\u0440\u0430\u0437\u043e\u0432\u043d\u043e\u0433 \u0440\u0430\u0434\u0430 \u0443 \u043e\u0441\u043d\u043e\u0432\u043d\u0438\u043c \u0438 \u0441\u0440\u0435\u0434\u045a\u0438\u043c \u0448\u043a\u043e\u043b\u0430\u043c\u0430. \u0417\u0430 <a href=\"https:\/\/ospkocic.edu.rs\/?page_id=159\" class=\"read-more\">Read More &#8230;<\/a><\/p>\n","protected":false},"author":1,"featured_media":0,"parent":0,"menu_order":0,"comment_status":"closed","ping_status":"closed","template":"","meta":{"footnotes":"","beyondwords_generate_audio":"","beyondwords_integration_method":"","beyondwords_project_id":"","beyondwords_content_id":"","beyondwords_preview_token":"","beyondwords_player_content":"","beyondwords_player_style":"","beyondwords_language_code":"","beyondwords_language_id":"","beyondwords_title_voice_id":"","beyondwords_body_voice_id":"","beyondwords_summary_voice_id":"","beyondwords_error_message":"","beyondwords_disabled":"","beyondwords_delete_content":"","beyondwords_podcast_id":"","beyondwords_hash":"","publish_post_to_speechkit":"","speechkit_hash":"","speechkit_generate_audio":"","speechkit_project_id":"","speechkit_podcast_id":"","speechkit_error_message":"","speechkit_disabled":"","speechkit_access_key":"","speechkit_error":"","speechkit_info":"","speechkit_response":"","speechkit_retries":"","speechkit_status":"","speechkit_updated_at":"","_speechkit_link":"","_speechkit_text":""},"class_list":["post-159","page","type-page","status-publish","hentry"],"yoast_head":"<!-- This site is optimized with the Yoast SEO plugin v27.4 - https:\/\/yoast.com\/product\/yoast-seo-wordpress\/ -->\n<title>\u0415\u043b\u0435\u043a\u0442\u0440\u043e\u043d\u0441\u043a\u0438 \u0434\u043d\u0435\u0432\u043d\u0438\u043a - \u041e\u0428 ,,\u041f\u0435\u0442\u0430\u0440 \u041a\u043e\u0447\u0438\u045b&quot;, \u0418\u043d\u0452\u0438\u0458\u0430<\/title>\n<meta name=\"robots\" content=\"index, follow, max-snippet:-1, max-image-preview:large, max-video-preview:-1\" \/>\n<link rel=\"canonical\" href=\"https:\/\/ospkocic.edu.rs\/?page_id=159\" \/>\n<meta property=\"og:locale\" content=\"en_US\" \/>\n<meta property=\"og:type\" content=\"article\" \/>\n<meta property=\"og:title\" content=\"\u0415\u043b\u0435\u043a\u0442\u0440\u043e\u043d\u0441\u043a\u0438 \u0434\u043d\u0435\u0432\u043d\u0438\u043a - \u041e\u0428 ,,\u041f\u0435\u0442\u0430\u0440 \u041a\u043e\u0447\u0438\u045b&quot;, \u0418\u043d\u0452\u0438\u0458\u0430\" \/>\n<meta property=\"og:description\" content=\"\u041d\u0430\u0448\u0430 \u0448\u043a\u043e\u043b\u0430 \u0458\u0435 \u043e\u0434 \u0434\u0440\u0443\u0433\u043e\u0433 \u043f\u043e\u043b\u0443\u0433\u043e\u0434\u0438\u0448\u0442\u0430 \u0448\u043a\u043e\u043b\u0441\u043a\u0435 2017\/18. \u0433\u043e\u0434\u0438\u043d\u0435 \u0443\u0448\u043b\u0430 \u0443 \u043f\u0438\u043b\u043e\u0442 \u043f\u0440\u043e\u0458\u0435\u043a\u0430\u0442 \u0432\u043e\u0452\u0435\u045a\u0430 \u0435\u043b\u0435\u043a\u0442\u0440\u043e\u043d\u0441\u043a\u043e\u0433 \u0434\u043d\u0435\u0432\u043d\u0438\u043a\u0430 \u043f\u043e\u0434 \u043f\u043e\u043a\u0440\u043e\u0432\u0438\u0442\u0435\u0459\u0441\u0442\u0432\u043e\u043c \u041c\u0438\u043d\u0438\u0441\u0442\u0430\u0440\u0441\u0442\u0432\u0430 \u043f\u0440\u043e\u0441\u0432\u0435\u0442\u0435. \u041e\u0432\u0430\u0458 \u043f\u0440\u043e\u0458\u0435\u043a\u0430\u0442 \u0438\u043c\u0430 \u0437\u0430 \u0446\u0438\u0459 \u0434\u0430 \u0441\u043a\u043e\u0440\u043e \u0443 \u043f\u043e\u0442\u043f\u0443\u043d\u043e\u0441\u0442\u0438 \u0434\u0438\u0433\u0438\u0442\u0430\u043b\u0438\u0437\u0443\u0458\u0435 \u0432\u043e\u0452\u0435\u045a\u0435 \u0435\u0432\u0438\u0434\u0435\u043d\u0446\u0438\u0458\u0435 \u0432\u0430\u0441\u043f\u0438\u0442\u043d\u043e-\u043e\u0431\u0440\u0430\u0437\u043e\u0432\u043d\u043e\u0433 \u0440\u0430\u0434\u0430 \u0443 \u043e\u0441\u043d\u043e\u0432\u043d\u0438\u043c \u0438 \u0441\u0440\u0435\u0434\u045a\u0438\u043c \u0448\u043a\u043e\u043b\u0430\u043c\u0430. \u0417\u0430 Read More ...\" \/>\n<meta property=\"og:url\" content=\"https:\/\/ospkocic.edu.rs\/?page_id=159\" \/>\n<meta property=\"og:site_name\" content=\"\u041e\u0428 ,,\u041f\u0435\u0442\u0430\u0440 \u041a\u043e\u0447\u0438\u045b&quot;, \u0418\u043d\u0452\u0438\u0458\u0430\" \/>\n<meta property=\"article:publisher\" content=\"https:\/\/www.facebook.com\/groups\/8088991261\" \/>\n<meta property=\"article:modified_time\" content=\"2018-12-12T20:09:14+00:00\" \/>\n<meta name=\"twitter:card\" content=\"summary_large_image\" \/>\n<script type=\"application\/ld+json\" class=\"yoast-schema-graph\">{\"@context\":\"https:\\\/\\\/schema.org\",\"@graph\":[{\"@type\":\"WebPage\",\"@id\":\"https:\\\/\\\/ospkocic.edu.rs\\\/?page_id=159\",\"url\":\"https:\\\/\\\/ospkocic.edu.rs\\\/?page_id=159\",\"name\":\"\u0415\u043b\u0435\u043a\u0442\u0440\u043e\u043d\u0441\u043a\u0438 \u0434\u043d\u0435\u0432\u043d\u0438\u043a - \u041e\u0428 ,,\u041f\u0435\u0442\u0430\u0440 \u041a\u043e\u0447\u0438\u045b&quot;, \u0418\u043d\u0452\u0438\u0458\u0430\",\"isPartOf\":{\"@id\":\"https:\\\/\\\/ospkocic.edu.rs\\\/#website\"},\"datePublished\":\"2018-01-26T14:12:28+00:00\",\"dateModified\":\"2018-12-12T20:09:14+00:00\",\"breadcrumb\":{\"@id\":\"https:\\\/\\\/ospkocic.edu.rs\\\/?page_id=159#breadcrumb\"},\"inLanguage\":\"en-US\",\"potentialAction\":[{\"@type\":\"ReadAction\",\"target\":[\"https:\\\/\\\/ospkocic.edu.rs\\\/?page_id=159\"]}]},{\"@type\":\"BreadcrumbList\",\"@id\":\"https:\\\/\\\/ospkocic.edu.rs\\\/?page_id=159#breadcrumb\",\"itemListElement\":[{\"@type\":\"ListItem\",\"position\":1,\"name\":\"Home\",\"item\":\"https:\\\/\\\/ospkocic.edu.rs\\\/\"},{\"@type\":\"ListItem\",\"position\":2,\"name\":\"\u0415\u043b\u0435\u043a\u0442\u0440\u043e\u043d\u0441\u043a\u0438 \u0434\u043d\u0435\u0432\u043d\u0438\u043a\"}]},{\"@type\":\"WebSite\",\"@id\":\"https:\\\/\\\/ospkocic.edu.rs\\\/#website\",\"url\":\"https:\\\/\\\/ospkocic.edu.rs\\\/\",\"name\":\"\u041e\u0428 ,,\u041f\u0435\u0442\u0430\u0440 \u041a\u043e\u0447\u0438\u045b&quot;, \u0418\u043d\u0452\u0438\u0458\u0430\",\"description\":\"O\u0160 Petar Ko\u010di\u0107 In\u0111ija\",\"publisher\":{\"@id\":\"https:\\\/\\\/ospkocic.edu.rs\\\/#organization\"},\"potentialAction\":[{\"@type\":\"SearchAction\",\"target\":{\"@type\":\"EntryPoint\",\"urlTemplate\":\"https:\\\/\\\/ospkocic.edu.rs\\\/?s={search_term_string}\"},\"query-input\":{\"@type\":\"PropertyValueSpecification\",\"valueRequired\":true,\"valueName\":\"search_term_string\"}}],\"inLanguage\":\"en-US\"},{\"@type\":\"Organization\",\"@id\":\"https:\\\/\\\/ospkocic.edu.rs\\\/#organization\",\"name\":\"O\u0160 Petar Ko\u010di\u0107 In\u0111ija\",\"url\":\"https:\\\/\\\/ospkocic.edu.rs\\\/\",\"logo\":{\"@type\":\"ImageObject\",\"inLanguage\":\"en-US\",\"@id\":\"https:\\\/\\\/ospkocic.edu.rs\\\/#\\\/schema\\\/logo\\\/image\\\/\",\"url\":\"https:\\\/\\\/ospkocic.edu.rs\\\/wp-content\\\/uploads\\\/2022\\\/04\\\/logo.png\",\"contentUrl\":\"https:\\\/\\\/ospkocic.edu.rs\\\/wp-content\\\/uploads\\\/2022\\\/04\\\/logo.png\",\"width\":120,\"height\":160,\"caption\":\"O\u0160 Petar Ko\u010di\u0107 In\u0111ija\"},\"image\":{\"@id\":\"https:\\\/\\\/ospkocic.edu.rs\\\/#\\\/schema\\\/logo\\\/image\\\/\"},\"sameAs\":[\"https:\\\/\\\/www.facebook.com\\\/groups\\\/8088991261\",\"https:\\\/\\\/www.youtube.com\\\/channel\\\/UCNXE9uAnynPmW8m6xY_k2ig\"]}]}<\/script>\n<!-- \/ Yoast SEO plugin. -->","yoast_head_json":{"title":"\u0415\u043b\u0435\u043a\u0442\u0440\u043e\u043d\u0441\u043a\u0438 \u0434\u043d\u0435\u0432\u043d\u0438\u043a - \u041e\u0428 ,,\u041f\u0435\u0442\u0430\u0440 \u041a\u043e\u0447\u0438\u045b&quot;, \u0418\u043d\u0452\u0438\u0458\u0430","robots":{"index":"index","follow":"follow","max-snippet":"max-snippet:-1","max-image-preview":"max-image-preview:large","max-video-preview":"max-video-preview:-1"},"canonical":"https:\/\/ospkocic.edu.rs\/?page_id=159","og_locale":"en_US","og_type":"article","og_title":"\u0415\u043b\u0435\u043a\u0442\u0440\u043e\u043d\u0441\u043a\u0438 \u0434\u043d\u0435\u0432\u043d\u0438\u043a - \u041e\u0428 ,,\u041f\u0435\u0442\u0430\u0440 \u041a\u043e\u0447\u0438\u045b&quot;, \u0418\u043d\u0452\u0438\u0458\u0430","og_description":"\u041d\u0430\u0448\u0430 \u0448\u043a\u043e\u043b\u0430 \u0458\u0435 \u043e\u0434 \u0434\u0440\u0443\u0433\u043e\u0433 \u043f\u043e\u043b\u0443\u0433\u043e\u0434\u0438\u0448\u0442\u0430 \u0448\u043a\u043e\u043b\u0441\u043a\u0435 2017\/18. \u0433\u043e\u0434\u0438\u043d\u0435 \u0443\u0448\u043b\u0430 \u0443 \u043f\u0438\u043b\u043e\u0442 \u043f\u0440\u043e\u0458\u0435\u043a\u0430\u0442 \u0432\u043e\u0452\u0435\u045a\u0430 \u0435\u043b\u0435\u043a\u0442\u0440\u043e\u043d\u0441\u043a\u043e\u0433 \u0434\u043d\u0435\u0432\u043d\u0438\u043a\u0430 \u043f\u043e\u0434 \u043f\u043e\u043a\u0440\u043e\u0432\u0438\u0442\u0435\u0459\u0441\u0442\u0432\u043e\u043c \u041c\u0438\u043d\u0438\u0441\u0442\u0430\u0440\u0441\u0442\u0432\u0430 \u043f\u0440\u043e\u0441\u0432\u0435\u0442\u0435. \u041e\u0432\u0430\u0458 \u043f\u0440\u043e\u0458\u0435\u043a\u0430\u0442 \u0438\u043c\u0430 \u0437\u0430 \u0446\u0438\u0459 \u0434\u0430 \u0441\u043a\u043e\u0440\u043e \u0443 \u043f\u043e\u0442\u043f\u0443\u043d\u043e\u0441\u0442\u0438 \u0434\u0438\u0433\u0438\u0442\u0430\u043b\u0438\u0437\u0443\u0458\u0435 \u0432\u043e\u0452\u0435\u045a\u0435 \u0435\u0432\u0438\u0434\u0435\u043d\u0446\u0438\u0458\u0435 \u0432\u0430\u0441\u043f\u0438\u0442\u043d\u043e-\u043e\u0431\u0440\u0430\u0437\u043e\u0432\u043d\u043e\u0433 \u0440\u0430\u0434\u0430 \u0443 \u043e\u0441\u043d\u043e\u0432\u043d\u0438\u043c \u0438 \u0441\u0440\u0435\u0434\u045a\u0438\u043c \u0448\u043a\u043e\u043b\u0430\u043c\u0430. \u0417\u0430 Read More ...","og_url":"https:\/\/ospkocic.edu.rs\/?page_id=159","og_site_name":"\u041e\u0428 ,,\u041f\u0435\u0442\u0430\u0440 \u041a\u043e\u0447\u0438\u045b&quot;, \u0418\u043d\u0452\u0438\u0458\u0430","article_publisher":"https:\/\/www.facebook.com\/groups\/8088991261","article_modified_time":"2018-12-12T20:09:14+00:00","twitter_card":"summary_large_image","schema":{"@context":"https:\/\/schema.org","@graph":[{"@type":"WebPage","@id":"https:\/\/ospkocic.edu.rs\/?page_id=159","url":"https:\/\/ospkocic.edu.rs\/?page_id=159","name":"\u0415\u043b\u0435\u043a\u0442\u0440\u043e\u043d\u0441\u043a\u0438 \u0434\u043d\u0435\u0432\u043d\u0438\u043a - \u041e\u0428 ,,\u041f\u0435\u0442\u0430\u0440 \u041a\u043e\u0447\u0438\u045b&quot;, \u0418\u043d\u0452\u0438\u0458\u0430","isPartOf":{"@id":"https:\/\/ospkocic.edu.rs\/#website"},"datePublished":"2018-01-26T14:12:28+00:00","dateModified":"2018-12-12T20:09:14+00:00","breadcrumb":{"@id":"https:\/\/ospkocic.edu.rs\/?page_id=159#breadcrumb"},"inLanguage":"en-US","potentialAction":[{"@type":"ReadAction","target":["https:\/\/ospkocic.edu.rs\/?page_id=159"]}]},{"@type":"BreadcrumbList","@id":"https:\/\/ospkocic.edu.rs\/?page_id=159#breadcrumb","itemListElement":[{"@type":"ListItem","position":1,"name":"Home","item":"https:\/\/ospkocic.edu.rs\/"},{"@type":"ListItem","position":2,"name":"\u0415\u043b\u0435\u043a\u0442\u0440\u043e\u043d\u0441\u043a\u0438 \u0434\u043d\u0435\u0432\u043d\u0438\u043a"}]},{"@type":"WebSite","@id":"https:\/\/ospkocic.edu.rs\/#website","url":"https:\/\/ospkocic.edu.rs\/","name":"\u041e\u0428 ,,\u041f\u0435\u0442\u0430\u0440 \u041a\u043e\u0447\u0438\u045b&quot;, \u0418\u043d\u0452\u0438\u0458\u0430","description":"O\u0160 Petar Ko\u010di\u0107 In\u0111ija","publisher":{"@id":"https:\/\/ospkocic.edu.rs\/#organization"},"potentialAction":[{"@type":"SearchAction","target":{"@type":"EntryPoint","urlTemplate":"https:\/\/ospkocic.edu.rs\/?s={search_term_string}"},"query-input":{"@type":"PropertyValueSpecification","valueRequired":true,"valueName":"search_term_string"}}],"inLanguage":"en-US"},{"@type":"Organization","@id":"https:\/\/ospkocic.edu.rs\/#organization","name":"O\u0160 Petar Ko\u010di\u0107 In\u0111ija","url":"https:\/\/ospkocic.edu.rs\/","logo":{"@type":"ImageObject","inLanguage":"en-US","@id":"https:\/\/ospkocic.edu.rs\/#\/schema\/logo\/image\/","url":"https:\/\/ospkocic.edu.rs\/wp-content\/uploads\/2022\/04\/logo.png","contentUrl":"https:\/\/ospkocic.edu.rs\/wp-content\/uploads\/2022\/04\/logo.png","width":120,"height":160,"caption":"O\u0160 Petar Ko\u010di\u0107 In\u0111ija"},"image":{"@id":"https:\/\/ospkocic.edu.rs\/#\/schema\/logo\/image\/"},"sameAs":["https:\/\/www.facebook.com\/groups\/8088991261","https:\/\/www.youtube.com\/channel\/UCNXE9uAnynPmW8m6xY_k2ig"]}]}},"_links":{"self":[{"href":"https:\/\/ospkocic.edu.rs\/index.php?rest_route=\/wp\/v2\/pages\/159","targetHints":{"allow":["GET"]}}],"collection":[{"href":"https:\/\/ospkocic.edu.rs\/index.php?rest_route=\/wp\/v2\/pages"}],"about":[{"href":"https:\/\/ospkocic.edu.rs\/index.php?rest_route=\/wp\/v2\/types\/page"}],"author":[{"embeddable":true,"href":"https:\/\/ospkocic.edu.rs\/index.php?rest_route=\/wp\/v2\/users\/1"}],"replies":[{"embeddable":true,"href":"https:\/\/ospkocic.edu.rs\/index.php?rest_route=%2Fwp%2Fv2%2Fcomments&post=159"}],"version-history":[{"count":7,"href":"https:\/\/ospkocic.edu.rs\/index.php?rest_route=\/wp\/v2\/pages\/159\/revisions"}],"predecessor-version":[{"id":1349,"href":"https:\/\/ospkocic.edu.rs\/index.php?rest_route=\/wp\/v2\/pages\/159\/revisions\/1349"}],"wp:attachment":[{"href":"https:\/\/ospkocic.edu.rs\/index.php?rest_route=%2Fwp%2Fv2%2Fmedia&parent=159"}],"curies":[{"name":"wp","href":"https:\/\/api.w.org\/{rel}","templated":true}]}}