{"id":1571,"date":"2019-08-17T16:05:47","date_gmt":"2019-08-17T15:05:47","guid":{"rendered":"https:\/\/ospkocic.edu.rs\/?page_id=1571"},"modified":"2019-08-17T16:05:47","modified_gmt":"2019-08-17T15:05:47","slug":"%d0%b0%d0%bc%d1%80%d0%b5%d1%81","status":"publish","type":"page","link":"https:\/\/ospkocic.edu.rs\/?page_id=1571","title":{"rendered":"\u0410\u041c\u0420\u0415\u0421"},"content":{"rendered":"<p><span style=\"color: #800080;\"><strong>\u041e\u0434 \u043f\u043e\u0447\u0435\u0442\u043a\u0430 \u0448\u043a\u043e\u043b\u0441\u043a\u0435 2017\/2018. \u0433\u043e\u0434\u0438\u043d\u0435 \u043d\u0430\u0448\u0430 \u0448\u043a\u043e\u043b\u0430 \u0458\u0435 \u0434\u0435\u043e \u0410\u041c\u0420\u0415\u0421 \u043c\u0440\u0435\u0436\u0435.\u00a0\u00a0\u201c\u0410\u043a\u0430\u0434\u0435\u043c\u0441\u043a\u0430 \u043c\u0440\u0435\u0436\u0430 \u0420\u0435\u043f\u0443\u0431\u043b\u0438\u043a\u0435 \u0421\u0440\u0431\u0438\u0458\u0435 &#8211; \u0410\u041c\u0420\u0415\u0421\u201d \u0458\u0435 \u043e\u0441\u043d\u043e\u0432\u0430\u043b\u0430 \u0412\u043b\u0430\u0434\u0430 \u0420\u0435\u043f\u0443\u0431\u043b\u0438\u043a\u0435 \u0421\u0440\u0431\u0438\u0458\u0435 \u0440\u0430\u0434\u0438 \u0438\u0437\u0433\u0440\u0430\u0434\u045a\u0435, \u0440\u0430\u0437\u0432\u043e\u0458\u0430 \u0438 \u0443\u043f\u0440\u0430\u0432\u0459\u0430\u045a\u0430 \u043e\u0431\u0440\u0430\u0437\u043e\u0432\u043d\u043e\u043c \u0438 \u043d\u0430\u0443\u0447\u043d\u043e-\u0438\u0441\u0442\u0440\u0430\u0436\u0438\u0432\u0430\u0447\u043a\u043e\u043c \u0440\u0430\u0447\u0443\u043d\u0430\u0440\u0441\u043a\u043e\u043c \u043c\u0440\u0435\u0436\u043e\u043c \u0420\u0435\u043f\u0443\u0431\u043b\u0438\u043a\u0435 \u0421\u0440\u0431\u0438\u0458\u0435. \u041e\u0432\u0430 \u043c\u0440\u0435\u0436\u0430 \u043e\u0431\u0440\u0430\u0437\u043e\u0432\u043d\u0438\u043c \u0438 \u043d\u0430\u0443\u0447\u043d\u043e-\u0438\u0441\u0442\u0440\u0430\u0436\u0438\u0432\u0430\u0447\u043a\u0438\u043c \u043e\u0440\u0433\u0430\u043d\u0438\u0437\u0430\u0446\u0438\u0458\u0430\u043c\u0430 \u0438 \u0434\u0440\u0443\u0433\u0438\u043c \u043a\u043e\u0440\u0438\u0441\u043d\u0438\u0446\u0438\u043c\u0430 \u043e\u0431\u0435\u0437\u0431\u0435\u0452\u0443\u0458\u0435 \u043f\u0440\u0438\u0441\u0442\u0443\u043f \u0438 \u043a\u043e\u0440\u0438\u0448\u045b\u0435\u045a\u0435 \u0418\u043d\u0442\u0435\u0440\u043d\u0435\u0442\u0430 \u0438 \u0438\u043d\u0444\u043e\u0440\u043c\u0430\u0442\u0438\u0447\u043a\u0438\u0445 \u0441\u0435\u0440\u0432\u0438\u0441\u0430 \u0443 \u0437\u0435\u043c\u0459\u0438, \u043a\u0430\u043e \u0438 \u0432\u0435\u0437\u0435 \u0441\u0430 \u043d\u0430\u0446\u0438\u043e\u043d\u0430\u043b\u043d\u0438\u043c \u0438 \u0438\u043d\u0442\u0435\u0440\u043d\u0430\u0446\u0438\u043e\u043d\u0430\u043b\u043d\u0438\u043c \u043c\u0440\u0435\u0436\u0430\u043c\u0430. \u0410\u041c\u0420\u0415\u0421 \u043f\u0440\u0435\u0434\u0441\u0442\u0430\u0432\u0459\u0430 \u0458\u0435\u0434\u0430\u043d \u043e\u0434 \u043d\u0430\u0458\u0437\u043d\u0430\u0447\u0430\u0458\u043d\u0438\u0458\u0438\u0445 \u0440\u0435\u0441\u0443\u0440\u0441\u0430 \u043d\u0430\u0443\u0447\u043d\u043e-\u0438\u0441\u0442\u0440\u0430\u0436\u0438\u0432\u0430\u0447\u043a\u043e\u0433 \u0438 \u043e\u0431\u0440\u0430\u0437\u043e\u0432\u043d\u043e\u0433 \u0440\u0430\u0434\u0430 \u0438 \u043d\u043e\u0441\u0438\u043b\u0430\u0446 \u0458\u0435 \u0440\u0430\u0437\u0432\u043e\u0458\u0430 \u0438\u043d\u0444\u043e\u0440\u043c\u0430\u0442\u0438\u0447\u043a\u043e\u0433 \u0434\u0440\u0443\u0448\u0442\u0432\u0430.<\/strong><\/span><\/p>\n<p><img loading=\"lazy\" decoding=\"async\" class=\"size-medium wp-image-1572 aligncenter\" src=\"https:\/\/ospkocic.edu.rs\/wp-content\/uploads\/2019\/08\/amres-300x232.jpg\" alt=\"\" width=\"300\" height=\"232\" srcset=\"https:\/\/ospkocic.edu.rs\/wp-content\/uploads\/2019\/08\/amres-300x232.jpg 300w, https:\/\/ospkocic.edu.rs\/wp-content\/uploads\/2019\/08\/amres-350x270.jpg 350w, https:\/\/ospkocic.edu.rs\/wp-content\/uploads\/2019\/08\/amres.jpg 628w\" sizes=\"auto, (max-width: 300px) 100vw, 300px\" \/><\/p>\n<p><span style=\"color: #800080;\"><strong><a style=\"color: #800080;\" href=\"https:\/\/www.amres.ac.rs\/amres\/amres-infrastruktura\">\u0410\u041c\u0420\u0415\u0421 \u0438\u043d\u0444\u0440\u0430\u0441\u0442\u0440\u0443\u043a\u0442\u0443\u0440\u0430<\/a>\u00a0\u043e\u0431\u0443\u0445\u0432\u0430\u0442\u0430 \u043d\u0430\u0443\u0447\u043d\u043e-\u0438\u0441\u0442\u0440\u0430\u0436\u0438\u0432\u0430\u0447\u043a\u0443 \u0438 \u043e\u0431\u0440\u0430\u0437\u043e\u0432\u043d\u0443 \u0440\u0430\u0447\u0443\u043d\u0430\u0440\u0441\u043a\u0443 \u043c\u0440\u0435\u0436\u0443 \u0420\u0435\u043f\u0443\u0431\u043b\u0438\u043a\u0435 \u0421\u0440\u0431\u0438\u0458\u0435 \u0443 \u0444\u0443\u043d\u043a\u0446\u0438\u043e\u043d\u0430\u043b\u043d\u043e\u043c \u0438 \u0442\u0435\u0445\u043d\u0438\u0447\u043a\u043e\u043c \u0441\u043c\u0438\u0441\u043b\u0443, \u0441\u043f\u043e\u0459\u043d\u0435 \u0432\u0435\u0437\u0435 \u043a\u043e\u0458\u0435 \u0458\u0435 \u043f\u043e\u0432\u0435\u0437\u0443\u0458\u0443 \u0441\u0430 \u043e\u043a\u0440\u0443\u0436\u0435\u045a\u0435\u043c (\u0418\u043d\u0442\u0435\u0440\u043d\u0435\u0442, G\u00c9ANT, \u043e\u0441\u0442\u0430\u043b\u0438 \u043f\u0440\u043e\u0432\u0430\u0458\u0434\u0435\u0440\u0438 \u0438\u0442\u0434.) \u0438 \u0441\u0435\u0440\u0432\u0435\u0440\u0441\u043a\u043e-\u0440\u0430\u0447\u0443\u043d\u0430\u0440\u0441\u043a\u0443 \u0438\u043d\u0444\u0440\u0430\u0441\u0442\u0440\u0443\u043a\u0442\u0443\u0440\u0443. \u0418\u043d\u0441\u0442\u0438\u0442\u0443\u0446\u0438\u0458\u0435 \u043a\u043e\u0458\u0435 \u0441\u0443 \u0410\u041c\u0420\u0415\u0421 \u043a\u043e\u0440\u0438\u0441\u043d\u0438\u0446\u0438 \u0441\u0443 \u043d\u0430 \u0410\u041c\u0420\u0415\u0421 \u043c\u0440\u0435\u0436\u0443 \u0434\u043e\u043c\u0438\u043d\u0430\u043d\u0442\u043e \u043f\u043e\u0432\u0435\u0437\u0430\u043d\u0435 \u043e\u043f\u0442\u0438\u0447\u043a\u0438\u043c \u0432\u0435\u0437\u0430\u043c\u0430 \u043a\u0430\u043f\u0430\u0446\u0438\u0442\u0435\u0442\u0430 1Gb. \u041a\u0438\u0447\u043c\u0430 \u0410\u041c\u0420\u0415\u0421 \u043c\u0440\u0435\u0436\u0435 \u0440\u0435\u0430\u043b\u0438\u0437\u043e\u0432\u0430\u043d\u0430 \u0458\u0435 o\u043f\u0442\u0438\u0447\u043a\u0438\u043c \u0432\u0435\u0437\u0430\u043c\u0430 \u043a\u0430\u043f\u0430\u0446\u0438\u0442\u0435\u0442\u0430 1Gb \u0438 10Gb \u043a\u043e\u0458\u0438\u043c\u0430 \u0458\u0435 \u043f\u043e\u0432\u0435\u0437\u0430\u043d\u043e 50 \u0433\u0440\u0430\u0434\u043e\u0432\u0430 \u0443 \u0421\u0440\u0431\u0438\u0458\u0438. \u041a\u0440\u043e\u0437 \u043f\u043e\u0432\u0435\u0437\u0438\u0432\u0430\u045a\u0435 \u043d\u0430 \u0435\u0432\u0440\u043e\u043f\u0441\u043a\u0443 \u043d\u0430\u0443\u0447\u043d\u043e-\u0438\u0441\u0442\u0440\u0430\u0436\u0438\u0432\u0430\u0447\u043a\u0443 \u0438 \u043e\u0431\u0440\u0430\u0437\u043e\u0432\u043d\u0443 \u043c\u0440\u0435\u0436\u0443 G\u00c9ANT, \u0410\u041c\u0420\u0415\u0421 \u043e\u0431\u0435\u0437\u0431\u0435\u0452\u0443\u0458\u0435 \u0434\u0432\u0430 \u0418\u043d\u0442\u0435\u0440\u043d\u0435\u0442 \u043b\u0438\u043d\u043a\u0430 &#8211; \u043f\u0440\u0438\u043c\u0430\u0440\u043d\u0438 \u043a\u0430\u043f\u0430\u0446\u0438\u0442\u0435\u0442\u0430 10Gb \u0438 \u0441\u0435\u043a\u0443\u043d\u0434\u0430\u0440\u043d\u0438 \u043a\u0430\u043f\u0430\u0446\u0438\u0442\u0435\u0442\u0430 1Gb.<\/strong><\/span><\/p>\n","protected":false},"excerpt":{"rendered":"<p>\u041e\u0434 \u043f\u043e\u0447\u0435\u0442\u043a\u0430 \u0448\u043a\u043e\u043b\u0441\u043a\u0435 2017\/2018. \u0433\u043e\u0434\u0438\u043d\u0435 \u043d\u0430\u0448\u0430 \u0448\u043a\u043e\u043b\u0430 \u0458\u0435 \u0434\u0435\u043e \u0410\u041c\u0420\u0415\u0421 \u043c\u0440\u0435\u0436\u0435.\u00a0\u00a0\u201c\u0410\u043a\u0430\u0434\u0435\u043c\u0441\u043a\u0430 \u043c\u0440\u0435\u0436\u0430 \u0420\u0435\u043f\u0443\u0431\u043b\u0438\u043a\u0435 \u0421\u0440\u0431\u0438\u0458\u0435 &#8211; \u0410\u041c\u0420\u0415\u0421\u201d \u0458\u0435 \u043e\u0441\u043d\u043e\u0432\u0430\u043b\u0430 \u0412\u043b\u0430\u0434\u0430 \u0420\u0435\u043f\u0443\u0431\u043b\u0438\u043a\u0435 \u0421\u0440\u0431\u0438\u0458\u0435 \u0440\u0430\u0434\u0438 \u0438\u0437\u0433\u0440\u0430\u0434\u045a\u0435, \u0440\u0430\u0437\u0432\u043e\u0458\u0430 \u0438 \u0443\u043f\u0440\u0430\u0432\u0459\u0430\u045a\u0430 \u043e\u0431\u0440\u0430\u0437\u043e\u0432\u043d\u043e\u043c \u0438 \u043d\u0430\u0443\u0447\u043d\u043e-\u0438\u0441\u0442\u0440\u0430\u0436\u0438\u0432\u0430\u0447\u043a\u043e\u043c \u0440\u0430\u0447\u0443\u043d\u0430\u0440\u0441\u043a\u043e\u043c \u043c\u0440\u0435\u0436\u043e\u043c \u0420\u0435\u043f\u0443\u0431\u043b\u0438\u043a\u0435 \u0421\u0440\u0431\u0438\u0458\u0435. \u041e\u0432\u0430 \u043c\u0440\u0435\u0436\u0430 \u043e\u0431\u0440\u0430\u0437\u043e\u0432\u043d\u0438\u043c \u0438 \u043d\u0430\u0443\u0447\u043d\u043e-\u0438\u0441\u0442\u0440\u0430\u0436\u0438\u0432\u0430\u0447\u043a\u0438\u043c \u043e\u0440\u0433\u0430\u043d\u0438\u0437\u0430\u0446\u0438\u0458\u0430\u043c\u0430 \u0438 <a href=\"https:\/\/ospkocic.edu.rs\/?page_id=1571\" class=\"read-more\">Read More &#8230;<\/a><\/p>\n","protected":false},"author":1,"featured_media":0,"parent":0,"menu_order":0,"comment_status":"closed","ping_status":"closed","template":"","meta":{"footnotes":"","beyondwords_generate_audio":"","beyondwords_integration_method":"","beyondwords_project_id":"","beyondwords_content_id":"","beyondwords_preview_token":"","beyondwords_player_content":"","beyondwords_player_style":"","beyondwords_language_code":"","beyondwords_language_id":"","beyondwords_title_voice_id":"","beyondwords_body_voice_id":"","beyondwords_summary_voice_id":"","beyondwords_error_message":"","beyondwords_disabled":"","beyondwords_delete_content":"","beyondwords_podcast_id":"","beyondwords_hash":"","publish_post_to_speechkit":"","speechkit_hash":"","speechkit_generate_audio":"","speechkit_project_id":"","speechkit_podcast_id":"","speechkit_error_message":"","speechkit_disabled":"","speechkit_access_key":"","speechkit_error":"","speechkit_info":"","speechkit_response":"","speechkit_retries":"","speechkit_status":"","speechkit_updated_at":"","_speechkit_link":"","_speechkit_text":""},"class_list":["post-1571","page","type-page","status-publish","hentry"],"yoast_head":"<!-- This site is optimized with the Yoast SEO plugin v27.4 - https:\/\/yoast.com\/product\/yoast-seo-wordpress\/ -->\n<title>\u0410\u041c\u0420\u0415\u0421 - \u041e\u0428 ,,\u041f\u0435\u0442\u0430\u0440 \u041a\u043e\u0447\u0438\u045b&quot;, \u0418\u043d\u0452\u0438\u0458\u0430<\/title>\n<meta name=\"robots\" content=\"index, follow, max-snippet:-1, max-image-preview:large, max-video-preview:-1\" \/>\n<link rel=\"canonical\" href=\"https:\/\/ospkocic.edu.rs\/?page_id=1571\" \/>\n<meta property=\"og:locale\" content=\"en_US\" \/>\n<meta property=\"og:type\" content=\"article\" \/>\n<meta property=\"og:title\" content=\"\u0410\u041c\u0420\u0415\u0421 - \u041e\u0428 ,,\u041f\u0435\u0442\u0430\u0440 \u041a\u043e\u0447\u0438\u045b&quot;, \u0418\u043d\u0452\u0438\u0458\u0430\" \/>\n<meta property=\"og:description\" content=\"\u041e\u0434 \u043f\u043e\u0447\u0435\u0442\u043a\u0430 \u0448\u043a\u043e\u043b\u0441\u043a\u0435 2017\/2018. \u0433\u043e\u0434\u0438\u043d\u0435 \u043d\u0430\u0448\u0430 \u0448\u043a\u043e\u043b\u0430 \u0458\u0435 \u0434\u0435\u043e \u0410\u041c\u0420\u0415\u0421 \u043c\u0440\u0435\u0436\u0435.\u00a0\u00a0\u201c\u0410\u043a\u0430\u0434\u0435\u043c\u0441\u043a\u0430 \u043c\u0440\u0435\u0436\u0430 \u0420\u0435\u043f\u0443\u0431\u043b\u0438\u043a\u0435 \u0421\u0440\u0431\u0438\u0458\u0435 &#8211; \u0410\u041c\u0420\u0415\u0421\u201d \u0458\u0435 \u043e\u0441\u043d\u043e\u0432\u0430\u043b\u0430 \u0412\u043b\u0430\u0434\u0430 \u0420\u0435\u043f\u0443\u0431\u043b\u0438\u043a\u0435 \u0421\u0440\u0431\u0438\u0458\u0435 \u0440\u0430\u0434\u0438 \u0438\u0437\u0433\u0440\u0430\u0434\u045a\u0435, \u0440\u0430\u0437\u0432\u043e\u0458\u0430 \u0438 \u0443\u043f\u0440\u0430\u0432\u0459\u0430\u045a\u0430 \u043e\u0431\u0440\u0430\u0437\u043e\u0432\u043d\u043e\u043c \u0438 \u043d\u0430\u0443\u0447\u043d\u043e-\u0438\u0441\u0442\u0440\u0430\u0436\u0438\u0432\u0430\u0447\u043a\u043e\u043c \u0440\u0430\u0447\u0443\u043d\u0430\u0440\u0441\u043a\u043e\u043c \u043c\u0440\u0435\u0436\u043e\u043c \u0420\u0435\u043f\u0443\u0431\u043b\u0438\u043a\u0435 \u0421\u0440\u0431\u0438\u0458\u0435. \u041e\u0432\u0430 \u043c\u0440\u0435\u0436\u0430 \u043e\u0431\u0440\u0430\u0437\u043e\u0432\u043d\u0438\u043c \u0438 \u043d\u0430\u0443\u0447\u043d\u043e-\u0438\u0441\u0442\u0440\u0430\u0436\u0438\u0432\u0430\u0447\u043a\u0438\u043c \u043e\u0440\u0433\u0430\u043d\u0438\u0437\u0430\u0446\u0438\u0458\u0430\u043c\u0430 \u0438 Read More ...\" \/>\n<meta property=\"og:url\" content=\"https:\/\/ospkocic.edu.rs\/?page_id=1571\" \/>\n<meta property=\"og:site_name\" content=\"\u041e\u0428 ,,\u041f\u0435\u0442\u0430\u0440 \u041a\u043e\u0447\u0438\u045b&quot;, \u0418\u043d\u0452\u0438\u0458\u0430\" \/>\n<meta property=\"article:publisher\" content=\"https:\/\/www.facebook.com\/groups\/8088991261\" \/>\n<meta property=\"og:image\" content=\"https:\/\/ospkocic.edu.rs\/wp-content\/uploads\/2019\/08\/amres-300x232.jpg\" \/>\n<meta name=\"twitter:card\" content=\"summary_large_image\" \/>\n<script type=\"application\/ld+json\" class=\"yoast-schema-graph\">{\"@context\":\"https:\\\/\\\/schema.org\",\"@graph\":[{\"@type\":\"WebPage\",\"@id\":\"https:\\\/\\\/ospkocic.edu.rs\\\/?page_id=1571\",\"url\":\"https:\\\/\\\/ospkocic.edu.rs\\\/?page_id=1571\",\"name\":\"\u0410\u041c\u0420\u0415\u0421 - \u041e\u0428 ,,\u041f\u0435\u0442\u0430\u0440 \u041a\u043e\u0447\u0438\u045b&quot;, \u0418\u043d\u0452\u0438\u0458\u0430\",\"isPartOf\":{\"@id\":\"https:\\\/\\\/ospkocic.edu.rs\\\/#website\"},\"primaryImageOfPage\":{\"@id\":\"https:\\\/\\\/ospkocic.edu.rs\\\/?page_id=1571#primaryimage\"},\"image\":{\"@id\":\"https:\\\/\\\/ospkocic.edu.rs\\\/?page_id=1571#primaryimage\"},\"thumbnailUrl\":\"https:\\\/\\\/ospkocic.edu.rs\\\/wp-content\\\/uploads\\\/2019\\\/08\\\/amres-300x232.jpg\",\"datePublished\":\"2019-08-17T15:05:47+00:00\",\"breadcrumb\":{\"@id\":\"https:\\\/\\\/ospkocic.edu.rs\\\/?page_id=1571#breadcrumb\"},\"inLanguage\":\"en-US\",\"potentialAction\":[{\"@type\":\"ReadAction\",\"target\":[\"https:\\\/\\\/ospkocic.edu.rs\\\/?page_id=1571\"]}]},{\"@type\":\"ImageObject\",\"inLanguage\":\"en-US\",\"@id\":\"https:\\\/\\\/ospkocic.edu.rs\\\/?page_id=1571#primaryimage\",\"url\":\"https:\\\/\\\/ospkocic.edu.rs\\\/wp-content\\\/uploads\\\/2019\\\/08\\\/amres.jpg\",\"contentUrl\":\"https:\\\/\\\/ospkocic.edu.rs\\\/wp-content\\\/uploads\\\/2019\\\/08\\\/amres.jpg\",\"width\":628,\"height\":485},{\"@type\":\"BreadcrumbList\",\"@id\":\"https:\\\/\\\/ospkocic.edu.rs\\\/?page_id=1571#breadcrumb\",\"itemListElement\":[{\"@type\":\"ListItem\",\"position\":1,\"name\":\"Home\",\"item\":\"https:\\\/\\\/ospkocic.edu.rs\\\/\"},{\"@type\":\"ListItem\",\"position\":2,\"name\":\"\u0410\u041c\u0420\u0415\u0421\"}]},{\"@type\":\"WebSite\",\"@id\":\"https:\\\/\\\/ospkocic.edu.rs\\\/#website\",\"url\":\"https:\\\/\\\/ospkocic.edu.rs\\\/\",\"name\":\"\u041e\u0428 ,,\u041f\u0435\u0442\u0430\u0440 \u041a\u043e\u0447\u0438\u045b&quot;, \u0418\u043d\u0452\u0438\u0458\u0430\",\"description\":\"O\u0160 Petar Ko\u010di\u0107 In\u0111ija\",\"publisher\":{\"@id\":\"https:\\\/\\\/ospkocic.edu.rs\\\/#organization\"},\"potentialAction\":[{\"@type\":\"SearchAction\",\"target\":{\"@type\":\"EntryPoint\",\"urlTemplate\":\"https:\\\/\\\/ospkocic.edu.rs\\\/?s={search_term_string}\"},\"query-input\":{\"@type\":\"PropertyValueSpecification\",\"valueRequired\":true,\"valueName\":\"search_term_string\"}}],\"inLanguage\":\"en-US\"},{\"@type\":\"Organization\",\"@id\":\"https:\\\/\\\/ospkocic.edu.rs\\\/#organization\",\"name\":\"O\u0160 Petar Ko\u010di\u0107 In\u0111ija\",\"url\":\"https:\\\/\\\/ospkocic.edu.rs\\\/\",\"logo\":{\"@type\":\"ImageObject\",\"inLanguage\":\"en-US\",\"@id\":\"https:\\\/\\\/ospkocic.edu.rs\\\/#\\\/schema\\\/logo\\\/image\\\/\",\"url\":\"https:\\\/\\\/ospkocic.edu.rs\\\/wp-content\\\/uploads\\\/2022\\\/04\\\/logo.png\",\"contentUrl\":\"https:\\\/\\\/ospkocic.edu.rs\\\/wp-content\\\/uploads\\\/2022\\\/04\\\/logo.png\",\"width\":120,\"height\":160,\"caption\":\"O\u0160 Petar Ko\u010di\u0107 In\u0111ija\"},\"image\":{\"@id\":\"https:\\\/\\\/ospkocic.edu.rs\\\/#\\\/schema\\\/logo\\\/image\\\/\"},\"sameAs\":[\"https:\\\/\\\/www.facebook.com\\\/groups\\\/8088991261\",\"https:\\\/\\\/www.youtube.com\\\/channel\\\/UCNXE9uAnynPmW8m6xY_k2ig\"]}]}<\/script>\n<!-- \/ Yoast SEO plugin. -->","yoast_head_json":{"title":"\u0410\u041c\u0420\u0415\u0421 - \u041e\u0428 ,,\u041f\u0435\u0442\u0430\u0440 \u041a\u043e\u0447\u0438\u045b&quot;, \u0418\u043d\u0452\u0438\u0458\u0430","robots":{"index":"index","follow":"follow","max-snippet":"max-snippet:-1","max-image-preview":"max-image-preview:large","max-video-preview":"max-video-preview:-1"},"canonical":"https:\/\/ospkocic.edu.rs\/?page_id=1571","og_locale":"en_US","og_type":"article","og_title":"\u0410\u041c\u0420\u0415\u0421 - \u041e\u0428 ,,\u041f\u0435\u0442\u0430\u0440 \u041a\u043e\u0447\u0438\u045b&quot;, \u0418\u043d\u0452\u0438\u0458\u0430","og_description":"\u041e\u0434 \u043f\u043e\u0447\u0435\u0442\u043a\u0430 \u0448\u043a\u043e\u043b\u0441\u043a\u0435 2017\/2018. \u0433\u043e\u0434\u0438\u043d\u0435 \u043d\u0430\u0448\u0430 \u0448\u043a\u043e\u043b\u0430 \u0458\u0435 \u0434\u0435\u043e \u0410\u041c\u0420\u0415\u0421 \u043c\u0440\u0435\u0436\u0435.\u00a0\u00a0\u201c\u0410\u043a\u0430\u0434\u0435\u043c\u0441\u043a\u0430 \u043c\u0440\u0435\u0436\u0430 \u0420\u0435\u043f\u0443\u0431\u043b\u0438\u043a\u0435 \u0421\u0440\u0431\u0438\u0458\u0435 &#8211; \u0410\u041c\u0420\u0415\u0421\u201d \u0458\u0435 \u043e\u0441\u043d\u043e\u0432\u0430\u043b\u0430 \u0412\u043b\u0430\u0434\u0430 \u0420\u0435\u043f\u0443\u0431\u043b\u0438\u043a\u0435 \u0421\u0440\u0431\u0438\u0458\u0435 \u0440\u0430\u0434\u0438 \u0438\u0437\u0433\u0440\u0430\u0434\u045a\u0435, \u0440\u0430\u0437\u0432\u043e\u0458\u0430 \u0438 \u0443\u043f\u0440\u0430\u0432\u0459\u0430\u045a\u0430 \u043e\u0431\u0440\u0430\u0437\u043e\u0432\u043d\u043e\u043c \u0438 \u043d\u0430\u0443\u0447\u043d\u043e-\u0438\u0441\u0442\u0440\u0430\u0436\u0438\u0432\u0430\u0447\u043a\u043e\u043c \u0440\u0430\u0447\u0443\u043d\u0430\u0440\u0441\u043a\u043e\u043c \u043c\u0440\u0435\u0436\u043e\u043c \u0420\u0435\u043f\u0443\u0431\u043b\u0438\u043a\u0435 \u0421\u0440\u0431\u0438\u0458\u0435. \u041e\u0432\u0430 \u043c\u0440\u0435\u0436\u0430 \u043e\u0431\u0440\u0430\u0437\u043e\u0432\u043d\u0438\u043c \u0438 \u043d\u0430\u0443\u0447\u043d\u043e-\u0438\u0441\u0442\u0440\u0430\u0436\u0438\u0432\u0430\u0447\u043a\u0438\u043c \u043e\u0440\u0433\u0430\u043d\u0438\u0437\u0430\u0446\u0438\u0458\u0430\u043c\u0430 \u0438 Read More ...","og_url":"https:\/\/ospkocic.edu.rs\/?page_id=1571","og_site_name":"\u041e\u0428 ,,\u041f\u0435\u0442\u0430\u0440 \u041a\u043e\u0447\u0438\u045b&quot;, \u0418\u043d\u0452\u0438\u0458\u0430","article_publisher":"https:\/\/www.facebook.com\/groups\/8088991261","og_image":[{"url":"https:\/\/ospkocic.edu.rs\/wp-content\/uploads\/2019\/08\/amres-300x232.jpg","type":"","width":"","height":""}],"twitter_card":"summary_large_image","schema":{"@context":"https:\/\/schema.org","@graph":[{"@type":"WebPage","@id":"https:\/\/ospkocic.edu.rs\/?page_id=1571","url":"https:\/\/ospkocic.edu.rs\/?page_id=1571","name":"\u0410\u041c\u0420\u0415\u0421 - \u041e\u0428 ,,\u041f\u0435\u0442\u0430\u0440 \u041a\u043e\u0447\u0438\u045b&quot;, \u0418\u043d\u0452\u0438\u0458\u0430","isPartOf":{"@id":"https:\/\/ospkocic.edu.rs\/#website"},"primaryImageOfPage":{"@id":"https:\/\/ospkocic.edu.rs\/?page_id=1571#primaryimage"},"image":{"@id":"https:\/\/ospkocic.edu.rs\/?page_id=1571#primaryimage"},"thumbnailUrl":"https:\/\/ospkocic.edu.rs\/wp-content\/uploads\/2019\/08\/amres-300x232.jpg","datePublished":"2019-08-17T15:05:47+00:00","breadcrumb":{"@id":"https:\/\/ospkocic.edu.rs\/?page_id=1571#breadcrumb"},"inLanguage":"en-US","potentialAction":[{"@type":"ReadAction","target":["https:\/\/ospkocic.edu.rs\/?page_id=1571"]}]},{"@type":"ImageObject","inLanguage":"en-US","@id":"https:\/\/ospkocic.edu.rs\/?page_id=1571#primaryimage","url":"https:\/\/ospkocic.edu.rs\/wp-content\/uploads\/2019\/08\/amres.jpg","contentUrl":"https:\/\/ospkocic.edu.rs\/wp-content\/uploads\/2019\/08\/amres.jpg","width":628,"height":485},{"@type":"BreadcrumbList","@id":"https:\/\/ospkocic.edu.rs\/?page_id=1571#breadcrumb","itemListElement":[{"@type":"ListItem","position":1,"name":"Home","item":"https:\/\/ospkocic.edu.rs\/"},{"@type":"ListItem","position":2,"name":"\u0410\u041c\u0420\u0415\u0421"}]},{"@type":"WebSite","@id":"https:\/\/ospkocic.edu.rs\/#website","url":"https:\/\/ospkocic.edu.rs\/","name":"\u041e\u0428 ,,\u041f\u0435\u0442\u0430\u0440 \u041a\u043e\u0447\u0438\u045b&quot;, \u0418\u043d\u0452\u0438\u0458\u0430","description":"O\u0160 Petar Ko\u010di\u0107 In\u0111ija","publisher":{"@id":"https:\/\/ospkocic.edu.rs\/#organization"},"potentialAction":[{"@type":"SearchAction","target":{"@type":"EntryPoint","urlTemplate":"https:\/\/ospkocic.edu.rs\/?s={search_term_string}"},"query-input":{"@type":"PropertyValueSpecification","valueRequired":true,"valueName":"search_term_string"}}],"inLanguage":"en-US"},{"@type":"Organization","@id":"https:\/\/ospkocic.edu.rs\/#organization","name":"O\u0160 Petar Ko\u010di\u0107 In\u0111ija","url":"https:\/\/ospkocic.edu.rs\/","logo":{"@type":"ImageObject","inLanguage":"en-US","@id":"https:\/\/ospkocic.edu.rs\/#\/schema\/logo\/image\/","url":"https:\/\/ospkocic.edu.rs\/wp-content\/uploads\/2022\/04\/logo.png","contentUrl":"https:\/\/ospkocic.edu.rs\/wp-content\/uploads\/2022\/04\/logo.png","width":120,"height":160,"caption":"O\u0160 Petar Ko\u010di\u0107 In\u0111ija"},"image":{"@id":"https:\/\/ospkocic.edu.rs\/#\/schema\/logo\/image\/"},"sameAs":["https:\/\/www.facebook.com\/groups\/8088991261","https:\/\/www.youtube.com\/channel\/UCNXE9uAnynPmW8m6xY_k2ig"]}]}},"_links":{"self":[{"href":"https:\/\/ospkocic.edu.rs\/index.php?rest_route=\/wp\/v2\/pages\/1571","targetHints":{"allow":["GET"]}}],"collection":[{"href":"https:\/\/ospkocic.edu.rs\/index.php?rest_route=\/wp\/v2\/pages"}],"about":[{"href":"https:\/\/ospkocic.edu.rs\/index.php?rest_route=\/wp\/v2\/types\/page"}],"author":[{"embeddable":true,"href":"https:\/\/ospkocic.edu.rs\/index.php?rest_route=\/wp\/v2\/users\/1"}],"replies":[{"embeddable":true,"href":"https:\/\/ospkocic.edu.rs\/index.php?rest_route=%2Fwp%2Fv2%2Fcomments&post=1571"}],"version-history":[{"count":1,"href":"https:\/\/ospkocic.edu.rs\/index.php?rest_route=\/wp\/v2\/pages\/1571\/revisions"}],"predecessor-version":[{"id":1573,"href":"https:\/\/ospkocic.edu.rs\/index.php?rest_route=\/wp\/v2\/pages\/1571\/revisions\/1573"}],"wp:attachment":[{"href":"https:\/\/ospkocic.edu.rs\/index.php?rest_route=%2Fwp%2Fv2%2Fmedia&parent=1571"}],"curies":[{"name":"wp","href":"https:\/\/api.w.org\/{rel}","templated":true}]}}