{"id":150,"date":"2018-01-26T14:08:36","date_gmt":"2018-01-26T14:08:36","guid":{"rendered":"https:\/\/ospkocic.edu.rs\/?page_id=150"},"modified":"2024-01-29T10:45:00","modified_gmt":"2024-01-29T09:45:00","slug":"%d0%b1%d0%b8%d0%b1%d0%bb%d0%b8%d0%be%d1%82%d0%b5%d0%ba%d0%b0%d1%80","status":"publish","type":"page","link":"https:\/\/ospkocic.edu.rs\/?page_id=150","title":{"rendered":"\u0411\u0438\u0431\u043b\u0438\u043e\u0442\u0435\u043a\u0430\u0440"},"content":{"rendered":"\n<p><\/p>\n\n\n<div class=\"wp-block-image\">\n<figure class=\"aligncenter size-large\"><img loading=\"lazy\" decoding=\"async\" width=\"1024\" height=\"768\" src=\"https:\/\/ospkocic.edu.rs\/wp-content\/uploads\/2024\/01\/Smiljka-1024x768.jpg\" alt=\"\" class=\"wp-image-3119\" srcset=\"https:\/\/ospkocic.edu.rs\/wp-content\/uploads\/2024\/01\/Smiljka-1024x768.jpg 1024w, https:\/\/ospkocic.edu.rs\/wp-content\/uploads\/2024\/01\/Smiljka-300x225.jpg 300w, https:\/\/ospkocic.edu.rs\/wp-content\/uploads\/2024\/01\/Smiljka-768x576.jpg 768w, https:\/\/ospkocic.edu.rs\/wp-content\/uploads\/2024\/01\/Smiljka-1536x1152.jpg 1536w, https:\/\/ospkocic.edu.rs\/wp-content\/uploads\/2024\/01\/Smiljka-2048x1536.jpg 2048w, https:\/\/ospkocic.edu.rs\/wp-content\/uploads\/2024\/01\/Smiljka-360x270.jpg 360w\" sizes=\"auto, (max-width: 1024px) 100vw, 1024px\" \/><\/figure>\n<\/div>\n\n\n<p class=\"has-text-align-center has-navy-blue-color has-text-color has-link-color wp-elements-680c5a4dd1fa579314646b18a7d9f83c\"><strong>\u0421\u043c\u0438\u0459\u043a\u0430 \u041c\u0430\u0440\u0458\u0430\u043d\u043e\u0432\u0438\u045b &#8211; \u043f\u0440\u043e\u0444\u0435\u0441\u043e\u0440 \u0440\u0430\u0437\u0440\u0435\u0434\u043d\u0435 \u043d\u0430\u0441\u0442\u0430\u0432\u0435<\/strong><\/p>\n","protected":false},"excerpt":{"rendered":"<p>\u0421\u043c\u0438\u0459\u043a\u0430 \u041c\u0430\u0440\u0458\u0430\u043d\u043e\u0432\u0438\u045b &#8211; \u043f\u0440\u043e\u0444\u0435\u0441\u043e\u0440 \u0440\u0430\u0437\u0440\u0435\u0434\u043d\u0435 \u043d\u0430\u0441\u0442\u0430\u0432\u0435<\/p>\n","protected":false},"author":1,"featured_media":0,"parent":0,"menu_order":0,"comment_status":"closed","ping_status":"closed","template":"","meta":{"footnotes":"","beyondwords_generate_audio":"","beyondwords_integration_method":"","beyondwords_project_id":"","beyondwords_content_id":"","beyondwords_preview_token":"","beyondwords_player_content":"","beyondwords_player_style":"","beyondwords_language_code":"","beyondwords_language_id":"","beyondwords_title_voice_id":"","beyondwords_body_voice_id":"","beyondwords_summary_voice_id":"","beyondwords_error_message":"","beyondwords_disabled":"","beyondwords_delete_content":"","beyondwords_podcast_id":"","beyondwords_hash":"","publish_post_to_speechkit":"","speechkit_hash":"","speechkit_generate_audio":"","speechkit_project_id":"","speechkit_podcast_id":"","speechkit_error_message":"","speechkit_disabled":"","speechkit_access_key":"","speechkit_error":"","speechkit_info":"","speechkit_response":"","speechkit_retries":"","speechkit_status":"","speechkit_updated_at":"","_speechkit_link":"","_speechkit_text":""},"class_list":["post-150","page","type-page","status-publish","hentry"],"yoast_head":"<!-- This site is optimized with the Yoast SEO plugin v27.4 - https:\/\/yoast.com\/product\/yoast-seo-wordpress\/ -->\n<title>\u0411\u0438\u0431\u043b\u0438\u043e\u0442\u0435\u043a\u0430\u0440 - \u041e\u0428 ,,\u041f\u0435\u0442\u0430\u0440 \u041a\u043e\u0447\u0438\u045b&quot;, \u0418\u043d\u0452\u0438\u0458\u0430<\/title>\n<meta name=\"robots\" content=\"index, follow, max-snippet:-1, max-image-preview:large, max-video-preview:-1\" \/>\n<link rel=\"canonical\" href=\"https:\/\/ospkocic.edu.rs\/?page_id=150\" \/>\n<meta property=\"og:locale\" content=\"en_US\" \/>\n<meta property=\"og:type\" content=\"article\" \/>\n<meta property=\"og:title\" content=\"\u0411\u0438\u0431\u043b\u0438\u043e\u0442\u0435\u043a\u0430\u0440 - \u041e\u0428 ,,\u041f\u0435\u0442\u0430\u0440 \u041a\u043e\u0447\u0438\u045b&quot;, \u0418\u043d\u0452\u0438\u0458\u0430\" \/>\n<meta property=\"og:description\" content=\"\u0421\u043c\u0438\u0459\u043a\u0430 \u041c\u0430\u0440\u0458\u0430\u043d\u043e\u0432\u0438\u045b &#8211; \u043f\u0440\u043e\u0444\u0435\u0441\u043e\u0440 \u0440\u0430\u0437\u0440\u0435\u0434\u043d\u0435 \u043d\u0430\u0441\u0442\u0430\u0432\u0435\" \/>\n<meta property=\"og:url\" content=\"https:\/\/ospkocic.edu.rs\/?page_id=150\" \/>\n<meta property=\"og:site_name\" content=\"\u041e\u0428 ,,\u041f\u0435\u0442\u0430\u0440 \u041a\u043e\u0447\u0438\u045b&quot;, \u0418\u043d\u0452\u0438\u0458\u0430\" \/>\n<meta property=\"article:publisher\" content=\"https:\/\/www.facebook.com\/groups\/8088991261\" \/>\n<meta property=\"article:modified_time\" content=\"2024-01-29T09:45:00+00:00\" \/>\n<meta property=\"og:image\" content=\"https:\/\/ospkocic.edu.rs\/wp-content\/uploads\/2024\/01\/Smiljka-1024x768.jpg\" \/>\n<meta name=\"twitter:card\" content=\"summary_large_image\" \/>\n<meta name=\"twitter:label1\" content=\"Est. reading time\" \/>\n\t<meta name=\"twitter:data1\" content=\"1 minute\" \/>\n<script type=\"application\/ld+json\" class=\"yoast-schema-graph\">{\"@context\":\"https:\\\/\\\/schema.org\",\"@graph\":[{\"@type\":\"WebPage\",\"@id\":\"https:\\\/\\\/ospkocic.edu.rs\\\/?page_id=150\",\"url\":\"https:\\\/\\\/ospkocic.edu.rs\\\/?page_id=150\",\"name\":\"\u0411\u0438\u0431\u043b\u0438\u043e\u0442\u0435\u043a\u0430\u0440 - \u041e\u0428 ,,\u041f\u0435\u0442\u0430\u0440 \u041a\u043e\u0447\u0438\u045b&quot;, \u0418\u043d\u0452\u0438\u0458\u0430\",\"isPartOf\":{\"@id\":\"https:\\\/\\\/ospkocic.edu.rs\\\/#website\"},\"primaryImageOfPage\":{\"@id\":\"https:\\\/\\\/ospkocic.edu.rs\\\/?page_id=150#primaryimage\"},\"image\":{\"@id\":\"https:\\\/\\\/ospkocic.edu.rs\\\/?page_id=150#primaryimage\"},\"thumbnailUrl\":\"https:\\\/\\\/ospkocic.edu.rs\\\/wp-content\\\/uploads\\\/2024\\\/01\\\/Smiljka-1024x768.jpg\",\"datePublished\":\"2018-01-26T14:08:36+00:00\",\"dateModified\":\"2024-01-29T09:45:00+00:00\",\"breadcrumb\":{\"@id\":\"https:\\\/\\\/ospkocic.edu.rs\\\/?page_id=150#breadcrumb\"},\"inLanguage\":\"en-US\",\"potentialAction\":[{\"@type\":\"ReadAction\",\"target\":[\"https:\\\/\\\/ospkocic.edu.rs\\\/?page_id=150\"]}]},{\"@type\":\"ImageObject\",\"inLanguage\":\"en-US\",\"@id\":\"https:\\\/\\\/ospkocic.edu.rs\\\/?page_id=150#primaryimage\",\"url\":\"https:\\\/\\\/ospkocic.edu.rs\\\/wp-content\\\/uploads\\\/2024\\\/01\\\/Smiljka-scaled.jpg\",\"contentUrl\":\"https:\\\/\\\/ospkocic.edu.rs\\\/wp-content\\\/uploads\\\/2024\\\/01\\\/Smiljka-scaled.jpg\",\"width\":2560,\"height\":1920},{\"@type\":\"BreadcrumbList\",\"@id\":\"https:\\\/\\\/ospkocic.edu.rs\\\/?page_id=150#breadcrumb\",\"itemListElement\":[{\"@type\":\"ListItem\",\"position\":1,\"name\":\"Home\",\"item\":\"https:\\\/\\\/ospkocic.edu.rs\\\/\"},{\"@type\":\"ListItem\",\"position\":2,\"name\":\"\u0411\u0438\u0431\u043b\u0438\u043e\u0442\u0435\u043a\u0430\u0440\"}]},{\"@type\":\"WebSite\",\"@id\":\"https:\\\/\\\/ospkocic.edu.rs\\\/#website\",\"url\":\"https:\\\/\\\/ospkocic.edu.rs\\\/\",\"name\":\"\u041e\u0428 ,,\u041f\u0435\u0442\u0430\u0440 \u041a\u043e\u0447\u0438\u045b&quot;, \u0418\u043d\u0452\u0438\u0458\u0430\",\"description\":\"O\u0160 Petar Ko\u010di\u0107 In\u0111ija\",\"publisher\":{\"@id\":\"https:\\\/\\\/ospkocic.edu.rs\\\/#organization\"},\"potentialAction\":[{\"@type\":\"SearchAction\",\"target\":{\"@type\":\"EntryPoint\",\"urlTemplate\":\"https:\\\/\\\/ospkocic.edu.rs\\\/?s={search_term_string}\"},\"query-input\":{\"@type\":\"PropertyValueSpecification\",\"valueRequired\":true,\"valueName\":\"search_term_string\"}}],\"inLanguage\":\"en-US\"},{\"@type\":\"Organization\",\"@id\":\"https:\\\/\\\/ospkocic.edu.rs\\\/#organization\",\"name\":\"O\u0160 Petar Ko\u010di\u0107 In\u0111ija\",\"url\":\"https:\\\/\\\/ospkocic.edu.rs\\\/\",\"logo\":{\"@type\":\"ImageObject\",\"inLanguage\":\"en-US\",\"@id\":\"https:\\\/\\\/ospkocic.edu.rs\\\/#\\\/schema\\\/logo\\\/image\\\/\",\"url\":\"https:\\\/\\\/ospkocic.edu.rs\\\/wp-content\\\/uploads\\\/2022\\\/04\\\/logo.png\",\"contentUrl\":\"https:\\\/\\\/ospkocic.edu.rs\\\/wp-content\\\/uploads\\\/2022\\\/04\\\/logo.png\",\"width\":120,\"height\":160,\"caption\":\"O\u0160 Petar Ko\u010di\u0107 In\u0111ija\"},\"image\":{\"@id\":\"https:\\\/\\\/ospkocic.edu.rs\\\/#\\\/schema\\\/logo\\\/image\\\/\"},\"sameAs\":[\"https:\\\/\\\/www.facebook.com\\\/groups\\\/8088991261\",\"https:\\\/\\\/www.youtube.com\\\/channel\\\/UCNXE9uAnynPmW8m6xY_k2ig\"]}]}<\/script>\n<!-- \/ Yoast SEO plugin. -->","yoast_head_json":{"title":"\u0411\u0438\u0431\u043b\u0438\u043e\u0442\u0435\u043a\u0430\u0440 - \u041e\u0428 ,,\u041f\u0435\u0442\u0430\u0440 \u041a\u043e\u0447\u0438\u045b&quot;, \u0418\u043d\u0452\u0438\u0458\u0430","robots":{"index":"index","follow":"follow","max-snippet":"max-snippet:-1","max-image-preview":"max-image-preview:large","max-video-preview":"max-video-preview:-1"},"canonical":"https:\/\/ospkocic.edu.rs\/?page_id=150","og_locale":"en_US","og_type":"article","og_title":"\u0411\u0438\u0431\u043b\u0438\u043e\u0442\u0435\u043a\u0430\u0440 - \u041e\u0428 ,,\u041f\u0435\u0442\u0430\u0440 \u041a\u043e\u0447\u0438\u045b&quot;, \u0418\u043d\u0452\u0438\u0458\u0430","og_description":"\u0421\u043c\u0438\u0459\u043a\u0430 \u041c\u0430\u0440\u0458\u0430\u043d\u043e\u0432\u0438\u045b &#8211; \u043f\u0440\u043e\u0444\u0435\u0441\u043e\u0440 \u0440\u0430\u0437\u0440\u0435\u0434\u043d\u0435 \u043d\u0430\u0441\u0442\u0430\u0432\u0435","og_url":"https:\/\/ospkocic.edu.rs\/?page_id=150","og_site_name":"\u041e\u0428 ,,\u041f\u0435\u0442\u0430\u0440 \u041a\u043e\u0447\u0438\u045b&quot;, \u0418\u043d\u0452\u0438\u0458\u0430","article_publisher":"https:\/\/www.facebook.com\/groups\/8088991261","article_modified_time":"2024-01-29T09:45:00+00:00","og_image":[{"url":"https:\/\/ospkocic.edu.rs\/wp-content\/uploads\/2024\/01\/Smiljka-1024x768.jpg","type":"","width":"","height":""}],"twitter_card":"summary_large_image","twitter_misc":{"Est. reading time":"1 minute"},"schema":{"@context":"https:\/\/schema.org","@graph":[{"@type":"WebPage","@id":"https:\/\/ospkocic.edu.rs\/?page_id=150","url":"https:\/\/ospkocic.edu.rs\/?page_id=150","name":"\u0411\u0438\u0431\u043b\u0438\u043e\u0442\u0435\u043a\u0430\u0440 - \u041e\u0428 ,,\u041f\u0435\u0442\u0430\u0440 \u041a\u043e\u0447\u0438\u045b&quot;, \u0418\u043d\u0452\u0438\u0458\u0430","isPartOf":{"@id":"https:\/\/ospkocic.edu.rs\/#website"},"primaryImageOfPage":{"@id":"https:\/\/ospkocic.edu.rs\/?page_id=150#primaryimage"},"image":{"@id":"https:\/\/ospkocic.edu.rs\/?page_id=150#primaryimage"},"thumbnailUrl":"https:\/\/ospkocic.edu.rs\/wp-content\/uploads\/2024\/01\/Smiljka-1024x768.jpg","datePublished":"2018-01-26T14:08:36+00:00","dateModified":"2024-01-29T09:45:00+00:00","breadcrumb":{"@id":"https:\/\/ospkocic.edu.rs\/?page_id=150#breadcrumb"},"inLanguage":"en-US","potentialAction":[{"@type":"ReadAction","target":["https:\/\/ospkocic.edu.rs\/?page_id=150"]}]},{"@type":"ImageObject","inLanguage":"en-US","@id":"https:\/\/ospkocic.edu.rs\/?page_id=150#primaryimage","url":"https:\/\/ospkocic.edu.rs\/wp-content\/uploads\/2024\/01\/Smiljka-scaled.jpg","contentUrl":"https:\/\/ospkocic.edu.rs\/wp-content\/uploads\/2024\/01\/Smiljka-scaled.jpg","width":2560,"height":1920},{"@type":"BreadcrumbList","@id":"https:\/\/ospkocic.edu.rs\/?page_id=150#breadcrumb","itemListElement":[{"@type":"ListItem","position":1,"name":"Home","item":"https:\/\/ospkocic.edu.rs\/"},{"@type":"ListItem","position":2,"name":"\u0411\u0438\u0431\u043b\u0438\u043e\u0442\u0435\u043a\u0430\u0440"}]},{"@type":"WebSite","@id":"https:\/\/ospkocic.edu.rs\/#website","url":"https:\/\/ospkocic.edu.rs\/","name":"\u041e\u0428 ,,\u041f\u0435\u0442\u0430\u0440 \u041a\u043e\u0447\u0438\u045b&quot;, \u0418\u043d\u0452\u0438\u0458\u0430","description":"O\u0160 Petar Ko\u010di\u0107 In\u0111ija","publisher":{"@id":"https:\/\/ospkocic.edu.rs\/#organization"},"potentialAction":[{"@type":"SearchAction","target":{"@type":"EntryPoint","urlTemplate":"https:\/\/ospkocic.edu.rs\/?s={search_term_string}"},"query-input":{"@type":"PropertyValueSpecification","valueRequired":true,"valueName":"search_term_string"}}],"inLanguage":"en-US"},{"@type":"Organization","@id":"https:\/\/ospkocic.edu.rs\/#organization","name":"O\u0160 Petar Ko\u010di\u0107 In\u0111ija","url":"https:\/\/ospkocic.edu.rs\/","logo":{"@type":"ImageObject","inLanguage":"en-US","@id":"https:\/\/ospkocic.edu.rs\/#\/schema\/logo\/image\/","url":"https:\/\/ospkocic.edu.rs\/wp-content\/uploads\/2022\/04\/logo.png","contentUrl":"https:\/\/ospkocic.edu.rs\/wp-content\/uploads\/2022\/04\/logo.png","width":120,"height":160,"caption":"O\u0160 Petar Ko\u010di\u0107 In\u0111ija"},"image":{"@id":"https:\/\/ospkocic.edu.rs\/#\/schema\/logo\/image\/"},"sameAs":["https:\/\/www.facebook.com\/groups\/8088991261","https:\/\/www.youtube.com\/channel\/UCNXE9uAnynPmW8m6xY_k2ig"]}]}},"_links":{"self":[{"href":"https:\/\/ospkocic.edu.rs\/index.php?rest_route=\/wp\/v2\/pages\/150","targetHints":{"allow":["GET"]}}],"collection":[{"href":"https:\/\/ospkocic.edu.rs\/index.php?rest_route=\/wp\/v2\/pages"}],"about":[{"href":"https:\/\/ospkocic.edu.rs\/index.php?rest_route=\/wp\/v2\/types\/page"}],"author":[{"embeddable":true,"href":"https:\/\/ospkocic.edu.rs\/index.php?rest_route=\/wp\/v2\/users\/1"}],"replies":[{"embeddable":true,"href":"https:\/\/ospkocic.edu.rs\/index.php?rest_route=%2Fwp%2Fv2%2Fcomments&post=150"}],"version-history":[{"count":3,"href":"https:\/\/ospkocic.edu.rs\/index.php?rest_route=\/wp\/v2\/pages\/150\/revisions"}],"predecessor-version":[{"id":3121,"href":"https:\/\/ospkocic.edu.rs\/index.php?rest_route=\/wp\/v2\/pages\/150\/revisions\/3121"}],"wp:attachment":[{"href":"https:\/\/ospkocic.edu.rs\/index.php?rest_route=%2Fwp%2Fv2%2Fmedia&parent=150"}],"curies":[{"name":"wp","href":"https:\/\/api.w.org\/{rel}","templated":true}]}}