{"id":1288,"date":"2018-11-17T15:45:12","date_gmt":"2018-11-17T14:45:12","guid":{"rendered":"https:\/\/ospkocic.edu.rs\/?page_id=1288"},"modified":"2018-11-17T15:56:05","modified_gmt":"2018-11-17T14:56:05","slug":"%d1%88%d0%b0%d1%85%d0%be%d0%b2%d1%81%d0%ba%d0%b0-%d1%81%d0%b5%d0%ba%d1%86%d0%b8%d1%98%d0%b0","status":"publish","type":"page","link":"https:\/\/ospkocic.edu.rs\/?page_id=1288","title":{"rendered":"\u0428\u0430\u0445\u043e\u0432\u0441\u043a\u0430 \u0441\u0435\u043a\u0446\u0438\u0458\u0430"},"content":{"rendered":"<p><span style=\"color: #0000ff;\"><strong>\u0428\u0430\u0445\u043e\u0432\u0441\u043a\u0443 \u0441\u0435\u043a\u0446\u0438\u0458\u0443 \u0443 \u0441\u0442\u0430\u0440\u0438\u0458\u0438\u043c \u0440\u0430\u0437\u0440\u0435\u0434\u0438\u043c\u0430 \u0432\u043e\u0434\u0438 \u043d\u0430\u0441\u0442\u0430\u0432\u043d\u0438\u043a \u0410\u043b\u0435\u043a\u0441\u0430\u043d\u0434\u0430\u0440 \u041c\u0430\u043c\u0438\u045b. \u0426\u0438\u0459 \u043e\u0432\u0435 \u0430\u043a\u0442\u0438\u0432\u043d\u043e\u0441\u0442\u0438 \u0458\u0435:<\/strong><\/span><\/p>\n<p><span style=\"color: #3366ff;\">-\u0440\u0430\u0437\u0432\u0438\u0458\u0430\u045a\u0435 \u0438\u043d\u0442\u0435\u0440\u0435\u0441\u043e\u0432\u0430\u045a\u0430 \u0437\u0430 \u0448\u0430\u0445\u043e\u0432\u0441\u043a\u0443 \u0438\u0433\u0440\u0443 \u043a\u043e\u0434 \u0443\u0447\u0435\u043d\u0438\u043a\u0430; <\/span><br \/>\n<span style=\"color: #3366ff;\">&#8211; \u0441\u0442\u0438\u0446\u0430\u045a\u0435 \u0441\u0430\u0437\u043d\u0430\u045a\u0430 \u0434\u0430 \u043f\u0440\u043e\u0446\u0435\u0441 \u0443\u0447\u0435\u045a\u0430 \u0443 \u0448\u043a\u043e\u043b\u0441\u043a\u0438\u043c \u0443\u0441\u043b\u043e\u0432\u0438\u043c\u0430 \u043c\u043e\u0436\u0435 \u0434\u0430 \u0441\u0435 \u0440\u0435\u0430\u043b\u0438\u0437\u0443\u0458\u0435 \u0443 \u0444\u043e\u0440\u043c\u0438 <\/span><br \/>\n<span style=\"color: #3366ff;\">\u0438\u0433\u0440\u0435 (\u0448\u0430\u0445\u0430); <\/span><br \/>\n<span style=\"color: #3366ff;\">&#8211; \u0441\u0442\u0438\u043c\u0443\u043b\u0438\u0441\u0430\u045a\u0435 \u043c\u0430\u0448\u0442\u0435, \u043a\u0440\u0435\u0430\u0442\u0438\u0432\u043d\u043e\u0441\u0442\u0438 \u0438 \u0440\u0430\u0434\u043e\u0437\u043d\u0430\u043b\u043e\u0441\u0442\u0438 \u0442\u043e\u043a\u043e\u043c \u0443\u0447\u0435\u045a\u0430 \u0448\u0430\u0445\u0430; <\/span><br \/>\n<span style=\"color: #3366ff;\">&#8211; \u0441\u0442\u0438\u0446\u0430\u045a\u0435 \u043e\u0441\u043d\u043e\u0432\u043d\u0438\u0445 \u0437\u043d\u0430\u045a\u0430 \u043e \u0448\u0430\u0445\u0443 \u0438 \u0443\u043e\u0447\u0430\u0432\u0430\u045a\u0435 \u0441\u043b\u0438\u0447\u043d\u043e\u0441\u0442\u0438 \u0441\u0430 \u0436\u0438\u0432\u043e\u0442\u043e\u043c; <\/span><br \/>\n<span style=\"color: #3366ff;\">&#8211; \u043e\u0441\u043f\u043e\u0441\u043e\u0431\u0459\u0430\u0432\u0430\u045a\u0435 \u0443\u0447\u0435\u043d\u0438\u043a\u0430 \u0437\u0430 \u043b\u043e\u0433\u0438\u0447\u043a\u043e \u0440\u0430\u0437\u043c\u0438\u0448\u0459\u0430\u045a\u0435 \u0442\u043e\u043a\u043e\u043c \u0443\u0447\u0435\u045a\u0430 \u0448\u0430\u0445\u0430; <\/span><br \/>\n<span style=\"color: #3366ff;\">&#8211; \u0440\u0430\u0437\u0432\u0438\u0458\u0430\u045a\u0435 \u043f\u043e\u0442\u0440\u0435\u0431\u0435 \u0437\u0430 \u0441\u0430\u043c\u043e\u0441\u0442\u0430\u043b\u043d\u0438\u043c \u0434\u043e\u043d\u043e\u0448\u0435\u045a\u0435\u043c \u043e\u0434\u043b\u0443\u043a\u0430 \u043a\u0440\u043e\u0437 \u0438\u0433\u0440\u0430\u045a\u0435 \u0448\u0430\u0445\u0430; <\/span><br \/>\n<span style=\"color: #3366ff;\">&#8211; \u0440\u0430\u0437\u0432\u0438\u0458\u0430\u045a\u0435 \u0441\u0432\u0435\u0441\u0442\u0438 \u043e \u0441\u043e\u043f\u0441\u0442\u0432\u0435\u043d\u043e\u043c \u043d\u0430\u043f\u0440\u0435\u0434\u043e\u0432\u0430\u045a\u0443 \u0438 \u0458\u0430\u0447\u0430\u045a\u0435 \u043c\u043e\u0442\u0438\u0432\u0430\u0446\u0438\u0458\u0435 \u0437\u0430 \u0434\u0430\u0459\u0435 \u0443\u0447\u0435\u045a\u0435 \u0448\u0430\u0445\u0430; <\/span><br \/>\n<span style=\"color: #3366ff;\">&#8211; \u0440\u0430\u0437\u0432\u0438\u0458\u0430\u045a\u0435 \u043d\u0430\u0447\u0435\u043b\u0430 \u0444\u0435\u0440-\u043f\u043b\u0435\u0458\u0430 \u0438 \u0443\u0432\u0430\u0436\u0430\u0432\u0430\u045a\u0430 \u0442\u0443\u0452\u0435\u0433 \u043c\u0438\u0448\u0459\u0435\u045a\u0430.<\/span><\/p>\n<p><span style=\"color: #0000ff;\">\u041f\u0440\u0438\u043b\u0438\u043a\u043e\u043c \u0438\u0437\u0432\u043e\u0452\u0435\u045a\u0430 \u0441\u0435\u043a\u0446\u0438\u0458\u0435 \u0441\u0435 \u043a\u043e\u0440\u0438\u0441\u0442\u0435 \u0441\u0430\u0432\u0440\u0435\u043c\u0435\u043d\u0435 \u043d\u0430\u0441\u0442\u0430\u0432\u043d\u0435 \u043c\u0435\u0442\u043e\u0434\u0435 \u0438 \u0441\u0440\u0435\u0434\u0441\u0442\u0432\u0430 \u0443 \u0432\u0438\u0434\u0443 \u0432\u0438\u0434\u0435\u043e \u043f\u0440\u0435\u0437\u0435\u043d\u0442\u0430\u0446\u0438\u0458\u0430, \u0441\u0438\u043c\u0443\u043b\u0430\u0446\u0438\u0458\u0430, \u0440\u0430\u0447\u0443\u043d\u0430\u0440\u0430, \u043e\u043d\u043b\u0430\u0458\u043d \u0430\u043f\u043b\u0438\u043a\u0430\u0446\u0438\u0458\u0430 \u0438 \u0441\u043b.\u00a0<\/span><\/p>\n<p style=\"text-align: center;\"><div id=\"metaslider-id-1297\" style=\"max-width: 700px; margin: 0 auto;\" class=\"ml-slider-3-108-0 metaslider metaslider-flex metaslider-1297 ml-slider has-dots-nav ms-theme-default\" role=\"region\" aria-label=\"\u0428\u0430\u0445\" data-height=\"300\" data-width=\"700\">\n    <div id=\"metaslider_container_1297\">\n        <div id=\"metaslider_1297\">\n            <ul class='slides'>\n                <li style=\"display: block; width: 100%;\" class=\"slide-1298 ms-image \" aria-roledescription=\"slide\" data-date=\"2018-11-17 15:49:07\" data-filename=\"3d_blender_cycles_chess_set_by_pyrodragoness-d5j901i.png\" data-slide-type=\"image\"><img loading=\"lazy\" decoding=\"async\" width=\"900\" height=\"506\" src=\"https:\/\/ospkocic.edu.rs\/wp-content\/uploads\/2018\/11\/3d_blender_cycles_chess_set_by_pyrodragoness-d5j901i.png\" class=\"slider-1297 slide-1298 msDefaultImage\" alt=\"\" rel=\"\" title=\"\" srcset=\"https:\/\/ospkocic.edu.rs\/wp-content\/uploads\/2018\/11\/3d_blender_cycles_chess_set_by_pyrodragoness-d5j901i.png 900w, https:\/\/ospkocic.edu.rs\/wp-content\/uploads\/2018\/11\/3d_blender_cycles_chess_set_by_pyrodragoness-d5j901i-300x169.png 300w, https:\/\/ospkocic.edu.rs\/wp-content\/uploads\/2018\/11\/3d_blender_cycles_chess_set_by_pyrodragoness-d5j901i-768x432.png 768w, https:\/\/ospkocic.edu.rs\/wp-content\/uploads\/2018\/11\/3d_blender_cycles_chess_set_by_pyrodragoness-d5j901i-360x202.png 360w\" sizes=\"auto, (max-width: 900px) 100vw, 900px\" \/><\/li>\n                <li style=\"display: none; width: 100%;\" class=\"slide-1299 ms-image \" aria-roledescription=\"slide\" data-date=\"2018-11-17 15:49:07\" data-filename=\"Checkmate-in-Chess.jpg\" data-slide-type=\"image\"><img loading=\"lazy\" decoding=\"async\" width=\"1200\" height=\"630\" src=\"https:\/\/ospkocic.edu.rs\/wp-content\/uploads\/2018\/11\/Checkmate-in-Chess.jpg\" class=\"slider-1297 slide-1299 msDefaultImage\" alt=\"\" rel=\"\" title=\"\" srcset=\"https:\/\/ospkocic.edu.rs\/wp-content\/uploads\/2018\/11\/Checkmate-in-Chess.jpg 1200w, https:\/\/ospkocic.edu.rs\/wp-content\/uploads\/2018\/11\/Checkmate-in-Chess-300x158.jpg 300w, https:\/\/ospkocic.edu.rs\/wp-content\/uploads\/2018\/11\/Checkmate-in-Chess-768x403.jpg 768w, https:\/\/ospkocic.edu.rs\/wp-content\/uploads\/2018\/11\/Checkmate-in-Chess-1024x538.jpg 1024w, https:\/\/ospkocic.edu.rs\/wp-content\/uploads\/2018\/11\/Checkmate-in-Chess-360x189.jpg 360w\" sizes=\"auto, (max-width: 1200px) 100vw, 1200px\" \/><\/li>\n                <li style=\"display: none; width: 100%;\" class=\"slide-1300 ms-image \" aria-roledescription=\"slide\" data-date=\"2018-11-17 15:49:08\" data-filename=\"Marble-Chess-Set.jpg\" data-slide-type=\"image\"><img loading=\"lazy\" decoding=\"async\" width=\"705\" height=\"509\" src=\"https:\/\/ospkocic.edu.rs\/wp-content\/uploads\/2018\/11\/Marble-Chess-Set.jpg\" class=\"slider-1297 slide-1300 msDefaultImage\" alt=\"\" rel=\"\" title=\"\" srcset=\"https:\/\/ospkocic.edu.rs\/wp-content\/uploads\/2018\/11\/Marble-Chess-Set.jpg 705w, https:\/\/ospkocic.edu.rs\/wp-content\/uploads\/2018\/11\/Marble-Chess-Set-300x217.jpg 300w, https:\/\/ospkocic.edu.rs\/wp-content\/uploads\/2018\/11\/Marble-Chess-Set-360x260.jpg 360w\" sizes=\"auto, (max-width: 705px) 100vw, 705px\" \/><\/li>\n                <li style=\"display: none; width: 100%;\" class=\"slide-1301 ms-image \" aria-roledescription=\"slide\" data-date=\"2018-11-17 15:49:08\" data-filename=\"ps_sets_battle_of_waterloo_chess_set_walnut_board_british_zoom_1200x660__46505.1431453461.1280.1280.jpg\" data-slide-type=\"image\"><img loading=\"lazy\" decoding=\"async\" width=\"1200\" height=\"660\" src=\"https:\/\/ospkocic.edu.rs\/wp-content\/uploads\/2018\/11\/ps_sets_battle_of_waterloo_chess_set_walnut_board_british_zoom_1200x660__46505.1431453461.1280.1280.jpg\" class=\"slider-1297 slide-1301 msDefaultImage\" alt=\"\" rel=\"\" title=\"\" srcset=\"https:\/\/ospkocic.edu.rs\/wp-content\/uploads\/2018\/11\/ps_sets_battle_of_waterloo_chess_set_walnut_board_british_zoom_1200x660__46505.1431453461.1280.1280.jpg 1200w, https:\/\/ospkocic.edu.rs\/wp-content\/uploads\/2018\/11\/ps_sets_battle_of_waterloo_chess_set_walnut_board_british_zoom_1200x660__46505.1431453461.1280.1280-300x165.jpg 300w, https:\/\/ospkocic.edu.rs\/wp-content\/uploads\/2018\/11\/ps_sets_battle_of_waterloo_chess_set_walnut_board_british_zoom_1200x660__46505.1431453461.1280.1280-768x422.jpg 768w, https:\/\/ospkocic.edu.rs\/wp-content\/uploads\/2018\/11\/ps_sets_battle_of_waterloo_chess_set_walnut_board_british_zoom_1200x660__46505.1431453461.1280.1280-1024x563.jpg 1024w, https:\/\/ospkocic.edu.rs\/wp-content\/uploads\/2018\/11\/ps_sets_battle_of_waterloo_chess_set_walnut_board_british_zoom_1200x660__46505.1431453461.1280.1280-360x198.jpg 360w\" sizes=\"auto, (max-width: 1200px) 100vw, 1200px\" \/><\/li>\n                <li style=\"display: none; width: 100%;\" class=\"slide-1341 ms-image \" aria-roledescription=\"slide\" data-date=\"2018-12-07 20:18:12\" data-filename=\"IMG_20181207_121209.jpg\" data-slide-type=\"image\"><img loading=\"lazy\" decoding=\"async\" width=\"3264\" height=\"2448\" src=\"https:\/\/ospkocic.edu.rs\/wp-content\/uploads\/2018\/12\/IMG_20181207_121209.jpg\" class=\"slider-1297 slide-1341 msDefaultImage\" alt=\"\" rel=\"\" title=\"IMG_20181207_121209\" srcset=\"https:\/\/ospkocic.edu.rs\/wp-content\/uploads\/2018\/12\/IMG_20181207_121209.jpg 3264w, https:\/\/ospkocic.edu.rs\/wp-content\/uploads\/2018\/12\/IMG_20181207_121209-300x225.jpg 300w, https:\/\/ospkocic.edu.rs\/wp-content\/uploads\/2018\/12\/IMG_20181207_121209-768x576.jpg 768w, https:\/\/ospkocic.edu.rs\/wp-content\/uploads\/2018\/12\/IMG_20181207_121209-1024x768.jpg 1024w, https:\/\/ospkocic.edu.rs\/wp-content\/uploads\/2018\/12\/IMG_20181207_121209-360x270.jpg 360w\" sizes=\"auto, (max-width: 3264px) 100vw, 3264px\" \/><\/li>\n                <li style=\"display: none; width: 100%;\" class=\"slide-1342 ms-image \" aria-roledescription=\"slide\" data-date=\"2018-12-07 20:18:12\" data-filename=\"IMG_20181207_121215.jpg\" data-slide-type=\"image\"><img loading=\"lazy\" decoding=\"async\" width=\"3264\" height=\"2448\" src=\"https:\/\/ospkocic.edu.rs\/wp-content\/uploads\/2018\/12\/IMG_20181207_121215.jpg\" class=\"slider-1297 slide-1342 msDefaultImage\" alt=\"\" rel=\"\" title=\"IMG_20181207_121215\" srcset=\"https:\/\/ospkocic.edu.rs\/wp-content\/uploads\/2018\/12\/IMG_20181207_121215.jpg 3264w, https:\/\/ospkocic.edu.rs\/wp-content\/uploads\/2018\/12\/IMG_20181207_121215-300x225.jpg 300w, https:\/\/ospkocic.edu.rs\/wp-content\/uploads\/2018\/12\/IMG_20181207_121215-768x576.jpg 768w, https:\/\/ospkocic.edu.rs\/wp-content\/uploads\/2018\/12\/IMG_20181207_121215-1024x768.jpg 1024w, https:\/\/ospkocic.edu.rs\/wp-content\/uploads\/2018\/12\/IMG_20181207_121215-360x270.jpg 360w\" sizes=\"auto, (max-width: 3264px) 100vw, 3264px\" \/><\/li>\n                <li style=\"display: none; width: 100%;\" class=\"slide-1343 ms-image \" aria-roledescription=\"slide\" data-date=\"2018-12-07 20:18:12\" data-filename=\"IMG_20181207_121511.jpg\" data-slide-type=\"image\"><img loading=\"lazy\" decoding=\"async\" width=\"3264\" height=\"2448\" src=\"https:\/\/ospkocic.edu.rs\/wp-content\/uploads\/2018\/12\/IMG_20181207_121511.jpg\" class=\"slider-1297 slide-1343 msDefaultImage\" alt=\"\" rel=\"\" title=\"IMG_20181207_121511\" srcset=\"https:\/\/ospkocic.edu.rs\/wp-content\/uploads\/2018\/12\/IMG_20181207_121511.jpg 3264w, https:\/\/ospkocic.edu.rs\/wp-content\/uploads\/2018\/12\/IMG_20181207_121511-300x225.jpg 300w, https:\/\/ospkocic.edu.rs\/wp-content\/uploads\/2018\/12\/IMG_20181207_121511-768x576.jpg 768w, https:\/\/ospkocic.edu.rs\/wp-content\/uploads\/2018\/12\/IMG_20181207_121511-1024x768.jpg 1024w, https:\/\/ospkocic.edu.rs\/wp-content\/uploads\/2018\/12\/IMG_20181207_121511-360x270.jpg 360w\" sizes=\"auto, (max-width: 3264px) 100vw, 3264px\" \/><\/li>\n            <\/ul>\n        <\/div>\n        \n    <\/div>\n<\/div><\/p>\n","protected":false},"excerpt":{"rendered":"<p>\u0428\u0430\u0445\u043e\u0432\u0441\u043a\u0443 \u0441\u0435\u043a\u0446\u0438\u0458\u0443 \u0443 \u0441\u0442\u0430\u0440\u0438\u0458\u0438\u043c \u0440\u0430\u0437\u0440\u0435\u0434\u0438\u043c\u0430 \u0432\u043e\u0434\u0438 \u043d\u0430\u0441\u0442\u0430\u0432\u043d\u0438\u043a \u0410\u043b\u0435\u043a\u0441\u0430\u043d\u0434\u0430\u0440 \u041c\u0430\u043c\u0438\u045b. \u0426\u0438\u0459 \u043e\u0432\u0435 \u0430\u043a\u0442\u0438\u0432\u043d\u043e\u0441\u0442\u0438 \u0458\u0435: -\u0440\u0430\u0437\u0432\u0438\u0458\u0430\u045a\u0435 \u0438\u043d\u0442\u0435\u0440\u0435\u0441\u043e\u0432\u0430\u045a\u0430 \u0437\u0430 \u0448\u0430\u0445\u043e\u0432\u0441\u043a\u0443 \u0438\u0433\u0440\u0443 \u043a\u043e\u0434 \u0443\u0447\u0435\u043d\u0438\u043a\u0430; &#8211; \u0441\u0442\u0438\u0446\u0430\u045a\u0435 \u0441\u0430\u0437\u043d\u0430\u045a\u0430 \u0434\u0430 \u043f\u0440\u043e\u0446\u0435\u0441 \u0443\u0447\u0435\u045a\u0430 \u0443 \u0448\u043a\u043e\u043b\u0441\u043a\u0438\u043c \u0443\u0441\u043b\u043e\u0432\u0438\u043c\u0430 \u043c\u043e\u0436\u0435 \u0434\u0430 \u0441\u0435 \u0440\u0435\u0430\u043b\u0438\u0437\u0443\u0458\u0435 \u0443 \u0444\u043e\u0440\u043c\u0438 \u0438\u0433\u0440\u0435 (\u0448\u0430\u0445\u0430); &#8211; \u0441\u0442\u0438\u043c\u0443\u043b\u0438\u0441\u0430\u045a\u0435 \u043c\u0430\u0448\u0442\u0435, <a href=\"https:\/\/ospkocic.edu.rs\/?page_id=1288\" class=\"read-more\">Read More &#8230;<\/a><\/p>\n","protected":false},"author":1,"featured_media":0,"parent":0,"menu_order":0,"comment_status":"closed","ping_status":"closed","template":"","meta":{"footnotes":"","beyondwords_generate_audio":"","beyondwords_integration_method":"","beyondwords_project_id":"","beyondwords_content_id":"","beyondwords_preview_token":"","beyondwords_player_content":"","beyondwords_player_style":"","beyondwords_language_code":"","beyondwords_language_id":"","beyondwords_title_voice_id":"","beyondwords_body_voice_id":"","beyondwords_summary_voice_id":"","beyondwords_error_message":"","beyondwords_disabled":"","beyondwords_delete_content":"","beyondwords_podcast_id":"","beyondwords_hash":"","publish_post_to_speechkit":"","speechkit_hash":"","speechkit_generate_audio":"","speechkit_project_id":"","speechkit_podcast_id":"","speechkit_error_message":"","speechkit_disabled":"","speechkit_access_key":"","speechkit_error":"","speechkit_info":"","speechkit_response":"","speechkit_retries":"","speechkit_status":"","speechkit_updated_at":"","_speechkit_link":"","_speechkit_text":""},"class_list":["post-1288","page","type-page","status-publish","hentry"],"yoast_head":"<!-- This site is optimized with the Yoast SEO plugin v27.4 - https:\/\/yoast.com\/product\/yoast-seo-wordpress\/ -->\n<title>\u0428\u0430\u0445\u043e\u0432\u0441\u043a\u0430 \u0441\u0435\u043a\u0446\u0438\u0458\u0430 - \u041e\u0428 ,,\u041f\u0435\u0442\u0430\u0440 \u041a\u043e\u0447\u0438\u045b&quot;, \u0418\u043d\u0452\u0438\u0458\u0430<\/title>\n<meta name=\"robots\" content=\"index, follow, max-snippet:-1, max-image-preview:large, max-video-preview:-1\" \/>\n<link rel=\"canonical\" href=\"https:\/\/ospkocic.edu.rs\/?page_id=1288\" \/>\n<meta property=\"og:locale\" content=\"en_US\" \/>\n<meta property=\"og:type\" content=\"article\" \/>\n<meta property=\"og:title\" content=\"\u0428\u0430\u0445\u043e\u0432\u0441\u043a\u0430 \u0441\u0435\u043a\u0446\u0438\u0458\u0430 - \u041e\u0428 ,,\u041f\u0435\u0442\u0430\u0440 \u041a\u043e\u0447\u0438\u045b&quot;, \u0418\u043d\u0452\u0438\u0458\u0430\" \/>\n<meta property=\"og:description\" content=\"\u0428\u0430\u0445\u043e\u0432\u0441\u043a\u0443 \u0441\u0435\u043a\u0446\u0438\u0458\u0443 \u0443 \u0441\u0442\u0430\u0440\u0438\u0458\u0438\u043c \u0440\u0430\u0437\u0440\u0435\u0434\u0438\u043c\u0430 \u0432\u043e\u0434\u0438 \u043d\u0430\u0441\u0442\u0430\u0432\u043d\u0438\u043a \u0410\u043b\u0435\u043a\u0441\u0430\u043d\u0434\u0430\u0440 \u041c\u0430\u043c\u0438\u045b. \u0426\u0438\u0459 \u043e\u0432\u0435 \u0430\u043a\u0442\u0438\u0432\u043d\u043e\u0441\u0442\u0438 \u0458\u0435: -\u0440\u0430\u0437\u0432\u0438\u0458\u0430\u045a\u0435 \u0438\u043d\u0442\u0435\u0440\u0435\u0441\u043e\u0432\u0430\u045a\u0430 \u0437\u0430 \u0448\u0430\u0445\u043e\u0432\u0441\u043a\u0443 \u0438\u0433\u0440\u0443 \u043a\u043e\u0434 \u0443\u0447\u0435\u043d\u0438\u043a\u0430; &#8211; \u0441\u0442\u0438\u0446\u0430\u045a\u0435 \u0441\u0430\u0437\u043d\u0430\u045a\u0430 \u0434\u0430 \u043f\u0440\u043e\u0446\u0435\u0441 \u0443\u0447\u0435\u045a\u0430 \u0443 \u0448\u043a\u043e\u043b\u0441\u043a\u0438\u043c \u0443\u0441\u043b\u043e\u0432\u0438\u043c\u0430 \u043c\u043e\u0436\u0435 \u0434\u0430 \u0441\u0435 \u0440\u0435\u0430\u043b\u0438\u0437\u0443\u0458\u0435 \u0443 \u0444\u043e\u0440\u043c\u0438 \u0438\u0433\u0440\u0435 (\u0448\u0430\u0445\u0430); &#8211; \u0441\u0442\u0438\u043c\u0443\u043b\u0438\u0441\u0430\u045a\u0435 \u043c\u0430\u0448\u0442\u0435, Read More ...\" \/>\n<meta property=\"og:url\" content=\"https:\/\/ospkocic.edu.rs\/?page_id=1288\" \/>\n<meta property=\"og:site_name\" content=\"\u041e\u0428 ,,\u041f\u0435\u0442\u0430\u0440 \u041a\u043e\u0447\u0438\u045b&quot;, \u0418\u043d\u0452\u0438\u0458\u0430\" \/>\n<meta property=\"article:publisher\" content=\"https:\/\/www.facebook.com\/groups\/8088991261\" \/>\n<meta property=\"article:modified_time\" content=\"2018-11-17T14:56:05+00:00\" \/>\n<meta name=\"twitter:card\" content=\"summary_large_image\" \/>\n<script type=\"application\/ld+json\" class=\"yoast-schema-graph\">{\"@context\":\"https:\\\/\\\/schema.org\",\"@graph\":[{\"@type\":\"WebPage\",\"@id\":\"https:\\\/\\\/ospkocic.edu.rs\\\/?page_id=1288\",\"url\":\"https:\\\/\\\/ospkocic.edu.rs\\\/?page_id=1288\",\"name\":\"\u0428\u0430\u0445\u043e\u0432\u0441\u043a\u0430 \u0441\u0435\u043a\u0446\u0438\u0458\u0430 - \u041e\u0428 ,,\u041f\u0435\u0442\u0430\u0440 \u041a\u043e\u0447\u0438\u045b&quot;, \u0418\u043d\u0452\u0438\u0458\u0430\",\"isPartOf\":{\"@id\":\"https:\\\/\\\/ospkocic.edu.rs\\\/#website\"},\"datePublished\":\"2018-11-17T14:45:12+00:00\",\"dateModified\":\"2018-11-17T14:56:05+00:00\",\"breadcrumb\":{\"@id\":\"https:\\\/\\\/ospkocic.edu.rs\\\/?page_id=1288#breadcrumb\"},\"inLanguage\":\"en-US\",\"potentialAction\":[{\"@type\":\"ReadAction\",\"target\":[\"https:\\\/\\\/ospkocic.edu.rs\\\/?page_id=1288\"]}]},{\"@type\":\"BreadcrumbList\",\"@id\":\"https:\\\/\\\/ospkocic.edu.rs\\\/?page_id=1288#breadcrumb\",\"itemListElement\":[{\"@type\":\"ListItem\",\"position\":1,\"name\":\"Home\",\"item\":\"https:\\\/\\\/ospkocic.edu.rs\\\/\"},{\"@type\":\"ListItem\",\"position\":2,\"name\":\"\u0428\u0430\u0445\u043e\u0432\u0441\u043a\u0430 \u0441\u0435\u043a\u0446\u0438\u0458\u0430\"}]},{\"@type\":\"WebSite\",\"@id\":\"https:\\\/\\\/ospkocic.edu.rs\\\/#website\",\"url\":\"https:\\\/\\\/ospkocic.edu.rs\\\/\",\"name\":\"\u041e\u0428 ,,\u041f\u0435\u0442\u0430\u0440 \u041a\u043e\u0447\u0438\u045b&quot;, \u0418\u043d\u0452\u0438\u0458\u0430\",\"description\":\"O\u0160 Petar Ko\u010di\u0107 In\u0111ija\",\"publisher\":{\"@id\":\"https:\\\/\\\/ospkocic.edu.rs\\\/#organization\"},\"potentialAction\":[{\"@type\":\"SearchAction\",\"target\":{\"@type\":\"EntryPoint\",\"urlTemplate\":\"https:\\\/\\\/ospkocic.edu.rs\\\/?s={search_term_string}\"},\"query-input\":{\"@type\":\"PropertyValueSpecification\",\"valueRequired\":true,\"valueName\":\"search_term_string\"}}],\"inLanguage\":\"en-US\"},{\"@type\":\"Organization\",\"@id\":\"https:\\\/\\\/ospkocic.edu.rs\\\/#organization\",\"name\":\"O\u0160 Petar Ko\u010di\u0107 In\u0111ija\",\"url\":\"https:\\\/\\\/ospkocic.edu.rs\\\/\",\"logo\":{\"@type\":\"ImageObject\",\"inLanguage\":\"en-US\",\"@id\":\"https:\\\/\\\/ospkocic.edu.rs\\\/#\\\/schema\\\/logo\\\/image\\\/\",\"url\":\"https:\\\/\\\/ospkocic.edu.rs\\\/wp-content\\\/uploads\\\/2022\\\/04\\\/logo.png\",\"contentUrl\":\"https:\\\/\\\/ospkocic.edu.rs\\\/wp-content\\\/uploads\\\/2022\\\/04\\\/logo.png\",\"width\":120,\"height\":160,\"caption\":\"O\u0160 Petar Ko\u010di\u0107 In\u0111ija\"},\"image\":{\"@id\":\"https:\\\/\\\/ospkocic.edu.rs\\\/#\\\/schema\\\/logo\\\/image\\\/\"},\"sameAs\":[\"https:\\\/\\\/www.facebook.com\\\/groups\\\/8088991261\",\"https:\\\/\\\/www.youtube.com\\\/channel\\\/UCNXE9uAnynPmW8m6xY_k2ig\"]}]}<\/script>\n<!-- \/ Yoast SEO plugin. -->","yoast_head_json":{"title":"\u0428\u0430\u0445\u043e\u0432\u0441\u043a\u0430 \u0441\u0435\u043a\u0446\u0438\u0458\u0430 - \u041e\u0428 ,,\u041f\u0435\u0442\u0430\u0440 \u041a\u043e\u0447\u0438\u045b&quot;, \u0418\u043d\u0452\u0438\u0458\u0430","robots":{"index":"index","follow":"follow","max-snippet":"max-snippet:-1","max-image-preview":"max-image-preview:large","max-video-preview":"max-video-preview:-1"},"canonical":"https:\/\/ospkocic.edu.rs\/?page_id=1288","og_locale":"en_US","og_type":"article","og_title":"\u0428\u0430\u0445\u043e\u0432\u0441\u043a\u0430 \u0441\u0435\u043a\u0446\u0438\u0458\u0430 - \u041e\u0428 ,,\u041f\u0435\u0442\u0430\u0440 \u041a\u043e\u0447\u0438\u045b&quot;, \u0418\u043d\u0452\u0438\u0458\u0430","og_description":"\u0428\u0430\u0445\u043e\u0432\u0441\u043a\u0443 \u0441\u0435\u043a\u0446\u0438\u0458\u0443 \u0443 \u0441\u0442\u0430\u0440\u0438\u0458\u0438\u043c \u0440\u0430\u0437\u0440\u0435\u0434\u0438\u043c\u0430 \u0432\u043e\u0434\u0438 \u043d\u0430\u0441\u0442\u0430\u0432\u043d\u0438\u043a \u0410\u043b\u0435\u043a\u0441\u0430\u043d\u0434\u0430\u0440 \u041c\u0430\u043c\u0438\u045b. \u0426\u0438\u0459 \u043e\u0432\u0435 \u0430\u043a\u0442\u0438\u0432\u043d\u043e\u0441\u0442\u0438 \u0458\u0435: -\u0440\u0430\u0437\u0432\u0438\u0458\u0430\u045a\u0435 \u0438\u043d\u0442\u0435\u0440\u0435\u0441\u043e\u0432\u0430\u045a\u0430 \u0437\u0430 \u0448\u0430\u0445\u043e\u0432\u0441\u043a\u0443 \u0438\u0433\u0440\u0443 \u043a\u043e\u0434 \u0443\u0447\u0435\u043d\u0438\u043a\u0430; &#8211; \u0441\u0442\u0438\u0446\u0430\u045a\u0435 \u0441\u0430\u0437\u043d\u0430\u045a\u0430 \u0434\u0430 \u043f\u0440\u043e\u0446\u0435\u0441 \u0443\u0447\u0435\u045a\u0430 \u0443 \u0448\u043a\u043e\u043b\u0441\u043a\u0438\u043c \u0443\u0441\u043b\u043e\u0432\u0438\u043c\u0430 \u043c\u043e\u0436\u0435 \u0434\u0430 \u0441\u0435 \u0440\u0435\u0430\u043b\u0438\u0437\u0443\u0458\u0435 \u0443 \u0444\u043e\u0440\u043c\u0438 \u0438\u0433\u0440\u0435 (\u0448\u0430\u0445\u0430); &#8211; \u0441\u0442\u0438\u043c\u0443\u043b\u0438\u0441\u0430\u045a\u0435 \u043c\u0430\u0448\u0442\u0435, Read More ...","og_url":"https:\/\/ospkocic.edu.rs\/?page_id=1288","og_site_name":"\u041e\u0428 ,,\u041f\u0435\u0442\u0430\u0440 \u041a\u043e\u0447\u0438\u045b&quot;, \u0418\u043d\u0452\u0438\u0458\u0430","article_publisher":"https:\/\/www.facebook.com\/groups\/8088991261","article_modified_time":"2018-11-17T14:56:05+00:00","twitter_card":"summary_large_image","schema":{"@context":"https:\/\/schema.org","@graph":[{"@type":"WebPage","@id":"https:\/\/ospkocic.edu.rs\/?page_id=1288","url":"https:\/\/ospkocic.edu.rs\/?page_id=1288","name":"\u0428\u0430\u0445\u043e\u0432\u0441\u043a\u0430 \u0441\u0435\u043a\u0446\u0438\u0458\u0430 - \u041e\u0428 ,,\u041f\u0435\u0442\u0430\u0440 \u041a\u043e\u0447\u0438\u045b&quot;, \u0418\u043d\u0452\u0438\u0458\u0430","isPartOf":{"@id":"https:\/\/ospkocic.edu.rs\/#website"},"datePublished":"2018-11-17T14:45:12+00:00","dateModified":"2018-11-17T14:56:05+00:00","breadcrumb":{"@id":"https:\/\/ospkocic.edu.rs\/?page_id=1288#breadcrumb"},"inLanguage":"en-US","potentialAction":[{"@type":"ReadAction","target":["https:\/\/ospkocic.edu.rs\/?page_id=1288"]}]},{"@type":"BreadcrumbList","@id":"https:\/\/ospkocic.edu.rs\/?page_id=1288#breadcrumb","itemListElement":[{"@type":"ListItem","position":1,"name":"Home","item":"https:\/\/ospkocic.edu.rs\/"},{"@type":"ListItem","position":2,"name":"\u0428\u0430\u0445\u043e\u0432\u0441\u043a\u0430 \u0441\u0435\u043a\u0446\u0438\u0458\u0430"}]},{"@type":"WebSite","@id":"https:\/\/ospkocic.edu.rs\/#website","url":"https:\/\/ospkocic.edu.rs\/","name":"\u041e\u0428 ,,\u041f\u0435\u0442\u0430\u0440 \u041a\u043e\u0447\u0438\u045b&quot;, \u0418\u043d\u0452\u0438\u0458\u0430","description":"O\u0160 Petar Ko\u010di\u0107 In\u0111ija","publisher":{"@id":"https:\/\/ospkocic.edu.rs\/#organization"},"potentialAction":[{"@type":"SearchAction","target":{"@type":"EntryPoint","urlTemplate":"https:\/\/ospkocic.edu.rs\/?s={search_term_string}"},"query-input":{"@type":"PropertyValueSpecification","valueRequired":true,"valueName":"search_term_string"}}],"inLanguage":"en-US"},{"@type":"Organization","@id":"https:\/\/ospkocic.edu.rs\/#organization","name":"O\u0160 Petar Ko\u010di\u0107 In\u0111ija","url":"https:\/\/ospkocic.edu.rs\/","logo":{"@type":"ImageObject","inLanguage":"en-US","@id":"https:\/\/ospkocic.edu.rs\/#\/schema\/logo\/image\/","url":"https:\/\/ospkocic.edu.rs\/wp-content\/uploads\/2022\/04\/logo.png","contentUrl":"https:\/\/ospkocic.edu.rs\/wp-content\/uploads\/2022\/04\/logo.png","width":120,"height":160,"caption":"O\u0160 Petar Ko\u010di\u0107 In\u0111ija"},"image":{"@id":"https:\/\/ospkocic.edu.rs\/#\/schema\/logo\/image\/"},"sameAs":["https:\/\/www.facebook.com\/groups\/8088991261","https:\/\/www.youtube.com\/channel\/UCNXE9uAnynPmW8m6xY_k2ig"]}]}},"_links":{"self":[{"href":"https:\/\/ospkocic.edu.rs\/index.php?rest_route=\/wp\/v2\/pages\/1288","targetHints":{"allow":["GET"]}}],"collection":[{"href":"https:\/\/ospkocic.edu.rs\/index.php?rest_route=\/wp\/v2\/pages"}],"about":[{"href":"https:\/\/ospkocic.edu.rs\/index.php?rest_route=\/wp\/v2\/types\/page"}],"author":[{"embeddable":true,"href":"https:\/\/ospkocic.edu.rs\/index.php?rest_route=\/wp\/v2\/users\/1"}],"replies":[{"embeddable":true,"href":"https:\/\/ospkocic.edu.rs\/index.php?rest_route=%2Fwp%2Fv2%2Fcomments&post=1288"}],"version-history":[{"count":5,"href":"https:\/\/ospkocic.edu.rs\/index.php?rest_route=\/wp\/v2\/pages\/1288\/revisions"}],"predecessor-version":[{"id":1305,"href":"https:\/\/ospkocic.edu.rs\/index.php?rest_route=\/wp\/v2\/pages\/1288\/revisions\/1305"}],"wp:attachment":[{"href":"https:\/\/ospkocic.edu.rs\/index.php?rest_route=%2Fwp%2Fv2%2Fmedia&parent=1288"}],"curies":[{"name":"wp","href":"https:\/\/api.w.org\/{rel}","templated":true}]}}